{"id":909,"date":"2018-09-04T19:38:16","date_gmt":"2018-09-04T22:38:16","guid":{"rendered":"http:\/\/limagesrl.com.ar\/?post_type=product&#038;p=909"},"modified":"2018-10-08T11:02:44","modified_gmt":"2018-10-08T14:02:44","slug":"r420u-r421-r460st","status":"publish","type":"product","link":"https:\/\/limage.com.py\/index.php\/producto\/r420u-r421-r460st\/","title":{"rendered":"R420U"},"content":{"rendered":"","protected":false},"excerpt":{"rendered":"<p>Material termopl\u00e1stico perforado de calentamiento r\u00e1pido y le da tiempo suficiente para moldear las \u00e1reas importantes de manera precisa. Marcos desechables, f\u00e1ciles de usar y muy duraderos. Para la utilizaci\u00f3n en el tratamiento de Radioterapia.<\/p>\n","protected":false},"featured_media":1163,"comment_status":"closed","ping_status":"closed","template":"","meta":[],"yoast_head":"<!-- This site is optimized with the Yoast SEO plugin v19.1 - https:\/\/yoast.com\/wordpress\/plugins\/seo\/ -->\n<title>R420U ~ Limage S.R.L<\/title>\n<meta name=\"robots\" content=\"index, follow, max-snippet:-1, max-image-preview:large, max-video-preview:-1\" \/>\n<link rel=\"canonical\" href=\"https:\/\/limage.com.py\/index.php\/producto\/r420u-r421-r460st\/\" \/>\n<meta property=\"og:locale\" content=\"es_ES\" \/>\n<meta property=\"og:type\" content=\"article\" \/>\n<meta property=\"og:title\" content=\"R420U ~ Limage S.R.L\" \/>\n<meta property=\"og:description\" content=\"Material termopl\u00e1stico perforado de calentamiento r\u00e1pido y le da tiempo suficiente para moldear las \u00e1reas importantes de manera precisa. Marcos desechables, f\u00e1ciles de usar y muy duraderos. Para la utilizaci\u00f3n en el tratamiento de Radioterapia.\" \/>\n<meta property=\"og:url\" content=\"https:\/\/limage.com.py\/index.php\/producto\/r420u-r421-r460st\/\" \/>\n<meta property=\"og:site_name\" content=\"Limage S.R.L\" \/>\n<meta property=\"article:modified_time\" content=\"2018-10-08T14:02:44+00:00\" \/>\n<meta property=\"og:image\" content=\"https:\/\/limage.com.py\/wp-content\/uploads\/2018\/09\/image007_0001_image006.jpg\" \/>\n\t<meta property=\"og:image:width\" content=\"324\" \/>\n\t<meta property=\"og:image:height\" content=\"331\" \/>\n\t<meta property=\"og:image:type\" content=\"image\/jpeg\" \/>\n<meta name=\"twitter:card\" content=\"summary_large_image\" \/>\n<script type=\"application\/ld+json\" class=\"yoast-schema-graph\">{\"@context\":\"https:\/\/schema.org\",\"@graph\":[{\"@type\":\"WebSite\",\"@id\":\"http:\/\/limage.com.py\/#website\",\"url\":\"http:\/\/limage.com.py\/\",\"name\":\"Limage S.R.L\",\"description\":\"Tecnologia Medica\",\"potentialAction\":[{\"@type\":\"SearchAction\",\"target\":{\"@type\":\"EntryPoint\",\"urlTemplate\":\"http:\/\/limage.com.py\/?s={search_term_string}\"},\"query-input\":\"required name=search_term_string\"}],\"inLanguage\":\"es-AR\"},{\"@type\":\"ImageObject\",\"inLanguage\":\"es-AR\",\"@id\":\"https:\/\/limage.com.py\/index.php\/producto\/r420u-r421-r460st\/#primaryimage\",\"url\":\"https:\/\/limage.com.py\/wp-content\/uploads\/2018\/09\/image007_0001_image006.jpg\",\"contentUrl\":\"https:\/\/limage.com.py\/wp-content\/uploads\/2018\/09\/image007_0001_image006.jpg\",\"width\":324,\"height\":331},{\"@type\":\"WebPage\",\"@id\":\"https:\/\/limage.com.py\/index.php\/producto\/r420u-r421-r460st\/#webpage\",\"url\":\"https:\/\/limage.com.py\/index.php\/producto\/r420u-r421-r460st\/\",\"name\":\"R420U ~ Limage S.R.L\",\"isPartOf\":{\"@id\":\"http:\/\/limage.com.py\/#website\"},\"primaryImageOfPage\":{\"@id\":\"https:\/\/limage.com.py\/index.php\/producto\/r420u-r421-r460st\/#primaryimage\"},\"datePublished\":\"2018-09-04T22:38:16+00:00\",\"dateModified\":\"2018-10-08T14:02:44+00:00\",\"breadcrumb\":{\"@id\":\"https:\/\/limage.com.py\/index.php\/producto\/r420u-r421-r460st\/#breadcrumb\"},\"inLanguage\":\"es-AR\",\"potentialAction\":[{\"@type\":\"ReadAction\",\"target\":[\"https:\/\/limage.com.py\/index.php\/producto\/r420u-r421-r460st\/\"]}]},{\"@type\":\"BreadcrumbList\",\"@id\":\"https:\/\/limage.com.py\/index.php\/producto\/r420u-r421-r460st\/#breadcrumb\",\"itemListElement\":[{\"@type\":\"ListItem\",\"position\":1,\"name\":\"Inicio\",\"item\":\"http:\/\/limage.com.py\/\"},{\"@type\":\"ListItem\",\"position\":2,\"name\":\"Productos\",\"item\":\"http:\/\/limage.com.py\/index.php\/shop\/\"},{\"@type\":\"ListItem\",\"position\":3,\"name\":\"R420U\"}]}]}<\/script>\n<!-- \/ Yoast SEO plugin. -->","yoast_head_json":{"title":"R420U ~ Limage S.R.L","robots":{"index":"index","follow":"follow","max-snippet":"max-snippet:-1","max-image-preview":"max-image-preview:large","max-video-preview":"max-video-preview:-1"},"canonical":"https:\/\/limage.com.py\/index.php\/producto\/r420u-r421-r460st\/","og_locale":"es_ES","og_type":"article","og_title":"R420U ~ Limage S.R.L","og_description":"Material termopl\u00e1stico perforado de calentamiento r\u00e1pido y le da tiempo suficiente para moldear las \u00e1reas importantes de manera precisa. Marcos desechables, f\u00e1ciles de usar y muy duraderos. Para la utilizaci\u00f3n en el tratamiento de Radioterapia.","og_url":"https:\/\/limage.com.py\/index.php\/producto\/r420u-r421-r460st\/","og_site_name":"Limage S.R.L","article_modified_time":"2018-10-08T14:02:44+00:00","og_image":[{"width":324,"height":331,"url":"https:\/\/limage.com.py\/wp-content\/uploads\/2018\/09\/image007_0001_image006.jpg","type":"image\/jpeg"}],"twitter_card":"summary_large_image","schema":{"@context":"https:\/\/schema.org","@graph":[{"@type":"WebSite","@id":"http:\/\/limage.com.py\/#website","url":"http:\/\/limage.com.py\/","name":"Limage S.R.L","description":"Tecnologia Medica","potentialAction":[{"@type":"SearchAction","target":{"@type":"EntryPoint","urlTemplate":"http:\/\/limage.com.py\/?s={search_term_string}"},"query-input":"required name=search_term_string"}],"inLanguage":"es-AR"},{"@type":"ImageObject","inLanguage":"es-AR","@id":"https:\/\/limage.com.py\/index.php\/producto\/r420u-r421-r460st\/#primaryimage","url":"https:\/\/limage.com.py\/wp-content\/uploads\/2018\/09\/image007_0001_image006.jpg","contentUrl":"https:\/\/limage.com.py\/wp-content\/uploads\/2018\/09\/image007_0001_image006.jpg","width":324,"height":331},{"@type":"WebPage","@id":"https:\/\/limage.com.py\/index.php\/producto\/r420u-r421-r460st\/#webpage","url":"https:\/\/limage.com.py\/index.php\/producto\/r420u-r421-r460st\/","name":"R420U ~ Limage S.R.L","isPartOf":{"@id":"http:\/\/limage.com.py\/#website"},"primaryImageOfPage":{"@id":"https:\/\/limage.com.py\/index.php\/producto\/r420u-r421-r460st\/#primaryimage"},"datePublished":"2018-09-04T22:38:16+00:00","dateModified":"2018-10-08T14:02:44+00:00","breadcrumb":{"@id":"https:\/\/limage.com.py\/index.php\/producto\/r420u-r421-r460st\/#breadcrumb"},"inLanguage":"es-AR","potentialAction":[{"@type":"ReadAction","target":["https:\/\/limage.com.py\/index.php\/producto\/r420u-r421-r460st\/"]}]},{"@type":"BreadcrumbList","@id":"https:\/\/limage.com.py\/index.php\/producto\/r420u-r421-r460st\/#breadcrumb","itemListElement":[{"@type":"ListItem","position":1,"name":"Inicio","item":"http:\/\/limage.com.py\/"},{"@type":"ListItem","position":2,"name":"Productos","item":"http:\/\/limage.com.py\/index.php\/shop\/"},{"@type":"ListItem","position":3,"name":"R420U"}]}]}},"amp_enabled":true,"_links":{"self":[{"href":"https:\/\/limage.com.py\/index.php\/wp-json\/wp\/v2\/product\/909"}],"collection":[{"href":"https:\/\/limage.com.py\/index.php\/wp-json\/wp\/v2\/product"}],"about":[{"href":"https:\/\/limage.com.py\/index.php\/wp-json\/wp\/v2\/types\/product"}],"replies":[{"embeddable":true,"href":"https:\/\/limage.com.py\/index.php\/wp-json\/wp\/v2\/comments?post=909"}],"wp:featuredmedia":[{"embeddable":true,"href":"https:\/\/limage.com.py\/index.php\/wp-json\/wp\/v2\/media\/1163"}],"wp:attachment":[{"href":"https:\/\/limage.com.py\/index.php\/wp-json\/wp\/v2\/media?parent=909"}],"curies":[{"name":"wp","href":"https:\/\/api.w.org\/{rel}","templated":true}]}}