{"id":905,"date":"2018-09-04T19:36:24","date_gmt":"2018-09-04T22:36:24","guid":{"rendered":"http:\/\/limagesrl.com.ar\/?post_type=product&#038;p=905"},"modified":"2018-10-09T08:03:43","modified_gmt":"2018-10-09T11:03:43","slug":"jusha-m23c","status":"publish","type":"product","link":"https:\/\/limage.com.py\/index.php\/producto\/jusha-m23c\/","title":{"rendered":"Jusha M23C"},"content":{"rendered":"","protected":false},"excerpt":{"rendered":"<p>Monitor monocrom\u00e1tico de2,3 MP que ofrece una combinaci\u00f3n de im\u00e1genes continuas en pantalla doble, para mostrar dos im\u00e1genes en un monitor, logrando una &#8220;pantalla doble integrada&#8221; real. El monitor puede detectar la se\u00f1al de entrada de una computadora u otros dispositivos.El monitor cuenta con SmarTouch\u00ae es una tecnologia que ofrece una funci\u00f3n de cambio r\u00e1pido de brillo en diferentes escenarios de aplicaci\u00f3n, dise\u00f1ado para proteger los ojos del m\u00e9dico.<br \/>\n<a class=\"maxbutton-1 maxbutton maxbutton-desfri\" target=\"_blank\" rel=\"noopener\" href=\"http:\/\/limagesrl.com.ar\/wp-content\/uploads\/2018\/10\/Monitores-Jusha.pdf\"><span class='mb-text'>Ficha T\u00e9cnica<\/span><\/a><\/p>\n","protected":false},"featured_media":1156,"comment_status":"closed","ping_status":"closed","template":"","meta":[],"yoast_head":"<!-- This site is optimized with the Yoast SEO plugin v19.1 - https:\/\/yoast.com\/wordpress\/plugins\/seo\/ -->\n<title>Jusha M23C ~ Limage S.R.L<\/title>\n<meta name=\"robots\" content=\"index, follow, max-snippet:-1, max-image-preview:large, max-video-preview:-1\" \/>\n<link rel=\"canonical\" href=\"https:\/\/limage.com.py\/index.php\/producto\/jusha-m23c\/\" \/>\n<meta property=\"og:locale\" content=\"es_ES\" \/>\n<meta property=\"og:type\" content=\"article\" \/>\n<meta property=\"og:title\" content=\"Jusha M23C ~ Limage S.R.L\" \/>\n<meta property=\"og:description\" content=\"Monitor monocrom\u00e1tico de2,3 MP que ofrece una combinaci\u00f3n de im\u00e1genes continuas en pantalla doble, para mostrar dos im\u00e1genes en un monitor, logrando una &quot;pantalla doble integrada&quot; real. El monitor puede detectar la se\u00f1al de entrada de una computadora u otros dispositivos.El monitor cuenta con SmarTouch\u00ae es una tecnologia que ofrece una funci\u00f3n de cambio r\u00e1pido de brillo en diferentes escenarios de aplicaci\u00f3n, dise\u00f1ado para proteger los ojos del m\u00e9dico.\" \/>\n<meta property=\"og:url\" content=\"https:\/\/limage.com.py\/index.php\/producto\/jusha-m23c\/\" \/>\n<meta property=\"og:site_name\" content=\"Limage S.R.L\" \/>\n<meta property=\"article:modified_time\" content=\"2018-10-09T11:03:43+00:00\" \/>\n<meta property=\"og:image\" content=\"https:\/\/limage.com.py\/wp-content\/uploads\/2018\/09\/0000_jusham23.jpg\" \/>\n\t<meta property=\"og:image:width\" content=\"475\" \/>\n\t<meta property=\"og:image:height\" content=\"423\" \/>\n\t<meta property=\"og:image:type\" content=\"image\/jpeg\" \/>\n<meta name=\"twitter:card\" content=\"summary_large_image\" \/>\n<script type=\"application\/ld+json\" class=\"yoast-schema-graph\">{\"@context\":\"https:\/\/schema.org\",\"@graph\":[{\"@type\":\"WebSite\",\"@id\":\"http:\/\/limage.com.py\/#website\",\"url\":\"http:\/\/limage.com.py\/\",\"name\":\"Limage S.R.L\",\"description\":\"Tecnologia Medica\",\"potentialAction\":[{\"@type\":\"SearchAction\",\"target\":{\"@type\":\"EntryPoint\",\"urlTemplate\":\"http:\/\/limage.com.py\/?s={search_term_string}\"},\"query-input\":\"required name=search_term_string\"}],\"inLanguage\":\"es-AR\"},{\"@type\":\"ImageObject\",\"inLanguage\":\"es-AR\",\"@id\":\"https:\/\/limage.com.py\/index.php\/producto\/jusha-m23c\/#primaryimage\",\"url\":\"https:\/\/limage.com.py\/wp-content\/uploads\/2018\/09\/0000_jusham23.jpg\",\"contentUrl\":\"https:\/\/limage.com.py\/wp-content\/uploads\/2018\/09\/0000_jusham23.jpg\",\"width\":475,\"height\":423},{\"@type\":\"WebPage\",\"@id\":\"https:\/\/limage.com.py\/index.php\/producto\/jusha-m23c\/#webpage\",\"url\":\"https:\/\/limage.com.py\/index.php\/producto\/jusha-m23c\/\",\"name\":\"Jusha M23C ~ Limage S.R.L\",\"isPartOf\":{\"@id\":\"http:\/\/limage.com.py\/#website\"},\"primaryImageOfPage\":{\"@id\":\"https:\/\/limage.com.py\/index.php\/producto\/jusha-m23c\/#primaryimage\"},\"datePublished\":\"2018-09-04T22:36:24+00:00\",\"dateModified\":\"2018-10-09T11:03:43+00:00\",\"breadcrumb\":{\"@id\":\"https:\/\/limage.com.py\/index.php\/producto\/jusha-m23c\/#breadcrumb\"},\"inLanguage\":\"es-AR\",\"potentialAction\":[{\"@type\":\"ReadAction\",\"target\":[\"https:\/\/limage.com.py\/index.php\/producto\/jusha-m23c\/\"]}]},{\"@type\":\"BreadcrumbList\",\"@id\":\"https:\/\/limage.com.py\/index.php\/producto\/jusha-m23c\/#breadcrumb\",\"itemListElement\":[{\"@type\":\"ListItem\",\"position\":1,\"name\":\"Inicio\",\"item\":\"http:\/\/limage.com.py\/\"},{\"@type\":\"ListItem\",\"position\":2,\"name\":\"Productos\",\"item\":\"http:\/\/limage.com.py\/index.php\/shop\/\"},{\"@type\":\"ListItem\",\"position\":3,\"name\":\"Jusha M23C\"}]}]}<\/script>\n<!-- \/ Yoast SEO plugin. -->","yoast_head_json":{"title":"Jusha M23C ~ Limage S.R.L","robots":{"index":"index","follow":"follow","max-snippet":"max-snippet:-1","max-image-preview":"max-image-preview:large","max-video-preview":"max-video-preview:-1"},"canonical":"https:\/\/limage.com.py\/index.php\/producto\/jusha-m23c\/","og_locale":"es_ES","og_type":"article","og_title":"Jusha M23C ~ Limage S.R.L","og_description":"Monitor monocrom\u00e1tico de2,3 MP que ofrece una combinaci\u00f3n de im\u00e1genes continuas en pantalla doble, para mostrar dos im\u00e1genes en un monitor, logrando una \"pantalla doble integrada\" real. El monitor puede detectar la se\u00f1al de entrada de una computadora u otros dispositivos.El monitor cuenta con SmarTouch\u00ae es una tecnologia que ofrece una funci\u00f3n de cambio r\u00e1pido de brillo en diferentes escenarios de aplicaci\u00f3n, dise\u00f1ado para proteger los ojos del m\u00e9dico.","og_url":"https:\/\/limage.com.py\/index.php\/producto\/jusha-m23c\/","og_site_name":"Limage S.R.L","article_modified_time":"2018-10-09T11:03:43+00:00","og_image":[{"width":475,"height":423,"url":"https:\/\/limage.com.py\/wp-content\/uploads\/2018\/09\/0000_jusham23.jpg","type":"image\/jpeg"}],"twitter_card":"summary_large_image","schema":{"@context":"https:\/\/schema.org","@graph":[{"@type":"WebSite","@id":"http:\/\/limage.com.py\/#website","url":"http:\/\/limage.com.py\/","name":"Limage S.R.L","description":"Tecnologia Medica","potentialAction":[{"@type":"SearchAction","target":{"@type":"EntryPoint","urlTemplate":"http:\/\/limage.com.py\/?s={search_term_string}"},"query-input":"required name=search_term_string"}],"inLanguage":"es-AR"},{"@type":"ImageObject","inLanguage":"es-AR","@id":"https:\/\/limage.com.py\/index.php\/producto\/jusha-m23c\/#primaryimage","url":"https:\/\/limage.com.py\/wp-content\/uploads\/2018\/09\/0000_jusham23.jpg","contentUrl":"https:\/\/limage.com.py\/wp-content\/uploads\/2018\/09\/0000_jusham23.jpg","width":475,"height":423},{"@type":"WebPage","@id":"https:\/\/limage.com.py\/index.php\/producto\/jusha-m23c\/#webpage","url":"https:\/\/limage.com.py\/index.php\/producto\/jusha-m23c\/","name":"Jusha M23C ~ Limage S.R.L","isPartOf":{"@id":"http:\/\/limage.com.py\/#website"},"primaryImageOfPage":{"@id":"https:\/\/limage.com.py\/index.php\/producto\/jusha-m23c\/#primaryimage"},"datePublished":"2018-09-04T22:36:24+00:00","dateModified":"2018-10-09T11:03:43+00:00","breadcrumb":{"@id":"https:\/\/limage.com.py\/index.php\/producto\/jusha-m23c\/#breadcrumb"},"inLanguage":"es-AR","potentialAction":[{"@type":"ReadAction","target":["https:\/\/limage.com.py\/index.php\/producto\/jusha-m23c\/"]}]},{"@type":"BreadcrumbList","@id":"https:\/\/limage.com.py\/index.php\/producto\/jusha-m23c\/#breadcrumb","itemListElement":[{"@type":"ListItem","position":1,"name":"Inicio","item":"http:\/\/limage.com.py\/"},{"@type":"ListItem","position":2,"name":"Productos","item":"http:\/\/limage.com.py\/index.php\/shop\/"},{"@type":"ListItem","position":3,"name":"Jusha M23C"}]}]}},"amp_enabled":true,"_links":{"self":[{"href":"https:\/\/limage.com.py\/index.php\/wp-json\/wp\/v2\/product\/905"}],"collection":[{"href":"https:\/\/limage.com.py\/index.php\/wp-json\/wp\/v2\/product"}],"about":[{"href":"https:\/\/limage.com.py\/index.php\/wp-json\/wp\/v2\/types\/product"}],"replies":[{"embeddable":true,"href":"https:\/\/limage.com.py\/index.php\/wp-json\/wp\/v2\/comments?post=905"}],"wp:featuredmedia":[{"embeddable":true,"href":"https:\/\/limage.com.py\/index.php\/wp-json\/wp\/v2\/media\/1156"}],"wp:attachment":[{"href":"https:\/\/limage.com.py\/index.php\/wp-json\/wp\/v2\/media?parent=905"}],"curies":[{"name":"wp","href":"https:\/\/api.w.org\/{rel}","templated":true}]}}