{"id":898,"date":"2018-09-04T19:30:05","date_gmt":"2018-09-04T22:30:05","guid":{"rendered":"http:\/\/limagesrl.com.ar\/?post_type=product&#038;p=898"},"modified":"2018-10-09T08:20:28","modified_gmt":"2018-10-09T11:20:28","slug":"ecg100gvet","status":"publish","type":"product","link":"https:\/\/limage.com.py\/index.php\/producto\/ecg100gvet\/","title":{"rendered":"ECG100GVET"},"content":{"rendered":"","protected":false},"excerpt":{"rendered":"<p>Electrocardi\u00f3grafo de uso veterinario de un canal, con gran pantalla de LCD, impresora t\u00e9rmica de alta resoluci\u00f3n y una bater\u00eda recargable que soporta m\u00e1s de 50 estudios<br \/>\n<a class=\"maxbutton-1 maxbutton maxbutton-desfri\" target=\"_blank\" rel=\"noopener\" href=\"http:\/\/limagesrl.com.ar\/wp-content\/uploads\/2018\/10\/Electrocardiograsof-V.pdf\"><span class='mb-text'>Ficha T\u00e9cnica<\/span><\/a><\/p>\n","protected":false},"featured_media":1058,"comment_status":"closed","ping_status":"closed","template":"","meta":[],"yoast_head":"<!-- This site is optimized with the Yoast SEO plugin v19.1 - https:\/\/yoast.com\/wordpress\/plugins\/seo\/ -->\n<title>ECG100GVET ~ Limage S.R.L<\/title>\n<meta name=\"robots\" content=\"index, follow, max-snippet:-1, max-image-preview:large, max-video-preview:-1\" \/>\n<link rel=\"canonical\" href=\"https:\/\/limage.com.py\/index.php\/producto\/ecg100gvet\/\" \/>\n<meta property=\"og:locale\" content=\"es_ES\" \/>\n<meta property=\"og:type\" content=\"article\" \/>\n<meta property=\"og:title\" content=\"ECG100GVET ~ Limage S.R.L\" \/>\n<meta property=\"og:description\" content=\"Electrocardi\u00f3grafo de uso veterinario de un canal, con gran pantalla de LCD, impresora t\u00e9rmica de alta resoluci\u00f3n y una bater\u00eda recargable que soporta m\u00e1s de 50 estudios\" \/>\n<meta property=\"og:url\" content=\"https:\/\/limage.com.py\/index.php\/producto\/ecg100gvet\/\" \/>\n<meta property=\"og:site_name\" content=\"Limage S.R.L\" \/>\n<meta property=\"article:modified_time\" content=\"2018-10-09T11:20:28+00:00\" \/>\n<meta property=\"og:image\" content=\"https:\/\/limage.com.py\/wp-content\/uploads\/2018\/09\/ECG100GVET.png\" \/>\n\t<meta property=\"og:image:width\" content=\"475\" \/>\n\t<meta property=\"og:image:height\" content=\"317\" \/>\n\t<meta property=\"og:image:type\" content=\"image\/png\" \/>\n<meta name=\"twitter:card\" content=\"summary_large_image\" \/>\n<script type=\"application\/ld+json\" class=\"yoast-schema-graph\">{\"@context\":\"https:\/\/schema.org\",\"@graph\":[{\"@type\":\"WebSite\",\"@id\":\"http:\/\/limage.com.py\/#website\",\"url\":\"http:\/\/limage.com.py\/\",\"name\":\"Limage S.R.L\",\"description\":\"Tecnologia Medica\",\"potentialAction\":[{\"@type\":\"SearchAction\",\"target\":{\"@type\":\"EntryPoint\",\"urlTemplate\":\"http:\/\/limage.com.py\/?s={search_term_string}\"},\"query-input\":\"required name=search_term_string\"}],\"inLanguage\":\"es-AR\"},{\"@type\":\"ImageObject\",\"inLanguage\":\"es-AR\",\"@id\":\"https:\/\/limage.com.py\/index.php\/producto\/ecg100gvet\/#primaryimage\",\"url\":\"https:\/\/limage.com.py\/wp-content\/uploads\/2018\/09\/ECG100GVET.png\",\"contentUrl\":\"https:\/\/limage.com.py\/wp-content\/uploads\/2018\/09\/ECG100GVET.png\",\"width\":475,\"height\":317},{\"@type\":\"WebPage\",\"@id\":\"https:\/\/limage.com.py\/index.php\/producto\/ecg100gvet\/#webpage\",\"url\":\"https:\/\/limage.com.py\/index.php\/producto\/ecg100gvet\/\",\"name\":\"ECG100GVET ~ Limage S.R.L\",\"isPartOf\":{\"@id\":\"http:\/\/limage.com.py\/#website\"},\"primaryImageOfPage\":{\"@id\":\"https:\/\/limage.com.py\/index.php\/producto\/ecg100gvet\/#primaryimage\"},\"datePublished\":\"2018-09-04T22:30:05+00:00\",\"dateModified\":\"2018-10-09T11:20:28+00:00\",\"breadcrumb\":{\"@id\":\"https:\/\/limage.com.py\/index.php\/producto\/ecg100gvet\/#breadcrumb\"},\"inLanguage\":\"es-AR\",\"potentialAction\":[{\"@type\":\"ReadAction\",\"target\":[\"https:\/\/limage.com.py\/index.php\/producto\/ecg100gvet\/\"]}]},{\"@type\":\"BreadcrumbList\",\"@id\":\"https:\/\/limage.com.py\/index.php\/producto\/ecg100gvet\/#breadcrumb\",\"itemListElement\":[{\"@type\":\"ListItem\",\"position\":1,\"name\":\"Inicio\",\"item\":\"http:\/\/limage.com.py\/\"},{\"@type\":\"ListItem\",\"position\":2,\"name\":\"Productos\",\"item\":\"http:\/\/limage.com.py\/index.php\/shop\/\"},{\"@type\":\"ListItem\",\"position\":3,\"name\":\"ECG100GVET\"}]}]}<\/script>\n<!-- \/ Yoast SEO plugin. -->","yoast_head_json":{"title":"ECG100GVET ~ Limage S.R.L","robots":{"index":"index","follow":"follow","max-snippet":"max-snippet:-1","max-image-preview":"max-image-preview:large","max-video-preview":"max-video-preview:-1"},"canonical":"https:\/\/limage.com.py\/index.php\/producto\/ecg100gvet\/","og_locale":"es_ES","og_type":"article","og_title":"ECG100GVET ~ Limage S.R.L","og_description":"Electrocardi\u00f3grafo de uso veterinario de un canal, con gran pantalla de LCD, impresora t\u00e9rmica de alta resoluci\u00f3n y una bater\u00eda recargable que soporta m\u00e1s de 50 estudios","og_url":"https:\/\/limage.com.py\/index.php\/producto\/ecg100gvet\/","og_site_name":"Limage S.R.L","article_modified_time":"2018-10-09T11:20:28+00:00","og_image":[{"width":475,"height":317,"url":"https:\/\/limage.com.py\/wp-content\/uploads\/2018\/09\/ECG100GVET.png","type":"image\/png"}],"twitter_card":"summary_large_image","schema":{"@context":"https:\/\/schema.org","@graph":[{"@type":"WebSite","@id":"http:\/\/limage.com.py\/#website","url":"http:\/\/limage.com.py\/","name":"Limage S.R.L","description":"Tecnologia Medica","potentialAction":[{"@type":"SearchAction","target":{"@type":"EntryPoint","urlTemplate":"http:\/\/limage.com.py\/?s={search_term_string}"},"query-input":"required name=search_term_string"}],"inLanguage":"es-AR"},{"@type":"ImageObject","inLanguage":"es-AR","@id":"https:\/\/limage.com.py\/index.php\/producto\/ecg100gvet\/#primaryimage","url":"https:\/\/limage.com.py\/wp-content\/uploads\/2018\/09\/ECG100GVET.png","contentUrl":"https:\/\/limage.com.py\/wp-content\/uploads\/2018\/09\/ECG100GVET.png","width":475,"height":317},{"@type":"WebPage","@id":"https:\/\/limage.com.py\/index.php\/producto\/ecg100gvet\/#webpage","url":"https:\/\/limage.com.py\/index.php\/producto\/ecg100gvet\/","name":"ECG100GVET ~ Limage S.R.L","isPartOf":{"@id":"http:\/\/limage.com.py\/#website"},"primaryImageOfPage":{"@id":"https:\/\/limage.com.py\/index.php\/producto\/ecg100gvet\/#primaryimage"},"datePublished":"2018-09-04T22:30:05+00:00","dateModified":"2018-10-09T11:20:28+00:00","breadcrumb":{"@id":"https:\/\/limage.com.py\/index.php\/producto\/ecg100gvet\/#breadcrumb"},"inLanguage":"es-AR","potentialAction":[{"@type":"ReadAction","target":["https:\/\/limage.com.py\/index.php\/producto\/ecg100gvet\/"]}]},{"@type":"BreadcrumbList","@id":"https:\/\/limage.com.py\/index.php\/producto\/ecg100gvet\/#breadcrumb","itemListElement":[{"@type":"ListItem","position":1,"name":"Inicio","item":"http:\/\/limage.com.py\/"},{"@type":"ListItem","position":2,"name":"Productos","item":"http:\/\/limage.com.py\/index.php\/shop\/"},{"@type":"ListItem","position":3,"name":"ECG100GVET"}]}]}},"amp_enabled":true,"_links":{"self":[{"href":"https:\/\/limage.com.py\/index.php\/wp-json\/wp\/v2\/product\/898"}],"collection":[{"href":"https:\/\/limage.com.py\/index.php\/wp-json\/wp\/v2\/product"}],"about":[{"href":"https:\/\/limage.com.py\/index.php\/wp-json\/wp\/v2\/types\/product"}],"replies":[{"embeddable":true,"href":"https:\/\/limage.com.py\/index.php\/wp-json\/wp\/v2\/comments?post=898"}],"wp:featuredmedia":[{"embeddable":true,"href":"https:\/\/limage.com.py\/index.php\/wp-json\/wp\/v2\/media\/1058"}],"wp:attachment":[{"href":"https:\/\/limage.com.py\/index.php\/wp-json\/wp\/v2\/media?parent=898"}],"curies":[{"name":"wp","href":"https:\/\/api.w.org\/{rel}","templated":true}]}}