{"id":894,"date":"2018-09-04T19:26:51","date_gmt":"2018-09-04T22:26:51","guid":{"rendered":"http:\/\/limagesrl.com.ar\/?post_type=product&#038;p=894"},"modified":"2018-10-08T11:02:52","modified_gmt":"2018-10-08T14:02:52","slug":"modulo-de-presion-invasiva-nombre","status":"publish","type":"product","link":"https:\/\/limage.com.py\/index.php\/producto\/modulo-de-presion-invasiva-nombre\/","title":{"rendered":"M\u00f3dulo de Presi\u00f3n Invasiva"},"content":{"rendered":"","protected":false},"excerpt":{"rendered":"<p>Este m\u00f3dulo mide la presi\u00f3n arterial directa (SYS, DIA y MAP) de un vaso sangu\u00edneo seleccionado a trav\u00e9s de dos canales, y muestra dos formas de onda de presi\u00f3n arterial mide la presi\u00f3n arterial directa (SYS, DIA y MAP). Las etiquetas de presi\u00f3n disponibles son:<\/p>\n<ul class=\"wcb-button cb-common arrow-button\">\n<li>ART: La presi\u00f3n Arterial<\/li>\n<li>PA: La presi\u00f3n Arterial Pulmonar<\/li>\n<li>CVP: Centro de la Presi\u00f3n Venosa<\/li>\n<li>RAP: La presi\u00f3n auricular derecha<\/li>\n<li>LAP: Presi\u00f3n de la aur\u00edcula Izquierda<\/li>\n<li>ICP: Intracranium Presi\u00f3n<\/li>\n<li>P1-P2: Ampliar la Presi\u00f3n<\/li>\n<\/ul>\n","protected":false},"featured_media":1139,"comment_status":"closed","ping_status":"closed","template":"","meta":[],"yoast_head":"<!-- This site is optimized with the Yoast SEO plugin v19.1 - https:\/\/yoast.com\/wordpress\/plugins\/seo\/ -->\n<title>M\u00f3dulo de Presi\u00f3n Invasiva ~ Limage S.R.L<\/title>\n<meta name=\"robots\" content=\"index, follow, max-snippet:-1, max-image-preview:large, max-video-preview:-1\" \/>\n<link rel=\"canonical\" href=\"https:\/\/limage.com.py\/index.php\/producto\/modulo-de-presion-invasiva-nombre\/\" \/>\n<meta property=\"og:locale\" content=\"es_ES\" \/>\n<meta property=\"og:type\" content=\"article\" \/>\n<meta property=\"og:title\" content=\"M\u00f3dulo de Presi\u00f3n Invasiva ~ Limage S.R.L\" \/>\n<meta property=\"og:description\" content=\"Este m\u00f3dulo mide la presi\u00f3n arterial directa (SYS, DIA y MAP) de un vaso sangu\u00edneo seleccionado a trav\u00e9s de dos canales, y muestra dos formas de onda de presi\u00f3n arterial mide la presi\u00f3n arterial directa (SYS, DIA y MAP). Las etiquetas de presi\u00f3n disponibles son:   ART: La presi\u00f3n Arterial  PA: La presi\u00f3n Arterial Pulmonar  CVP: Centro de la Presi\u00f3n Venosa  RAP: La presi\u00f3n auricular derecha  LAP: Presi\u00f3n de la aur\u00edcula Izquierda  ICP: Intracranium Presi\u00f3n  P1-P2: Ampliar la Presi\u00f3n\" \/>\n<meta property=\"og:url\" content=\"https:\/\/limage.com.py\/index.php\/producto\/modulo-de-presion-invasiva-nombre\/\" \/>\n<meta property=\"og:site_name\" content=\"Limage S.R.L\" \/>\n<meta property=\"article:modified_time\" content=\"2018-10-08T14:02:52+00:00\" \/>\n<meta property=\"og:image\" content=\"https:\/\/limage.com.py\/wp-content\/uploads\/2018\/09\/0003_pinvasiva.jpg\" \/>\n\t<meta property=\"og:image:width\" content=\"475\" \/>\n\t<meta property=\"og:image:height\" content=\"408\" \/>\n\t<meta property=\"og:image:type\" content=\"image\/jpeg\" \/>\n<meta name=\"twitter:card\" content=\"summary_large_image\" \/>\n<script type=\"application\/ld+json\" class=\"yoast-schema-graph\">{\"@context\":\"https:\/\/schema.org\",\"@graph\":[{\"@type\":\"WebSite\",\"@id\":\"http:\/\/limage.com.py\/#website\",\"url\":\"http:\/\/limage.com.py\/\",\"name\":\"Limage S.R.L\",\"description\":\"Tecnologia Medica\",\"potentialAction\":[{\"@type\":\"SearchAction\",\"target\":{\"@type\":\"EntryPoint\",\"urlTemplate\":\"http:\/\/limage.com.py\/?s={search_term_string}\"},\"query-input\":\"required name=search_term_string\"}],\"inLanguage\":\"es-AR\"},{\"@type\":\"ImageObject\",\"inLanguage\":\"es-AR\",\"@id\":\"https:\/\/limage.com.py\/index.php\/producto\/modulo-de-presion-invasiva-nombre\/#primaryimage\",\"url\":\"https:\/\/limage.com.py\/wp-content\/uploads\/2018\/09\/0003_pinvasiva.jpg\",\"contentUrl\":\"https:\/\/limage.com.py\/wp-content\/uploads\/2018\/09\/0003_pinvasiva.jpg\",\"width\":475,\"height\":408},{\"@type\":\"WebPage\",\"@id\":\"https:\/\/limage.com.py\/index.php\/producto\/modulo-de-presion-invasiva-nombre\/#webpage\",\"url\":\"https:\/\/limage.com.py\/index.php\/producto\/modulo-de-presion-invasiva-nombre\/\",\"name\":\"M\u00f3dulo de Presi\u00f3n Invasiva ~ Limage S.R.L\",\"isPartOf\":{\"@id\":\"http:\/\/limage.com.py\/#website\"},\"primaryImageOfPage\":{\"@id\":\"https:\/\/limage.com.py\/index.php\/producto\/modulo-de-presion-invasiva-nombre\/#primaryimage\"},\"datePublished\":\"2018-09-04T22:26:51+00:00\",\"dateModified\":\"2018-10-08T14:02:52+00:00\",\"breadcrumb\":{\"@id\":\"https:\/\/limage.com.py\/index.php\/producto\/modulo-de-presion-invasiva-nombre\/#breadcrumb\"},\"inLanguage\":\"es-AR\",\"potentialAction\":[{\"@type\":\"ReadAction\",\"target\":[\"https:\/\/limage.com.py\/index.php\/producto\/modulo-de-presion-invasiva-nombre\/\"]}]},{\"@type\":\"BreadcrumbList\",\"@id\":\"https:\/\/limage.com.py\/index.php\/producto\/modulo-de-presion-invasiva-nombre\/#breadcrumb\",\"itemListElement\":[{\"@type\":\"ListItem\",\"position\":1,\"name\":\"Inicio\",\"item\":\"http:\/\/limage.com.py\/\"},{\"@type\":\"ListItem\",\"position\":2,\"name\":\"Productos\",\"item\":\"http:\/\/limage.com.py\/index.php\/shop\/\"},{\"@type\":\"ListItem\",\"position\":3,\"name\":\"M\u00f3dulo de Presi\u00f3n Invasiva\"}]}]}<\/script>\n<!-- \/ Yoast SEO plugin. -->","yoast_head_json":{"title":"M\u00f3dulo de Presi\u00f3n Invasiva ~ Limage S.R.L","robots":{"index":"index","follow":"follow","max-snippet":"max-snippet:-1","max-image-preview":"max-image-preview:large","max-video-preview":"max-video-preview:-1"},"canonical":"https:\/\/limage.com.py\/index.php\/producto\/modulo-de-presion-invasiva-nombre\/","og_locale":"es_ES","og_type":"article","og_title":"M\u00f3dulo de Presi\u00f3n Invasiva ~ Limage S.R.L","og_description":"Este m\u00f3dulo mide la presi\u00f3n arterial directa (SYS, DIA y MAP) de un vaso sangu\u00edneo seleccionado a trav\u00e9s de dos canales, y muestra dos formas de onda de presi\u00f3n arterial mide la presi\u00f3n arterial directa (SYS, DIA y MAP). Las etiquetas de presi\u00f3n disponibles son:   ART: La presi\u00f3n Arterial  PA: La presi\u00f3n Arterial Pulmonar  CVP: Centro de la Presi\u00f3n Venosa  RAP: La presi\u00f3n auricular derecha  LAP: Presi\u00f3n de la aur\u00edcula Izquierda  ICP: Intracranium Presi\u00f3n  P1-P2: Ampliar la Presi\u00f3n","og_url":"https:\/\/limage.com.py\/index.php\/producto\/modulo-de-presion-invasiva-nombre\/","og_site_name":"Limage S.R.L","article_modified_time":"2018-10-08T14:02:52+00:00","og_image":[{"width":475,"height":408,"url":"https:\/\/limage.com.py\/wp-content\/uploads\/2018\/09\/0003_pinvasiva.jpg","type":"image\/jpeg"}],"twitter_card":"summary_large_image","schema":{"@context":"https:\/\/schema.org","@graph":[{"@type":"WebSite","@id":"http:\/\/limage.com.py\/#website","url":"http:\/\/limage.com.py\/","name":"Limage S.R.L","description":"Tecnologia Medica","potentialAction":[{"@type":"SearchAction","target":{"@type":"EntryPoint","urlTemplate":"http:\/\/limage.com.py\/?s={search_term_string}"},"query-input":"required name=search_term_string"}],"inLanguage":"es-AR"},{"@type":"ImageObject","inLanguage":"es-AR","@id":"https:\/\/limage.com.py\/index.php\/producto\/modulo-de-presion-invasiva-nombre\/#primaryimage","url":"https:\/\/limage.com.py\/wp-content\/uploads\/2018\/09\/0003_pinvasiva.jpg","contentUrl":"https:\/\/limage.com.py\/wp-content\/uploads\/2018\/09\/0003_pinvasiva.jpg","width":475,"height":408},{"@type":"WebPage","@id":"https:\/\/limage.com.py\/index.php\/producto\/modulo-de-presion-invasiva-nombre\/#webpage","url":"https:\/\/limage.com.py\/index.php\/producto\/modulo-de-presion-invasiva-nombre\/","name":"M\u00f3dulo de Presi\u00f3n Invasiva ~ Limage S.R.L","isPartOf":{"@id":"http:\/\/limage.com.py\/#website"},"primaryImageOfPage":{"@id":"https:\/\/limage.com.py\/index.php\/producto\/modulo-de-presion-invasiva-nombre\/#primaryimage"},"datePublished":"2018-09-04T22:26:51+00:00","dateModified":"2018-10-08T14:02:52+00:00","breadcrumb":{"@id":"https:\/\/limage.com.py\/index.php\/producto\/modulo-de-presion-invasiva-nombre\/#breadcrumb"},"inLanguage":"es-AR","potentialAction":[{"@type":"ReadAction","target":["https:\/\/limage.com.py\/index.php\/producto\/modulo-de-presion-invasiva-nombre\/"]}]},{"@type":"BreadcrumbList","@id":"https:\/\/limage.com.py\/index.php\/producto\/modulo-de-presion-invasiva-nombre\/#breadcrumb","itemListElement":[{"@type":"ListItem","position":1,"name":"Inicio","item":"http:\/\/limage.com.py\/"},{"@type":"ListItem","position":2,"name":"Productos","item":"http:\/\/limage.com.py\/index.php\/shop\/"},{"@type":"ListItem","position":3,"name":"M\u00f3dulo de Presi\u00f3n Invasiva"}]}]}},"amp_enabled":true,"_links":{"self":[{"href":"https:\/\/limage.com.py\/index.php\/wp-json\/wp\/v2\/product\/894"}],"collection":[{"href":"https:\/\/limage.com.py\/index.php\/wp-json\/wp\/v2\/product"}],"about":[{"href":"https:\/\/limage.com.py\/index.php\/wp-json\/wp\/v2\/types\/product"}],"replies":[{"embeddable":true,"href":"https:\/\/limage.com.py\/index.php\/wp-json\/wp\/v2\/comments?post=894"}],"wp:featuredmedia":[{"embeddable":true,"href":"https:\/\/limage.com.py\/index.php\/wp-json\/wp\/v2\/media\/1139"}],"wp:attachment":[{"href":"https:\/\/limage.com.py\/index.php\/wp-json\/wp\/v2\/media?parent=894"}],"curies":[{"name":"wp","href":"https:\/\/api.w.org\/{rel}","templated":true}]}}