{"id":860,"date":"2018-08-16T17:45:12","date_gmt":"2018-08-16T20:45:12","guid":{"rendered":"http:\/\/limagesrl.com.ar\/?post_type=product&#038;p=860"},"modified":"2018-10-08T11:02:54","modified_gmt":"2018-10-08T14:02:54","slug":"hms-6500","status":"publish","type":"product","link":"https:\/\/limage.com.py\/index.php\/producto\/hms-6500\/","title":{"rendered":"HMS 6500"},"content":{"rendered":"","protected":false},"excerpt":{"rendered":"<p>HMS6500 es un equipo con funciones de autoexploraci\u00f3n y monitoreo a distancia. Pasos de operaci\u00f3n para la funci\u00f3n de autoexploraci\u00f3n remota: despu\u00e9s de verificar, ECG, SpO2, PR, NIBP, TEMP y glucosa en sangre, los datos medidos pueden ser transmitidos v\u00eda red.<br \/>\n<a class=\"maxbutton-1 maxbutton maxbutton-desfri\" target=\"_blank\" rel=\"noopener\" href=\"http:\/\/limagesrl.com.ar\/wp-content\/uploads\/2018\/08\/MONITOR-DE-SIGNOS-VITALES.pdf\"><span class='mb-text'>Ficha T\u00e9cnica<\/span><\/a><\/p>\n","protected":false},"featured_media":1134,"comment_status":"closed","ping_status":"closed","template":"","meta":[],"yoast_head":"<!-- This site is optimized with the Yoast SEO plugin v19.1 - https:\/\/yoast.com\/wordpress\/plugins\/seo\/ -->\n<title>HMS 6500 ~ Limage S.R.L<\/title>\n<meta name=\"robots\" content=\"index, follow, max-snippet:-1, max-image-preview:large, max-video-preview:-1\" \/>\n<link rel=\"canonical\" href=\"https:\/\/limage.com.py\/index.php\/producto\/hms-6500\/\" \/>\n<meta property=\"og:locale\" content=\"es_ES\" \/>\n<meta property=\"og:type\" content=\"article\" \/>\n<meta property=\"og:title\" content=\"HMS 6500 ~ Limage S.R.L\" \/>\n<meta property=\"og:description\" content=\"HMS6500 es un equipo con funciones de autoexploraci\u00f3n y monitoreo a distancia. Pasos de operaci\u00f3n para la funci\u00f3n de autoexploraci\u00f3n remota: despu\u00e9s de verificar, ECG, SpO2, PR, NIBP, TEMP y glucosa en sangre, los datos medidos pueden ser transmitidos v\u00eda red.\" \/>\n<meta property=\"og:url\" content=\"https:\/\/limage.com.py\/index.php\/producto\/hms-6500\/\" \/>\n<meta property=\"og:site_name\" content=\"Limage S.R.L\" \/>\n<meta property=\"article:modified_time\" content=\"2018-10-08T14:02:54+00:00\" \/>\n<meta property=\"og:image\" content=\"https:\/\/limage.com.py\/wp-content\/uploads\/2018\/08\/0004_WhatsApp-Image-2018-09-11-at-21.01.23.jpg\" \/>\n\t<meta property=\"og:image:width\" content=\"475\" \/>\n\t<meta property=\"og:image:height\" content=\"408\" \/>\n\t<meta property=\"og:image:type\" content=\"image\/jpeg\" \/>\n<meta name=\"twitter:card\" content=\"summary_large_image\" \/>\n<script type=\"application\/ld+json\" class=\"yoast-schema-graph\">{\"@context\":\"https:\/\/schema.org\",\"@graph\":[{\"@type\":\"WebSite\",\"@id\":\"http:\/\/limage.com.py\/#website\",\"url\":\"http:\/\/limage.com.py\/\",\"name\":\"Limage S.R.L\",\"description\":\"Tecnologia Medica\",\"potentialAction\":[{\"@type\":\"SearchAction\",\"target\":{\"@type\":\"EntryPoint\",\"urlTemplate\":\"http:\/\/limage.com.py\/?s={search_term_string}\"},\"query-input\":\"required name=search_term_string\"}],\"inLanguage\":\"es-AR\"},{\"@type\":\"ImageObject\",\"inLanguage\":\"es-AR\",\"@id\":\"https:\/\/limage.com.py\/index.php\/producto\/hms-6500\/#primaryimage\",\"url\":\"https:\/\/limage.com.py\/wp-content\/uploads\/2018\/08\/0004_WhatsApp-Image-2018-09-11-at-21.01.23.jpg\",\"contentUrl\":\"https:\/\/limage.com.py\/wp-content\/uploads\/2018\/08\/0004_WhatsApp-Image-2018-09-11-at-21.01.23.jpg\",\"width\":475,\"height\":408},{\"@type\":\"WebPage\",\"@id\":\"https:\/\/limage.com.py\/index.php\/producto\/hms-6500\/#webpage\",\"url\":\"https:\/\/limage.com.py\/index.php\/producto\/hms-6500\/\",\"name\":\"HMS 6500 ~ Limage S.R.L\",\"isPartOf\":{\"@id\":\"http:\/\/limage.com.py\/#website\"},\"primaryImageOfPage\":{\"@id\":\"https:\/\/limage.com.py\/index.php\/producto\/hms-6500\/#primaryimage\"},\"datePublished\":\"2018-08-16T20:45:12+00:00\",\"dateModified\":\"2018-10-08T14:02:54+00:00\",\"breadcrumb\":{\"@id\":\"https:\/\/limage.com.py\/index.php\/producto\/hms-6500\/#breadcrumb\"},\"inLanguage\":\"es-AR\",\"potentialAction\":[{\"@type\":\"ReadAction\",\"target\":[\"https:\/\/limage.com.py\/index.php\/producto\/hms-6500\/\"]}]},{\"@type\":\"BreadcrumbList\",\"@id\":\"https:\/\/limage.com.py\/index.php\/producto\/hms-6500\/#breadcrumb\",\"itemListElement\":[{\"@type\":\"ListItem\",\"position\":1,\"name\":\"Inicio\",\"item\":\"http:\/\/limage.com.py\/\"},{\"@type\":\"ListItem\",\"position\":2,\"name\":\"Productos\",\"item\":\"http:\/\/limage.com.py\/index.php\/shop\/\"},{\"@type\":\"ListItem\",\"position\":3,\"name\":\"HMS 6500\"}]}]}<\/script>\n<!-- \/ Yoast SEO plugin. -->","yoast_head_json":{"title":"HMS 6500 ~ Limage S.R.L","robots":{"index":"index","follow":"follow","max-snippet":"max-snippet:-1","max-image-preview":"max-image-preview:large","max-video-preview":"max-video-preview:-1"},"canonical":"https:\/\/limage.com.py\/index.php\/producto\/hms-6500\/","og_locale":"es_ES","og_type":"article","og_title":"HMS 6500 ~ Limage S.R.L","og_description":"HMS6500 es un equipo con funciones de autoexploraci\u00f3n y monitoreo a distancia. Pasos de operaci\u00f3n para la funci\u00f3n de autoexploraci\u00f3n remota: despu\u00e9s de verificar, ECG, SpO2, PR, NIBP, TEMP y glucosa en sangre, los datos medidos pueden ser transmitidos v\u00eda red.","og_url":"https:\/\/limage.com.py\/index.php\/producto\/hms-6500\/","og_site_name":"Limage S.R.L","article_modified_time":"2018-10-08T14:02:54+00:00","og_image":[{"width":475,"height":408,"url":"https:\/\/limage.com.py\/wp-content\/uploads\/2018\/08\/0004_WhatsApp-Image-2018-09-11-at-21.01.23.jpg","type":"image\/jpeg"}],"twitter_card":"summary_large_image","schema":{"@context":"https:\/\/schema.org","@graph":[{"@type":"WebSite","@id":"http:\/\/limage.com.py\/#website","url":"http:\/\/limage.com.py\/","name":"Limage S.R.L","description":"Tecnologia Medica","potentialAction":[{"@type":"SearchAction","target":{"@type":"EntryPoint","urlTemplate":"http:\/\/limage.com.py\/?s={search_term_string}"},"query-input":"required name=search_term_string"}],"inLanguage":"es-AR"},{"@type":"ImageObject","inLanguage":"es-AR","@id":"https:\/\/limage.com.py\/index.php\/producto\/hms-6500\/#primaryimage","url":"https:\/\/limage.com.py\/wp-content\/uploads\/2018\/08\/0004_WhatsApp-Image-2018-09-11-at-21.01.23.jpg","contentUrl":"https:\/\/limage.com.py\/wp-content\/uploads\/2018\/08\/0004_WhatsApp-Image-2018-09-11-at-21.01.23.jpg","width":475,"height":408},{"@type":"WebPage","@id":"https:\/\/limage.com.py\/index.php\/producto\/hms-6500\/#webpage","url":"https:\/\/limage.com.py\/index.php\/producto\/hms-6500\/","name":"HMS 6500 ~ Limage S.R.L","isPartOf":{"@id":"http:\/\/limage.com.py\/#website"},"primaryImageOfPage":{"@id":"https:\/\/limage.com.py\/index.php\/producto\/hms-6500\/#primaryimage"},"datePublished":"2018-08-16T20:45:12+00:00","dateModified":"2018-10-08T14:02:54+00:00","breadcrumb":{"@id":"https:\/\/limage.com.py\/index.php\/producto\/hms-6500\/#breadcrumb"},"inLanguage":"es-AR","potentialAction":[{"@type":"ReadAction","target":["https:\/\/limage.com.py\/index.php\/producto\/hms-6500\/"]}]},{"@type":"BreadcrumbList","@id":"https:\/\/limage.com.py\/index.php\/producto\/hms-6500\/#breadcrumb","itemListElement":[{"@type":"ListItem","position":1,"name":"Inicio","item":"http:\/\/limage.com.py\/"},{"@type":"ListItem","position":2,"name":"Productos","item":"http:\/\/limage.com.py\/index.php\/shop\/"},{"@type":"ListItem","position":3,"name":"HMS 6500"}]}]}},"amp_enabled":true,"_links":{"self":[{"href":"https:\/\/limage.com.py\/index.php\/wp-json\/wp\/v2\/product\/860"}],"collection":[{"href":"https:\/\/limage.com.py\/index.php\/wp-json\/wp\/v2\/product"}],"about":[{"href":"https:\/\/limage.com.py\/index.php\/wp-json\/wp\/v2\/types\/product"}],"replies":[{"embeddable":true,"href":"https:\/\/limage.com.py\/index.php\/wp-json\/wp\/v2\/comments?post=860"}],"wp:featuredmedia":[{"embeddable":true,"href":"https:\/\/limage.com.py\/index.php\/wp-json\/wp\/v2\/media\/1134"}],"wp:attachment":[{"href":"https:\/\/limage.com.py\/index.php\/wp-json\/wp\/v2\/media?parent=860"}],"curies":[{"name":"wp","href":"https:\/\/api.w.org\/{rel}","templated":true}]}}