{"id":858,"date":"2018-08-16T17:42:28","date_gmt":"2018-08-16T20:42:28","guid":{"rendered":"http:\/\/limagesrl.com.ar\/?post_type=product&#038;p=858"},"modified":"2018-10-08T11:02:55","modified_gmt":"2018-10-08T14:02:55","slug":"mesa-de-anestesia-am852","status":"publish","type":"product","link":"https:\/\/limage.com.py\/index.php\/producto\/mesa-de-anestesia-am852\/","title":{"rendered":"AM852"},"content":{"rendered":"","protected":false},"excerpt":{"rendered":"<p>Mesa de anestesia con control neum\u00e1tico que se utiliza para manejar y controlar la respiraci\u00f3n y anestesia de un solo paciente durante la cirug\u00eda . Es apropiada tanto para adultos como para pedi\u00e1tricos (m\u00e1s de 5 kg). Esta m\u00e1quina de anestesia proporciona concentraciones y caudales controlados de gas anest\u00e9sico al sistema respiratorio del paciente (la concentraci\u00f3n de ox\u00edgeno no es menor a 21 %) as\u00ed como tambi\u00e9n un apoyo respiratorio.<br \/>\n<a class=\"maxbutton-1 maxbutton maxbutton-desfri\" target=\"_blank\" rel=\"noopener\" href=\"http:\/\/limagesrl.com.ar\/wp-content\/uploads\/2018\/08\/MESA-DE-ANESTESIA.pdf\"><span class='mb-text'>Ficha T\u00e9cnica<\/span><\/a><\/p>\n","protected":false},"featured_media":1143,"comment_status":"closed","ping_status":"closed","template":"","meta":[],"yoast_head":"<!-- This site is optimized with the Yoast SEO plugin v19.1 - https:\/\/yoast.com\/wordpress\/plugins\/seo\/ -->\n<title>AM852 ~ Limage S.R.L<\/title>\n<meta name=\"robots\" content=\"index, follow, max-snippet:-1, max-image-preview:large, max-video-preview:-1\" \/>\n<link rel=\"canonical\" href=\"https:\/\/limage.com.py\/index.php\/producto\/mesa-de-anestesia-am852\/\" \/>\n<meta property=\"og:locale\" content=\"es_ES\" \/>\n<meta property=\"og:type\" content=\"article\" \/>\n<meta property=\"og:title\" content=\"AM852 ~ Limage S.R.L\" \/>\n<meta property=\"og:description\" content=\"Mesa de anestesia con control neum\u00e1tico que se utiliza para manejar y controlar la respiraci\u00f3n y anestesia de un solo paciente durante la cirug\u00eda . Es apropiada tanto para adultos como para pedi\u00e1tricos (m\u00e1s de 5 kg). Esta m\u00e1quina de anestesia proporciona concentraciones y caudales controlados de gas anest\u00e9sico al sistema respiratorio del paciente (la concentraci\u00f3n de ox\u00edgeno no es menor a 21 %) as\u00ed como tambi\u00e9n un apoyo respiratorio.\" \/>\n<meta property=\"og:url\" content=\"https:\/\/limage.com.py\/index.php\/producto\/mesa-de-anestesia-am852\/\" \/>\n<meta property=\"og:site_name\" content=\"Limage S.R.L\" \/>\n<meta property=\"article:modified_time\" content=\"2018-10-08T14:02:55+00:00\" \/>\n<meta property=\"og:image\" content=\"https:\/\/limage.com.py\/wp-content\/uploads\/2018\/08\/0003_AM852_AlphaLow.jpg\" \/>\n\t<meta property=\"og:image:width\" content=\"1024\" \/>\n\t<meta property=\"og:image:height\" content=\"683\" \/>\n\t<meta property=\"og:image:type\" content=\"image\/jpeg\" \/>\n<meta name=\"twitter:card\" content=\"summary_large_image\" \/>\n<script type=\"application\/ld+json\" class=\"yoast-schema-graph\">{\"@context\":\"https:\/\/schema.org\",\"@graph\":[{\"@type\":\"WebSite\",\"@id\":\"http:\/\/limage.com.py\/#website\",\"url\":\"http:\/\/limage.com.py\/\",\"name\":\"Limage S.R.L\",\"description\":\"Tecnologia Medica\",\"potentialAction\":[{\"@type\":\"SearchAction\",\"target\":{\"@type\":\"EntryPoint\",\"urlTemplate\":\"http:\/\/limage.com.py\/?s={search_term_string}\"},\"query-input\":\"required name=search_term_string\"}],\"inLanguage\":\"es-AR\"},{\"@type\":\"ImageObject\",\"inLanguage\":\"es-AR\",\"@id\":\"https:\/\/limage.com.py\/index.php\/producto\/mesa-de-anestesia-am852\/#primaryimage\",\"url\":\"https:\/\/limage.com.py\/wp-content\/uploads\/2018\/08\/0003_AM852_AlphaLow.jpg\",\"contentUrl\":\"https:\/\/limage.com.py\/wp-content\/uploads\/2018\/08\/0003_AM852_AlphaLow.jpg\",\"width\":1024,\"height\":683},{\"@type\":\"WebPage\",\"@id\":\"https:\/\/limage.com.py\/index.php\/producto\/mesa-de-anestesia-am852\/#webpage\",\"url\":\"https:\/\/limage.com.py\/index.php\/producto\/mesa-de-anestesia-am852\/\",\"name\":\"AM852 ~ Limage S.R.L\",\"isPartOf\":{\"@id\":\"http:\/\/limage.com.py\/#website\"},\"primaryImageOfPage\":{\"@id\":\"https:\/\/limage.com.py\/index.php\/producto\/mesa-de-anestesia-am852\/#primaryimage\"},\"datePublished\":\"2018-08-16T20:42:28+00:00\",\"dateModified\":\"2018-10-08T14:02:55+00:00\",\"breadcrumb\":{\"@id\":\"https:\/\/limage.com.py\/index.php\/producto\/mesa-de-anestesia-am852\/#breadcrumb\"},\"inLanguage\":\"es-AR\",\"potentialAction\":[{\"@type\":\"ReadAction\",\"target\":[\"https:\/\/limage.com.py\/index.php\/producto\/mesa-de-anestesia-am852\/\"]}]},{\"@type\":\"BreadcrumbList\",\"@id\":\"https:\/\/limage.com.py\/index.php\/producto\/mesa-de-anestesia-am852\/#breadcrumb\",\"itemListElement\":[{\"@type\":\"ListItem\",\"position\":1,\"name\":\"Inicio\",\"item\":\"http:\/\/limage.com.py\/\"},{\"@type\":\"ListItem\",\"position\":2,\"name\":\"Productos\",\"item\":\"http:\/\/limage.com.py\/index.php\/shop\/\"},{\"@type\":\"ListItem\",\"position\":3,\"name\":\"AM852\"}]}]}<\/script>\n<!-- \/ Yoast SEO plugin. -->","yoast_head_json":{"title":"AM852 ~ Limage S.R.L","robots":{"index":"index","follow":"follow","max-snippet":"max-snippet:-1","max-image-preview":"max-image-preview:large","max-video-preview":"max-video-preview:-1"},"canonical":"https:\/\/limage.com.py\/index.php\/producto\/mesa-de-anestesia-am852\/","og_locale":"es_ES","og_type":"article","og_title":"AM852 ~ Limage S.R.L","og_description":"Mesa de anestesia con control neum\u00e1tico que se utiliza para manejar y controlar la respiraci\u00f3n y anestesia de un solo paciente durante la cirug\u00eda . Es apropiada tanto para adultos como para pedi\u00e1tricos (m\u00e1s de 5 kg). Esta m\u00e1quina de anestesia proporciona concentraciones y caudales controlados de gas anest\u00e9sico al sistema respiratorio del paciente (la concentraci\u00f3n de ox\u00edgeno no es menor a 21 %) as\u00ed como tambi\u00e9n un apoyo respiratorio.","og_url":"https:\/\/limage.com.py\/index.php\/producto\/mesa-de-anestesia-am852\/","og_site_name":"Limage S.R.L","article_modified_time":"2018-10-08T14:02:55+00:00","og_image":[{"width":1024,"height":683,"url":"https:\/\/limage.com.py\/wp-content\/uploads\/2018\/08\/0003_AM852_AlphaLow.jpg","type":"image\/jpeg"}],"twitter_card":"summary_large_image","schema":{"@context":"https:\/\/schema.org","@graph":[{"@type":"WebSite","@id":"http:\/\/limage.com.py\/#website","url":"http:\/\/limage.com.py\/","name":"Limage S.R.L","description":"Tecnologia Medica","potentialAction":[{"@type":"SearchAction","target":{"@type":"EntryPoint","urlTemplate":"http:\/\/limage.com.py\/?s={search_term_string}"},"query-input":"required name=search_term_string"}],"inLanguage":"es-AR"},{"@type":"ImageObject","inLanguage":"es-AR","@id":"https:\/\/limage.com.py\/index.php\/producto\/mesa-de-anestesia-am852\/#primaryimage","url":"https:\/\/limage.com.py\/wp-content\/uploads\/2018\/08\/0003_AM852_AlphaLow.jpg","contentUrl":"https:\/\/limage.com.py\/wp-content\/uploads\/2018\/08\/0003_AM852_AlphaLow.jpg","width":1024,"height":683},{"@type":"WebPage","@id":"https:\/\/limage.com.py\/index.php\/producto\/mesa-de-anestesia-am852\/#webpage","url":"https:\/\/limage.com.py\/index.php\/producto\/mesa-de-anestesia-am852\/","name":"AM852 ~ Limage S.R.L","isPartOf":{"@id":"http:\/\/limage.com.py\/#website"},"primaryImageOfPage":{"@id":"https:\/\/limage.com.py\/index.php\/producto\/mesa-de-anestesia-am852\/#primaryimage"},"datePublished":"2018-08-16T20:42:28+00:00","dateModified":"2018-10-08T14:02:55+00:00","breadcrumb":{"@id":"https:\/\/limage.com.py\/index.php\/producto\/mesa-de-anestesia-am852\/#breadcrumb"},"inLanguage":"es-AR","potentialAction":[{"@type":"ReadAction","target":["https:\/\/limage.com.py\/index.php\/producto\/mesa-de-anestesia-am852\/"]}]},{"@type":"BreadcrumbList","@id":"https:\/\/limage.com.py\/index.php\/producto\/mesa-de-anestesia-am852\/#breadcrumb","itemListElement":[{"@type":"ListItem","position":1,"name":"Inicio","item":"http:\/\/limage.com.py\/"},{"@type":"ListItem","position":2,"name":"Productos","item":"http:\/\/limage.com.py\/index.php\/shop\/"},{"@type":"ListItem","position":3,"name":"AM852"}]}]}},"amp_enabled":true,"_links":{"self":[{"href":"https:\/\/limage.com.py\/index.php\/wp-json\/wp\/v2\/product\/858"}],"collection":[{"href":"https:\/\/limage.com.py\/index.php\/wp-json\/wp\/v2\/product"}],"about":[{"href":"https:\/\/limage.com.py\/index.php\/wp-json\/wp\/v2\/types\/product"}],"replies":[{"embeddable":true,"href":"https:\/\/limage.com.py\/index.php\/wp-json\/wp\/v2\/comments?post=858"}],"wp:featuredmedia":[{"embeddable":true,"href":"https:\/\/limage.com.py\/index.php\/wp-json\/wp\/v2\/media\/1143"}],"wp:attachment":[{"href":"https:\/\/limage.com.py\/index.php\/wp-json\/wp\/v2\/media?parent=858"}],"curies":[{"name":"wp","href":"https:\/\/api.w.org\/{rel}","templated":true}]}}