{"id":843,"date":"2018-08-01T19:11:39","date_gmt":"2018-08-01T22:11:39","guid":{"rendered":"http:\/\/limagesrl.com.ar\/?post_type=product&#038;p=843"},"modified":"2018-10-09T13:02:14","modified_gmt":"2018-10-09T16:02:14","slug":"cms-60d","status":"publish","type":"product","link":"https:\/\/limage.com.py\/index.php\/producto\/cms-60d\/","title":{"rendered":"CMS 60D"},"content":{"rendered":"","protected":false},"excerpt":{"rendered":"<p>Oximetro de pulso con modo de verificaci\u00f3n de rutina continua. Sincronizaci\u00f3n con PC (Windows Xp y WindowsVista ) con software espec\u00edfico.<br \/>\nVisualizaci\u00f3n: pantalla de 1.8\u00a8 color TFT. Resoluci\u00f3n: 160*128 pixeles.<br \/>\nModo de visualizaci\u00f3n: direcci\u00f3n ajustable. Indica: luz de encendido, sonidos de alarma, tono de pulso. Interfaz: Toma para la conexi\u00f3n de sensores SPO2 y la toma de cables de comunicaci\u00f3n. Bater\u00eda: 2 pilas alcalinas, 2 horas de carga 30 de trabajo continuo. Grabadora: la informaci\u00f3n puede ser almacenada m\u00e1s de 24 horas. Alarma: ajustable a altos y bajos l\u00edmites.<\/p>\n<a class=\"maxbutton-1 maxbutton maxbutton-desfri\" target=\"_blank\" rel=\"noopener\" href=\"http:\/\/limagesrl.com.ar\/wp-content\/uploads\/2018\/10\/Oximetros-Contec-1.jpg\"><span class='mb-text'>Ficha T\u00e9cnica<\/span><\/a>\n","protected":false},"featured_media":1104,"comment_status":"closed","ping_status":"closed","template":"","meta":[],"yoast_head":"<!-- This site is optimized with the Yoast SEO plugin v19.1 - https:\/\/yoast.com\/wordpress\/plugins\/seo\/ -->\n<title>CMS 60D ~ Limage S.R.L<\/title>\n<meta name=\"robots\" content=\"index, follow, max-snippet:-1, max-image-preview:large, max-video-preview:-1\" \/>\n<link rel=\"canonical\" href=\"https:\/\/limage.com.py\/index.php\/producto\/cms-60d\/\" \/>\n<meta property=\"og:locale\" content=\"es_ES\" \/>\n<meta property=\"og:type\" content=\"article\" \/>\n<meta property=\"og:title\" content=\"CMS 60D ~ Limage S.R.L\" \/>\n<meta property=\"og:description\" content=\"Oximetro de pulso con modo de verificaci\u00f3n de rutina continua. Sincronizaci\u00f3n con PC (Windows Xp y WindowsVista ) con software espec\u00edfico. Visualizaci\u00f3n: pantalla de 1.8\u00a8 color TFT. Resoluci\u00f3n: 160*128 pixeles. Modo de visualizaci\u00f3n: direcci\u00f3n ajustable. Indica: luz de encendido, sonidos de alarma, tono de pulso. Interfaz: Toma para la conexi\u00f3n de sensores SPO2 y la toma de cables de comunicaci\u00f3n. Bater\u00eda: 2 pilas alcalinas, 2 horas de carga 30 de trabajo continuo. Grabadora: la informaci\u00f3n puede ser almacenada m\u00e1s de 24 horas. Alarma: ajustable a altos y bajos l\u00edmites.\" \/>\n<meta property=\"og:url\" content=\"https:\/\/limage.com.py\/index.php\/producto\/cms-60d\/\" \/>\n<meta property=\"og:site_name\" content=\"Limage S.R.L\" \/>\n<meta property=\"article:modified_time\" content=\"2018-10-09T16:02:14+00:00\" \/>\n<meta property=\"og:image\" content=\"https:\/\/limage.com.py\/wp-content\/uploads\/2018\/08\/CMS60D.jpg\" \/>\n\t<meta property=\"og:image:width\" content=\"2738\" \/>\n\t<meta property=\"og:image:height\" content=\"1825\" \/>\n\t<meta property=\"og:image:type\" content=\"image\/jpeg\" \/>\n<meta name=\"twitter:card\" content=\"summary_large_image\" \/>\n<script type=\"application\/ld+json\" class=\"yoast-schema-graph\">{\"@context\":\"https:\/\/schema.org\",\"@graph\":[{\"@type\":\"WebSite\",\"@id\":\"http:\/\/limage.com.py\/#website\",\"url\":\"http:\/\/limage.com.py\/\",\"name\":\"Limage S.R.L\",\"description\":\"Tecnologia Medica\",\"potentialAction\":[{\"@type\":\"SearchAction\",\"target\":{\"@type\":\"EntryPoint\",\"urlTemplate\":\"http:\/\/limage.com.py\/?s={search_term_string}\"},\"query-input\":\"required name=search_term_string\"}],\"inLanguage\":\"es-AR\"},{\"@type\":\"ImageObject\",\"inLanguage\":\"es-AR\",\"@id\":\"https:\/\/limage.com.py\/index.php\/producto\/cms-60d\/#primaryimage\",\"url\":\"https:\/\/limage.com.py\/wp-content\/uploads\/2018\/08\/CMS60D.jpg\",\"contentUrl\":\"https:\/\/limage.com.py\/wp-content\/uploads\/2018\/08\/CMS60D.jpg\",\"width\":2738,\"height\":1825},{\"@type\":\"WebPage\",\"@id\":\"https:\/\/limage.com.py\/index.php\/producto\/cms-60d\/#webpage\",\"url\":\"https:\/\/limage.com.py\/index.php\/producto\/cms-60d\/\",\"name\":\"CMS 60D ~ Limage S.R.L\",\"isPartOf\":{\"@id\":\"http:\/\/limage.com.py\/#website\"},\"primaryImageOfPage\":{\"@id\":\"https:\/\/limage.com.py\/index.php\/producto\/cms-60d\/#primaryimage\"},\"datePublished\":\"2018-08-01T22:11:39+00:00\",\"dateModified\":\"2018-10-09T16:02:14+00:00\",\"breadcrumb\":{\"@id\":\"https:\/\/limage.com.py\/index.php\/producto\/cms-60d\/#breadcrumb\"},\"inLanguage\":\"es-AR\",\"potentialAction\":[{\"@type\":\"ReadAction\",\"target\":[\"https:\/\/limage.com.py\/index.php\/producto\/cms-60d\/\"]}]},{\"@type\":\"BreadcrumbList\",\"@id\":\"https:\/\/limage.com.py\/index.php\/producto\/cms-60d\/#breadcrumb\",\"itemListElement\":[{\"@type\":\"ListItem\",\"position\":1,\"name\":\"Inicio\",\"item\":\"http:\/\/limage.com.py\/\"},{\"@type\":\"ListItem\",\"position\":2,\"name\":\"Productos\",\"item\":\"http:\/\/limage.com.py\/index.php\/shop\/\"},{\"@type\":\"ListItem\",\"position\":3,\"name\":\"CMS 60D\"}]}]}<\/script>\n<!-- \/ Yoast SEO plugin. -->","yoast_head_json":{"title":"CMS 60D ~ Limage S.R.L","robots":{"index":"index","follow":"follow","max-snippet":"max-snippet:-1","max-image-preview":"max-image-preview:large","max-video-preview":"max-video-preview:-1"},"canonical":"https:\/\/limage.com.py\/index.php\/producto\/cms-60d\/","og_locale":"es_ES","og_type":"article","og_title":"CMS 60D ~ Limage S.R.L","og_description":"Oximetro de pulso con modo de verificaci\u00f3n de rutina continua. Sincronizaci\u00f3n con PC (Windows Xp y WindowsVista ) con software espec\u00edfico. Visualizaci\u00f3n: pantalla de 1.8\u00a8 color TFT. Resoluci\u00f3n: 160*128 pixeles. Modo de visualizaci\u00f3n: direcci\u00f3n ajustable. Indica: luz de encendido, sonidos de alarma, tono de pulso. Interfaz: Toma para la conexi\u00f3n de sensores SPO2 y la toma de cables de comunicaci\u00f3n. Bater\u00eda: 2 pilas alcalinas, 2 horas de carga 30 de trabajo continuo. Grabadora: la informaci\u00f3n puede ser almacenada m\u00e1s de 24 horas. Alarma: ajustable a altos y bajos l\u00edmites.","og_url":"https:\/\/limage.com.py\/index.php\/producto\/cms-60d\/","og_site_name":"Limage S.R.L","article_modified_time":"2018-10-09T16:02:14+00:00","og_image":[{"width":2738,"height":1825,"url":"https:\/\/limage.com.py\/wp-content\/uploads\/2018\/08\/CMS60D.jpg","type":"image\/jpeg"}],"twitter_card":"summary_large_image","schema":{"@context":"https:\/\/schema.org","@graph":[{"@type":"WebSite","@id":"http:\/\/limage.com.py\/#website","url":"http:\/\/limage.com.py\/","name":"Limage S.R.L","description":"Tecnologia Medica","potentialAction":[{"@type":"SearchAction","target":{"@type":"EntryPoint","urlTemplate":"http:\/\/limage.com.py\/?s={search_term_string}"},"query-input":"required name=search_term_string"}],"inLanguage":"es-AR"},{"@type":"ImageObject","inLanguage":"es-AR","@id":"https:\/\/limage.com.py\/index.php\/producto\/cms-60d\/#primaryimage","url":"https:\/\/limage.com.py\/wp-content\/uploads\/2018\/08\/CMS60D.jpg","contentUrl":"https:\/\/limage.com.py\/wp-content\/uploads\/2018\/08\/CMS60D.jpg","width":2738,"height":1825},{"@type":"WebPage","@id":"https:\/\/limage.com.py\/index.php\/producto\/cms-60d\/#webpage","url":"https:\/\/limage.com.py\/index.php\/producto\/cms-60d\/","name":"CMS 60D ~ Limage S.R.L","isPartOf":{"@id":"http:\/\/limage.com.py\/#website"},"primaryImageOfPage":{"@id":"https:\/\/limage.com.py\/index.php\/producto\/cms-60d\/#primaryimage"},"datePublished":"2018-08-01T22:11:39+00:00","dateModified":"2018-10-09T16:02:14+00:00","breadcrumb":{"@id":"https:\/\/limage.com.py\/index.php\/producto\/cms-60d\/#breadcrumb"},"inLanguage":"es-AR","potentialAction":[{"@type":"ReadAction","target":["https:\/\/limage.com.py\/index.php\/producto\/cms-60d\/"]}]},{"@type":"BreadcrumbList","@id":"https:\/\/limage.com.py\/index.php\/producto\/cms-60d\/#breadcrumb","itemListElement":[{"@type":"ListItem","position":1,"name":"Inicio","item":"http:\/\/limage.com.py\/"},{"@type":"ListItem","position":2,"name":"Productos","item":"http:\/\/limage.com.py\/index.php\/shop\/"},{"@type":"ListItem","position":3,"name":"CMS 60D"}]}]}},"amp_enabled":true,"_links":{"self":[{"href":"https:\/\/limage.com.py\/index.php\/wp-json\/wp\/v2\/product\/843"}],"collection":[{"href":"https:\/\/limage.com.py\/index.php\/wp-json\/wp\/v2\/product"}],"about":[{"href":"https:\/\/limage.com.py\/index.php\/wp-json\/wp\/v2\/types\/product"}],"replies":[{"embeddable":true,"href":"https:\/\/limage.com.py\/index.php\/wp-json\/wp\/v2\/comments?post=843"}],"wp:featuredmedia":[{"embeddable":true,"href":"https:\/\/limage.com.py\/index.php\/wp-json\/wp\/v2\/media\/1104"}],"wp:attachment":[{"href":"https:\/\/limage.com.py\/index.php\/wp-json\/wp\/v2\/media?parent=843"}],"curies":[{"name":"wp","href":"https:\/\/api.w.org\/{rel}","templated":true}]}}