{"id":842,"date":"2018-08-01T19:09:09","date_gmt":"2018-08-01T22:09:09","guid":{"rendered":"http:\/\/limagesrl.com.ar\/?post_type=product&#038;p=842"},"modified":"2018-10-09T13:02:46","modified_gmt":"2018-10-09T16:02:46","slug":"cms-60c","status":"publish","type":"product","link":"https:\/\/limage.com.py\/index.php\/producto\/cms-60c\/","title":{"rendered":"CMS 60C"},"content":{"rendered":"","protected":false},"excerpt":{"rendered":"<p>Ox\u00edmetro de pulso se puede utilizar para medir saturaci\u00f3n de SPo2 y ritmo card\u00edaco a trav\u00e9s del dedo. Es un producto adecuado para usar en el hogar, ambiente hospitalario (incluyendo uso cl\u00ednico en anestesia, pediatr\u00eda, cuidados intensivos, etc.), organizaciones m\u00e9dicas sociales, cuidado f\u00edsico en deportes. El equipo es peque\u00f1o, liviano y port\u00e1til. La bater\u00eda recargable puede operar en forma continua durante 15 horas. Tiene alarmas indicadora de bajo voltaje, apagado autom\u00e1tico y un software para bajar toda la informaci\u00f3n a una PC en un formato PDF<\/p>\n<a class=\"maxbutton-1 maxbutton maxbutton-desfri\" target=\"_blank\" rel=\"noopener\" href=\"http:\/\/limagesrl.com.ar\/wp-content\/uploads\/2018\/10\/Oximetros-Contec-1.jpg\"><span class='mb-text'>Ficha T\u00e9cnica<\/span><\/a>\n","protected":false},"featured_media":1105,"comment_status":"closed","ping_status":"closed","template":"","meta":[],"yoast_head":"<!-- This site is optimized with the Yoast SEO plugin v19.1 - https:\/\/yoast.com\/wordpress\/plugins\/seo\/ -->\n<title>CMS 60C ~ Limage S.R.L<\/title>\n<meta name=\"robots\" content=\"index, follow, max-snippet:-1, max-image-preview:large, max-video-preview:-1\" \/>\n<link rel=\"canonical\" href=\"http:\/\/limage.com.py\/index.php\/producto\/cms-60c\/\" \/>\n<meta property=\"og:locale\" content=\"es_ES\" \/>\n<meta property=\"og:type\" content=\"article\" \/>\n<meta property=\"og:title\" content=\"CMS 60C ~ Limage S.R.L\" \/>\n<meta property=\"og:description\" content=\"Ox\u00edmetro de pulso se puede utilizar para medir saturaci\u00f3n de SPo2 y ritmo card\u00edaco a trav\u00e9s del dedo. Es un producto adecuado para usar en el hogar, ambiente hospitalario (incluyendo uso cl\u00ednico en anestesia, pediatr\u00eda, cuidados intensivos, etc.), organizaciones m\u00e9dicas sociales, cuidado f\u00edsico en deportes. El equipo es peque\u00f1o, liviano y port\u00e1til. La bater\u00eda recargable puede operar en forma continua durante 15 horas. Tiene alarmas indicadora de bajo voltaje, apagado autom\u00e1tico y un software para bajar toda la informaci\u00f3n a una PC en un formato PDF\" \/>\n<meta property=\"og:url\" content=\"http:\/\/limage.com.py\/index.php\/producto\/cms-60c\/\" \/>\n<meta property=\"og:site_name\" content=\"Limage S.R.L\" \/>\n<meta property=\"article:modified_time\" content=\"2018-10-09T16:02:46+00:00\" \/>\n<meta property=\"og:image\" content=\"http:\/\/limage.com.py\/wp-content\/uploads\/2018\/08\/CMS-60C.jpg\" \/>\n\t<meta property=\"og:image:width\" content=\"2738\" \/>\n\t<meta property=\"og:image:height\" content=\"1825\" \/>\n\t<meta property=\"og:image:type\" content=\"image\/jpeg\" \/>\n<meta name=\"twitter:card\" content=\"summary_large_image\" \/>\n<script type=\"application\/ld+json\" class=\"yoast-schema-graph\">{\"@context\":\"https:\/\/schema.org\",\"@graph\":[{\"@type\":\"WebSite\",\"@id\":\"http:\/\/limage.com.py\/#website\",\"url\":\"http:\/\/limage.com.py\/\",\"name\":\"Limage S.R.L\",\"description\":\"Tecnologia Medica\",\"potentialAction\":[{\"@type\":\"SearchAction\",\"target\":{\"@type\":\"EntryPoint\",\"urlTemplate\":\"http:\/\/limage.com.py\/?s={search_term_string}\"},\"query-input\":\"required name=search_term_string\"}],\"inLanguage\":\"es-AR\"},{\"@type\":\"ImageObject\",\"inLanguage\":\"es-AR\",\"@id\":\"http:\/\/limage.com.py\/index.php\/producto\/cms-60c\/#primaryimage\",\"url\":\"https:\/\/limage.com.py\/wp-content\/uploads\/2018\/08\/CMS-60C.jpg\",\"contentUrl\":\"https:\/\/limage.com.py\/wp-content\/uploads\/2018\/08\/CMS-60C.jpg\",\"width\":2738,\"height\":1825},{\"@type\":\"WebPage\",\"@id\":\"http:\/\/limage.com.py\/index.php\/producto\/cms-60c\/#webpage\",\"url\":\"http:\/\/limage.com.py\/index.php\/producto\/cms-60c\/\",\"name\":\"CMS 60C ~ Limage S.R.L\",\"isPartOf\":{\"@id\":\"http:\/\/limage.com.py\/#website\"},\"primaryImageOfPage\":{\"@id\":\"http:\/\/limage.com.py\/index.php\/producto\/cms-60c\/#primaryimage\"},\"datePublished\":\"2018-08-01T22:09:09+00:00\",\"dateModified\":\"2018-10-09T16:02:46+00:00\",\"breadcrumb\":{\"@id\":\"http:\/\/limage.com.py\/index.php\/producto\/cms-60c\/#breadcrumb\"},\"inLanguage\":\"es-AR\",\"potentialAction\":[{\"@type\":\"ReadAction\",\"target\":[\"http:\/\/limage.com.py\/index.php\/producto\/cms-60c\/\"]}]},{\"@type\":\"BreadcrumbList\",\"@id\":\"http:\/\/limage.com.py\/index.php\/producto\/cms-60c\/#breadcrumb\",\"itemListElement\":[{\"@type\":\"ListItem\",\"position\":1,\"name\":\"Inicio\",\"item\":\"http:\/\/limage.com.py\/\"},{\"@type\":\"ListItem\",\"position\":2,\"name\":\"Productos\",\"item\":\"http:\/\/limage.com.py\/index.php\/shop\/\"},{\"@type\":\"ListItem\",\"position\":3,\"name\":\"CMS 60C\"}]}]}<\/script>\n<!-- \/ Yoast SEO plugin. -->","yoast_head_json":{"title":"CMS 60C ~ Limage S.R.L","robots":{"index":"index","follow":"follow","max-snippet":"max-snippet:-1","max-image-preview":"max-image-preview:large","max-video-preview":"max-video-preview:-1"},"canonical":"http:\/\/limage.com.py\/index.php\/producto\/cms-60c\/","og_locale":"es_ES","og_type":"article","og_title":"CMS 60C ~ Limage S.R.L","og_description":"Ox\u00edmetro de pulso se puede utilizar para medir saturaci\u00f3n de SPo2 y ritmo card\u00edaco a trav\u00e9s del dedo. Es un producto adecuado para usar en el hogar, ambiente hospitalario (incluyendo uso cl\u00ednico en anestesia, pediatr\u00eda, cuidados intensivos, etc.), organizaciones m\u00e9dicas sociales, cuidado f\u00edsico en deportes. El equipo es peque\u00f1o, liviano y port\u00e1til. La bater\u00eda recargable puede operar en forma continua durante 15 horas. Tiene alarmas indicadora de bajo voltaje, apagado autom\u00e1tico y un software para bajar toda la informaci\u00f3n a una PC en un formato PDF","og_url":"http:\/\/limage.com.py\/index.php\/producto\/cms-60c\/","og_site_name":"Limage S.R.L","article_modified_time":"2018-10-09T16:02:46+00:00","og_image":[{"width":2738,"height":1825,"url":"http:\/\/limage.com.py\/wp-content\/uploads\/2018\/08\/CMS-60C.jpg","type":"image\/jpeg"}],"twitter_card":"summary_large_image","schema":{"@context":"https:\/\/schema.org","@graph":[{"@type":"WebSite","@id":"http:\/\/limage.com.py\/#website","url":"http:\/\/limage.com.py\/","name":"Limage S.R.L","description":"Tecnologia Medica","potentialAction":[{"@type":"SearchAction","target":{"@type":"EntryPoint","urlTemplate":"http:\/\/limage.com.py\/?s={search_term_string}"},"query-input":"required name=search_term_string"}],"inLanguage":"es-AR"},{"@type":"ImageObject","inLanguage":"es-AR","@id":"http:\/\/limage.com.py\/index.php\/producto\/cms-60c\/#primaryimage","url":"https:\/\/limage.com.py\/wp-content\/uploads\/2018\/08\/CMS-60C.jpg","contentUrl":"https:\/\/limage.com.py\/wp-content\/uploads\/2018\/08\/CMS-60C.jpg","width":2738,"height":1825},{"@type":"WebPage","@id":"http:\/\/limage.com.py\/index.php\/producto\/cms-60c\/#webpage","url":"http:\/\/limage.com.py\/index.php\/producto\/cms-60c\/","name":"CMS 60C ~ Limage S.R.L","isPartOf":{"@id":"http:\/\/limage.com.py\/#website"},"primaryImageOfPage":{"@id":"http:\/\/limage.com.py\/index.php\/producto\/cms-60c\/#primaryimage"},"datePublished":"2018-08-01T22:09:09+00:00","dateModified":"2018-10-09T16:02:46+00:00","breadcrumb":{"@id":"http:\/\/limage.com.py\/index.php\/producto\/cms-60c\/#breadcrumb"},"inLanguage":"es-AR","potentialAction":[{"@type":"ReadAction","target":["http:\/\/limage.com.py\/index.php\/producto\/cms-60c\/"]}]},{"@type":"BreadcrumbList","@id":"http:\/\/limage.com.py\/index.php\/producto\/cms-60c\/#breadcrumb","itemListElement":[{"@type":"ListItem","position":1,"name":"Inicio","item":"http:\/\/limage.com.py\/"},{"@type":"ListItem","position":2,"name":"Productos","item":"http:\/\/limage.com.py\/index.php\/shop\/"},{"@type":"ListItem","position":3,"name":"CMS 60C"}]}]}},"amp_enabled":true,"_links":{"self":[{"href":"https:\/\/limage.com.py\/index.php\/wp-json\/wp\/v2\/product\/842"}],"collection":[{"href":"https:\/\/limage.com.py\/index.php\/wp-json\/wp\/v2\/product"}],"about":[{"href":"https:\/\/limage.com.py\/index.php\/wp-json\/wp\/v2\/types\/product"}],"replies":[{"embeddable":true,"href":"https:\/\/limage.com.py\/index.php\/wp-json\/wp\/v2\/comments?post=842"}],"wp:featuredmedia":[{"embeddable":true,"href":"https:\/\/limage.com.py\/index.php\/wp-json\/wp\/v2\/media\/1105"}],"wp:attachment":[{"href":"https:\/\/limage.com.py\/index.php\/wp-json\/wp\/v2\/media?parent=842"}],"curies":[{"name":"wp","href":"https:\/\/api.w.org\/{rel}","templated":true}]}}