{"id":838,"date":"2018-08-01T19:03:59","date_gmt":"2018-08-01T22:03:59","guid":{"rendered":"http:\/\/limagesrl.com.ar\/?post_type=product&#038;p=838"},"modified":"2018-10-09T13:04:13","modified_gmt":"2018-10-09T16:04:13","slug":"cms-50d","status":"publish","type":"product","link":"https:\/\/limage.com.py\/index.php\/producto\/cms-50d\/","title":{"rendered":"CMS 50D"},"content":{"rendered":"","protected":false},"excerpt":{"rendered":"<p>Ox\u00edmetro de pulso peque\u00f1o, consume poca energ\u00eda, es f\u00e1cil de usar y transportar. Solo necesita colocar el dedo dentro del sensor del dispositivo y el valor de SpO2 aparecer\u00e1 en la pantalla inmediatamente. En la pr\u00e1ctica cl\u00ednica, la tolerancia de error es menor a \u00b12% en el rango de 70% a 100%. Posee curva plestimografica.<\/p>\n<a class=\"maxbutton-1 maxbutton maxbutton-desfri\" target=\"_blank\" rel=\"noopener\" href=\"http:\/\/limagesrl.com.ar\/wp-content\/uploads\/2018\/10\/Oximetros-Contec-1.jpg\"><span class='mb-text'>Ficha T\u00e9cnica<\/span><\/a>\n","protected":false},"featured_media":919,"comment_status":"closed","ping_status":"closed","template":"","meta":[],"yoast_head":"<!-- This site is optimized with the Yoast SEO plugin v19.1 - https:\/\/yoast.com\/wordpress\/plugins\/seo\/ -->\n<title>CMS 50D ~ Limage S.R.L<\/title>\n<meta name=\"robots\" content=\"index, follow, max-snippet:-1, max-image-preview:large, max-video-preview:-1\" \/>\n<link rel=\"canonical\" href=\"https:\/\/limage.com.py\/index.php\/producto\/cms-50d\/\" \/>\n<meta property=\"og:locale\" content=\"es_ES\" \/>\n<meta property=\"og:type\" content=\"article\" \/>\n<meta property=\"og:title\" content=\"CMS 50D ~ Limage S.R.L\" \/>\n<meta property=\"og:description\" content=\"Ox\u00edmetro de pulso peque\u00f1o, consume poca energ\u00eda, es f\u00e1cil de usar y transportar. Solo necesita colocar el dedo dentro del sensor del dispositivo y el valor de SpO2 aparecer\u00e1 en la pantalla inmediatamente. En la pr\u00e1ctica cl\u00ednica, la tolerancia de error es menor a \u00b12% en el rango de 70% a 100%. Posee curva plestimografica.\" \/>\n<meta property=\"og:url\" content=\"https:\/\/limage.com.py\/index.php\/producto\/cms-50d\/\" \/>\n<meta property=\"og:site_name\" content=\"Limage S.R.L\" \/>\n<meta property=\"article:modified_time\" content=\"2018-10-09T16:04:13+00:00\" \/>\n<meta property=\"og:image\" content=\"https:\/\/limage.com.py\/wp-content\/uploads\/2018\/08\/IMG_3434.jpg\" \/>\n\t<meta property=\"og:image:width\" content=\"2738\" \/>\n\t<meta property=\"og:image:height\" content=\"1825\" \/>\n\t<meta property=\"og:image:type\" content=\"image\/jpeg\" \/>\n<meta name=\"twitter:card\" content=\"summary_large_image\" \/>\n<script type=\"application\/ld+json\" class=\"yoast-schema-graph\">{\"@context\":\"https:\/\/schema.org\",\"@graph\":[{\"@type\":\"WebSite\",\"@id\":\"http:\/\/limage.com.py\/#website\",\"url\":\"http:\/\/limage.com.py\/\",\"name\":\"Limage S.R.L\",\"description\":\"Tecnologia Medica\",\"potentialAction\":[{\"@type\":\"SearchAction\",\"target\":{\"@type\":\"EntryPoint\",\"urlTemplate\":\"http:\/\/limage.com.py\/?s={search_term_string}\"},\"query-input\":\"required name=search_term_string\"}],\"inLanguage\":\"es-AR\"},{\"@type\":\"ImageObject\",\"inLanguage\":\"es-AR\",\"@id\":\"https:\/\/limage.com.py\/index.php\/producto\/cms-50d\/#primaryimage\",\"url\":\"https:\/\/limage.com.py\/wp-content\/uploads\/2018\/08\/IMG_3434.jpg\",\"contentUrl\":\"https:\/\/limage.com.py\/wp-content\/uploads\/2018\/08\/IMG_3434.jpg\",\"width\":2738,\"height\":1825},{\"@type\":\"WebPage\",\"@id\":\"https:\/\/limage.com.py\/index.php\/producto\/cms-50d\/#webpage\",\"url\":\"https:\/\/limage.com.py\/index.php\/producto\/cms-50d\/\",\"name\":\"CMS 50D ~ Limage S.R.L\",\"isPartOf\":{\"@id\":\"http:\/\/limage.com.py\/#website\"},\"primaryImageOfPage\":{\"@id\":\"https:\/\/limage.com.py\/index.php\/producto\/cms-50d\/#primaryimage\"},\"datePublished\":\"2018-08-01T22:03:59+00:00\",\"dateModified\":\"2018-10-09T16:04:13+00:00\",\"breadcrumb\":{\"@id\":\"https:\/\/limage.com.py\/index.php\/producto\/cms-50d\/#breadcrumb\"},\"inLanguage\":\"es-AR\",\"potentialAction\":[{\"@type\":\"ReadAction\",\"target\":[\"https:\/\/limage.com.py\/index.php\/producto\/cms-50d\/\"]}]},{\"@type\":\"BreadcrumbList\",\"@id\":\"https:\/\/limage.com.py\/index.php\/producto\/cms-50d\/#breadcrumb\",\"itemListElement\":[{\"@type\":\"ListItem\",\"position\":1,\"name\":\"Inicio\",\"item\":\"http:\/\/limage.com.py\/\"},{\"@type\":\"ListItem\",\"position\":2,\"name\":\"Productos\",\"item\":\"http:\/\/limage.com.py\/index.php\/shop\/\"},{\"@type\":\"ListItem\",\"position\":3,\"name\":\"CMS 50D\"}]}]}<\/script>\n<!-- \/ Yoast SEO plugin. -->","yoast_head_json":{"title":"CMS 50D ~ Limage S.R.L","robots":{"index":"index","follow":"follow","max-snippet":"max-snippet:-1","max-image-preview":"max-image-preview:large","max-video-preview":"max-video-preview:-1"},"canonical":"https:\/\/limage.com.py\/index.php\/producto\/cms-50d\/","og_locale":"es_ES","og_type":"article","og_title":"CMS 50D ~ Limage S.R.L","og_description":"Ox\u00edmetro de pulso peque\u00f1o, consume poca energ\u00eda, es f\u00e1cil de usar y transportar. Solo necesita colocar el dedo dentro del sensor del dispositivo y el valor de SpO2 aparecer\u00e1 en la pantalla inmediatamente. En la pr\u00e1ctica cl\u00ednica, la tolerancia de error es menor a \u00b12% en el rango de 70% a 100%. Posee curva plestimografica.","og_url":"https:\/\/limage.com.py\/index.php\/producto\/cms-50d\/","og_site_name":"Limage S.R.L","article_modified_time":"2018-10-09T16:04:13+00:00","og_image":[{"width":2738,"height":1825,"url":"https:\/\/limage.com.py\/wp-content\/uploads\/2018\/08\/IMG_3434.jpg","type":"image\/jpeg"}],"twitter_card":"summary_large_image","schema":{"@context":"https:\/\/schema.org","@graph":[{"@type":"WebSite","@id":"http:\/\/limage.com.py\/#website","url":"http:\/\/limage.com.py\/","name":"Limage S.R.L","description":"Tecnologia Medica","potentialAction":[{"@type":"SearchAction","target":{"@type":"EntryPoint","urlTemplate":"http:\/\/limage.com.py\/?s={search_term_string}"},"query-input":"required name=search_term_string"}],"inLanguage":"es-AR"},{"@type":"ImageObject","inLanguage":"es-AR","@id":"https:\/\/limage.com.py\/index.php\/producto\/cms-50d\/#primaryimage","url":"https:\/\/limage.com.py\/wp-content\/uploads\/2018\/08\/IMG_3434.jpg","contentUrl":"https:\/\/limage.com.py\/wp-content\/uploads\/2018\/08\/IMG_3434.jpg","width":2738,"height":1825},{"@type":"WebPage","@id":"https:\/\/limage.com.py\/index.php\/producto\/cms-50d\/#webpage","url":"https:\/\/limage.com.py\/index.php\/producto\/cms-50d\/","name":"CMS 50D ~ Limage S.R.L","isPartOf":{"@id":"http:\/\/limage.com.py\/#website"},"primaryImageOfPage":{"@id":"https:\/\/limage.com.py\/index.php\/producto\/cms-50d\/#primaryimage"},"datePublished":"2018-08-01T22:03:59+00:00","dateModified":"2018-10-09T16:04:13+00:00","breadcrumb":{"@id":"https:\/\/limage.com.py\/index.php\/producto\/cms-50d\/#breadcrumb"},"inLanguage":"es-AR","potentialAction":[{"@type":"ReadAction","target":["https:\/\/limage.com.py\/index.php\/producto\/cms-50d\/"]}]},{"@type":"BreadcrumbList","@id":"https:\/\/limage.com.py\/index.php\/producto\/cms-50d\/#breadcrumb","itemListElement":[{"@type":"ListItem","position":1,"name":"Inicio","item":"http:\/\/limage.com.py\/"},{"@type":"ListItem","position":2,"name":"Productos","item":"http:\/\/limage.com.py\/index.php\/shop\/"},{"@type":"ListItem","position":3,"name":"CMS 50D"}]}]}},"amp_enabled":true,"_links":{"self":[{"href":"https:\/\/limage.com.py\/index.php\/wp-json\/wp\/v2\/product\/838"}],"collection":[{"href":"https:\/\/limage.com.py\/index.php\/wp-json\/wp\/v2\/product"}],"about":[{"href":"https:\/\/limage.com.py\/index.php\/wp-json\/wp\/v2\/types\/product"}],"replies":[{"embeddable":true,"href":"https:\/\/limage.com.py\/index.php\/wp-json\/wp\/v2\/comments?post=838"}],"wp:featuredmedia":[{"embeddable":true,"href":"https:\/\/limage.com.py\/index.php\/wp-json\/wp\/v2\/media\/919"}],"wp:attachment":[{"href":"https:\/\/limage.com.py\/index.php\/wp-json\/wp\/v2\/media?parent=838"}],"curies":[{"name":"wp","href":"https:\/\/api.w.org\/{rel}","templated":true}]}}