{"id":832,"date":"2018-08-01T18:56:47","date_gmt":"2018-08-01T21:56:47","guid":{"rendered":"http:\/\/limagesrl.com.ar\/?post_type=product&#038;p=832"},"modified":"2018-10-09T12:18:09","modified_gmt":"2018-10-09T15:18:09","slug":"tlc-9804-4-canales","status":"publish","type":"product","link":"https:\/\/limage.com.py\/index.php\/producto\/tlc-9804-4-canales\/","title":{"rendered":"TLC 9804 4 Canales"},"content":{"rendered":"","protected":false},"excerpt":{"rendered":"<p>Holter 9804: La serie del sistema\u00a0 TLC\u00a0 se compone de los grabadores de ECG, un sistema de computadora, una impresora l\u00e1ser y el software. La grabadora adopta la tecnolog\u00eda PCB y SMD, medios de almacenamiento flash generaci\u00f3n que aumenta su capacidad de memoria. La velocidad de muestreo de 200, 500, 1000 muestras\/seg ha mejorado la calidad de forma de onda. El software del sistema est\u00e1 marcado por la AHA y el MIT, garantizar su exactitud.<\/p>\n<p>&nbsp;<\/p>\n<p><strong>Caracter\u00edsticas:<\/strong><\/p>\n<ul>\n<li>Intuitiva interfaz de software de Windows.<\/li>\n<li>Sistema de an\u00e1lisis r\u00e1pido y preciso.<\/li>\n<li>Sistema de edici\u00f3n especial del punto R.<\/li>\n<li>Canal principal opcional.<\/li>\n<li>Funci\u00f3n de an\u00e1lisis perfecto del segmento ST.<\/li>\n<li>La funci\u00f3n de an\u00e1lisis de la onda t de todos los canales y gr\u00e1fico de tendencia de onda T.<\/li>\n<li>Revisi\u00f3n de la gr\u00e1fica de tendencia de ECG de cada vez.<\/li>\n<li>El sistema de an\u00e1lisis de la variabilidad de HR, proporcionando la SDNN regular, SDANN, RMSSD, LF, HF, dominio de tiempo y dominio de la frecuencia.<\/li>\n<li>An\u00e1lisis QT y gr\u00e1fico de tendencia QT.<\/li>\n<li>Adquirir ritmo ECG directamente sin canal separado, tambi\u00e9n tienen las funciones de VCG, LPG, alta frecuencia ECG, FCG.<\/li>\n<\/ul>\n<p><strong>Grabadora:<\/strong><\/p>\n<ul>\n<li>Una de la m\u00e1s peque\u00f1a grabadora de ECG en el mundo.<\/li>\n<li>Capacidad es de hasta 1200 KB.<\/li>\n<li>Velocidad de muestreo seleccionable, 200, 500, 1000 muestras\/seg.<\/li>\n<li>Precisi\u00f3n de muestreo: 8, 12 bits<\/li>\n<li>Medios de almacenamiento construir en FLASH, que pueden abstenerse repetidamente la tarjeta flash de insertada y tire hacia fuera.<\/li>\n<li>Interfaz USB.<\/li>\n<\/ul>\n","protected":false},"featured_media":983,"comment_status":"closed","ping_status":"closed","template":"","meta":[],"yoast_head":"<!-- This site is optimized with the Yoast SEO plugin v19.1 - https:\/\/yoast.com\/wordpress\/plugins\/seo\/ -->\n<title>TLC 9804 4 Canales ~ Limage S.R.L<\/title>\n<meta name=\"robots\" content=\"index, follow, max-snippet:-1, max-image-preview:large, max-video-preview:-1\" \/>\n<link rel=\"canonical\" href=\"https:\/\/limage.com.py\/index.php\/producto\/tlc-9804-4-canales\/\" \/>\n<meta property=\"og:locale\" content=\"es_ES\" \/>\n<meta property=\"og:type\" content=\"article\" \/>\n<meta property=\"og:title\" content=\"TLC 9804 4 Canales ~ Limage S.R.L\" \/>\n<meta property=\"og:description\" content=\"Holter 9804: La serie del sistema\u00a0 TLC\u00a0 se compone de los grabadores de ECG, un sistema de computadora, una impresora l\u00e1ser y el software. La grabadora adopta la tecnolog\u00eda PCB y SMD, medios de almacenamiento flash generaci\u00f3n que aumenta su capacidad de memoria. La velocidad de muestreo de 200, 500, 1000 muestras\/seg ha mejorado la calidad de forma de onda. El software del sistema est\u00e1 marcado por la AHA y el MIT, garantizar su exactitud.  &nbsp;  Caracter\u00edsticas:   Intuitiva interfaz de software de Windows.  Sistema de an\u00e1lisis r\u00e1pido y preciso.  Sistema de edici\u00f3n especial del punto R.  Canal principal opcional.  Funci\u00f3n de an\u00e1lisis perfecto del segmento ST.  La funci\u00f3n de an\u00e1lisis de la onda t de todos los canales y gr\u00e1fico de tendencia de onda T.  Revisi\u00f3n de la gr\u00e1fica de tendencia de ECG de cada vez.  El sistema de an\u00e1lisis de la variabilidad de HR, proporcionando la SDNN regular, SDANN, RMSSD, LF, HF, dominio de tiempo y dominio de la frecuencia.  An\u00e1lisis QT y gr\u00e1fico de tendencia QT.  Adquirir ritmo ECG directamente sin canal separado, tambi\u00e9n tienen las funciones de VCG, LPG, alta frecuencia ECG, FCG.  Grabadora:   Una de la m\u00e1s peque\u00f1a grabadora de ECG en el mundo.  Capacidad es de hasta 1200 KB.  Velocidad de muestreo seleccionable, 200, 500, 1000 muestras\/seg.  Precisi\u00f3n de muestreo: 8, 12 bits  Medios de almacenamiento construir en FLASH, que pueden abstenerse repetidamente la tarjeta flash de insertada y tire hacia fuera.  Interfaz USB.\" \/>\n<meta property=\"og:url\" content=\"https:\/\/limage.com.py\/index.php\/producto\/tlc-9804-4-canales\/\" \/>\n<meta property=\"og:site_name\" content=\"Limage S.R.L\" \/>\n<meta property=\"article:modified_time\" content=\"2018-10-09T15:18:09+00:00\" \/>\n<meta property=\"og:image\" content=\"https:\/\/limage.com.py\/wp-content\/uploads\/2018\/08\/descarga-2.jpg\" \/>\n\t<meta property=\"og:image:width\" content=\"215\" \/>\n\t<meta property=\"og:image:height\" content=\"235\" \/>\n\t<meta property=\"og:image:type\" content=\"image\/jpeg\" \/>\n<meta name=\"twitter:card\" content=\"summary_large_image\" \/>\n<script type=\"application\/ld+json\" class=\"yoast-schema-graph\">{\"@context\":\"https:\/\/schema.org\",\"@graph\":[{\"@type\":\"WebSite\",\"@id\":\"http:\/\/limage.com.py\/#website\",\"url\":\"http:\/\/limage.com.py\/\",\"name\":\"Limage S.R.L\",\"description\":\"Tecnologia Medica\",\"potentialAction\":[{\"@type\":\"SearchAction\",\"target\":{\"@type\":\"EntryPoint\",\"urlTemplate\":\"http:\/\/limage.com.py\/?s={search_term_string}\"},\"query-input\":\"required name=search_term_string\"}],\"inLanguage\":\"es-AR\"},{\"@type\":\"ImageObject\",\"inLanguage\":\"es-AR\",\"@id\":\"https:\/\/limage.com.py\/index.php\/producto\/tlc-9804-4-canales\/#primaryimage\",\"url\":\"https:\/\/limage.com.py\/wp-content\/uploads\/2018\/08\/descarga-2.jpg\",\"contentUrl\":\"https:\/\/limage.com.py\/wp-content\/uploads\/2018\/08\/descarga-2.jpg\",\"width\":215,\"height\":235},{\"@type\":\"WebPage\",\"@id\":\"https:\/\/limage.com.py\/index.php\/producto\/tlc-9804-4-canales\/#webpage\",\"url\":\"https:\/\/limage.com.py\/index.php\/producto\/tlc-9804-4-canales\/\",\"name\":\"TLC 9804 4 Canales ~ Limage S.R.L\",\"isPartOf\":{\"@id\":\"http:\/\/limage.com.py\/#website\"},\"primaryImageOfPage\":{\"@id\":\"https:\/\/limage.com.py\/index.php\/producto\/tlc-9804-4-canales\/#primaryimage\"},\"datePublished\":\"2018-08-01T21:56:47+00:00\",\"dateModified\":\"2018-10-09T15:18:09+00:00\",\"breadcrumb\":{\"@id\":\"https:\/\/limage.com.py\/index.php\/producto\/tlc-9804-4-canales\/#breadcrumb\"},\"inLanguage\":\"es-AR\",\"potentialAction\":[{\"@type\":\"ReadAction\",\"target\":[\"https:\/\/limage.com.py\/index.php\/producto\/tlc-9804-4-canales\/\"]}]},{\"@type\":\"BreadcrumbList\",\"@id\":\"https:\/\/limage.com.py\/index.php\/producto\/tlc-9804-4-canales\/#breadcrumb\",\"itemListElement\":[{\"@type\":\"ListItem\",\"position\":1,\"name\":\"Inicio\",\"item\":\"http:\/\/limage.com.py\/\"},{\"@type\":\"ListItem\",\"position\":2,\"name\":\"Productos\",\"item\":\"http:\/\/limage.com.py\/index.php\/shop\/\"},{\"@type\":\"ListItem\",\"position\":3,\"name\":\"TLC 9804 4 Canales\"}]}]}<\/script>\n<!-- \/ Yoast SEO plugin. -->","yoast_head_json":{"title":"TLC 9804 4 Canales ~ Limage S.R.L","robots":{"index":"index","follow":"follow","max-snippet":"max-snippet:-1","max-image-preview":"max-image-preview:large","max-video-preview":"max-video-preview:-1"},"canonical":"https:\/\/limage.com.py\/index.php\/producto\/tlc-9804-4-canales\/","og_locale":"es_ES","og_type":"article","og_title":"TLC 9804 4 Canales ~ Limage S.R.L","og_description":"Holter 9804: La serie del sistema\u00a0 TLC\u00a0 se compone de los grabadores de ECG, un sistema de computadora, una impresora l\u00e1ser y el software. La grabadora adopta la tecnolog\u00eda PCB y SMD, medios de almacenamiento flash generaci\u00f3n que aumenta su capacidad de memoria. La velocidad de muestreo de 200, 500, 1000 muestras\/seg ha mejorado la calidad de forma de onda. El software del sistema est\u00e1 marcado por la AHA y el MIT, garantizar su exactitud.  &nbsp;  Caracter\u00edsticas:   Intuitiva interfaz de software de Windows.  Sistema de an\u00e1lisis r\u00e1pido y preciso.  Sistema de edici\u00f3n especial del punto R.  Canal principal opcional.  Funci\u00f3n de an\u00e1lisis perfecto del segmento ST.  La funci\u00f3n de an\u00e1lisis de la onda t de todos los canales y gr\u00e1fico de tendencia de onda T.  Revisi\u00f3n de la gr\u00e1fica de tendencia de ECG de cada vez.  El sistema de an\u00e1lisis de la variabilidad de HR, proporcionando la SDNN regular, SDANN, RMSSD, LF, HF, dominio de tiempo y dominio de la frecuencia.  An\u00e1lisis QT y gr\u00e1fico de tendencia QT.  Adquirir ritmo ECG directamente sin canal separado, tambi\u00e9n tienen las funciones de VCG, LPG, alta frecuencia ECG, FCG.  Grabadora:   Una de la m\u00e1s peque\u00f1a grabadora de ECG en el mundo.  Capacidad es de hasta 1200 KB.  Velocidad de muestreo seleccionable, 200, 500, 1000 muestras\/seg.  Precisi\u00f3n de muestreo: 8, 12 bits  Medios de almacenamiento construir en FLASH, que pueden abstenerse repetidamente la tarjeta flash de insertada y tire hacia fuera.  Interfaz USB.","og_url":"https:\/\/limage.com.py\/index.php\/producto\/tlc-9804-4-canales\/","og_site_name":"Limage S.R.L","article_modified_time":"2018-10-09T15:18:09+00:00","og_image":[{"width":215,"height":235,"url":"https:\/\/limage.com.py\/wp-content\/uploads\/2018\/08\/descarga-2.jpg","type":"image\/jpeg"}],"twitter_card":"summary_large_image","schema":{"@context":"https:\/\/schema.org","@graph":[{"@type":"WebSite","@id":"http:\/\/limage.com.py\/#website","url":"http:\/\/limage.com.py\/","name":"Limage S.R.L","description":"Tecnologia Medica","potentialAction":[{"@type":"SearchAction","target":{"@type":"EntryPoint","urlTemplate":"http:\/\/limage.com.py\/?s={search_term_string}"},"query-input":"required name=search_term_string"}],"inLanguage":"es-AR"},{"@type":"ImageObject","inLanguage":"es-AR","@id":"https:\/\/limage.com.py\/index.php\/producto\/tlc-9804-4-canales\/#primaryimage","url":"https:\/\/limage.com.py\/wp-content\/uploads\/2018\/08\/descarga-2.jpg","contentUrl":"https:\/\/limage.com.py\/wp-content\/uploads\/2018\/08\/descarga-2.jpg","width":215,"height":235},{"@type":"WebPage","@id":"https:\/\/limage.com.py\/index.php\/producto\/tlc-9804-4-canales\/#webpage","url":"https:\/\/limage.com.py\/index.php\/producto\/tlc-9804-4-canales\/","name":"TLC 9804 4 Canales ~ Limage S.R.L","isPartOf":{"@id":"http:\/\/limage.com.py\/#website"},"primaryImageOfPage":{"@id":"https:\/\/limage.com.py\/index.php\/producto\/tlc-9804-4-canales\/#primaryimage"},"datePublished":"2018-08-01T21:56:47+00:00","dateModified":"2018-10-09T15:18:09+00:00","breadcrumb":{"@id":"https:\/\/limage.com.py\/index.php\/producto\/tlc-9804-4-canales\/#breadcrumb"},"inLanguage":"es-AR","potentialAction":[{"@type":"ReadAction","target":["https:\/\/limage.com.py\/index.php\/producto\/tlc-9804-4-canales\/"]}]},{"@type":"BreadcrumbList","@id":"https:\/\/limage.com.py\/index.php\/producto\/tlc-9804-4-canales\/#breadcrumb","itemListElement":[{"@type":"ListItem","position":1,"name":"Inicio","item":"http:\/\/limage.com.py\/"},{"@type":"ListItem","position":2,"name":"Productos","item":"http:\/\/limage.com.py\/index.php\/shop\/"},{"@type":"ListItem","position":3,"name":"TLC 9804 4 Canales"}]}]}},"amp_enabled":true,"_links":{"self":[{"href":"https:\/\/limage.com.py\/index.php\/wp-json\/wp\/v2\/product\/832"}],"collection":[{"href":"https:\/\/limage.com.py\/index.php\/wp-json\/wp\/v2\/product"}],"about":[{"href":"https:\/\/limage.com.py\/index.php\/wp-json\/wp\/v2\/types\/product"}],"replies":[{"embeddable":true,"href":"https:\/\/limage.com.py\/index.php\/wp-json\/wp\/v2\/comments?post=832"}],"wp:featuredmedia":[{"embeddable":true,"href":"https:\/\/limage.com.py\/index.php\/wp-json\/wp\/v2\/media\/983"}],"wp:attachment":[{"href":"https:\/\/limage.com.py\/index.php\/wp-json\/wp\/v2\/media?parent=832"}],"curies":[{"name":"wp","href":"https:\/\/api.w.org\/{rel}","templated":true}]}}