{"id":829,"date":"2018-08-01T18:53:28","date_gmt":"2018-08-01T21:53:28","guid":{"rendered":"http:\/\/limagesrl.com.ar\/?post_type=product&#038;p=829"},"modified":"2018-10-09T08:20:16","modified_gmt":"2018-10-09T11:20:16","slug":"ecg-300g-3-canales","status":"publish","type":"product","link":"https:\/\/limage.com.py\/index.php\/producto\/ecg-300g-3-canales\/","title":{"rendered":"ECG 300G 3 Canales"},"content":{"rendered":"","protected":false},"excerpt":{"rendered":"<p>Electrocardi\u00f3grafo de tres canales, con pantalla TFT de 3.5&#8243;, impresora t\u00e9rmica y bater\u00eda de litio recargable que soporta hasta 150 estudios.<br \/>\n<a class=\"maxbutton-1 maxbutton maxbutton-desfri\" target=\"_blank\" rel=\"noopener\" href=\"http:\/\/limagesrl.com.ar\/wp-content\/uploads\/2018\/10\/Electrocardiograsof-V.pdf\"><span class='mb-text'>Ficha T\u00e9cnica<\/span><\/a><\/p>\n","protected":false},"featured_media":1063,"comment_status":"closed","ping_status":"closed","template":"","meta":[],"yoast_head":"<!-- This site is optimized with the Yoast SEO plugin v19.1 - https:\/\/yoast.com\/wordpress\/plugins\/seo\/ -->\n<title>ECG 300G 3 Canales ~ Limage S.R.L<\/title>\n<meta name=\"robots\" content=\"index, follow, max-snippet:-1, max-image-preview:large, max-video-preview:-1\" \/>\n<link rel=\"canonical\" href=\"https:\/\/limage.com.py\/index.php\/producto\/ecg-300g-3-canales\/\" \/>\n<meta property=\"og:locale\" content=\"es_ES\" \/>\n<meta property=\"og:type\" content=\"article\" \/>\n<meta property=\"og:title\" content=\"ECG 300G 3 Canales ~ Limage S.R.L\" \/>\n<meta property=\"og:description\" content=\"Electrocardi\u00f3grafo de tres canales, con pantalla TFT de 3.5&quot;, impresora t\u00e9rmica y bater\u00eda de litio recargable que soporta hasta 150 estudios.\" \/>\n<meta property=\"og:url\" content=\"https:\/\/limage.com.py\/index.php\/producto\/ecg-300g-3-canales\/\" \/>\n<meta property=\"og:site_name\" content=\"Limage S.R.L\" \/>\n<meta property=\"article:modified_time\" content=\"2018-10-09T11:20:16+00:00\" \/>\n<meta property=\"og:image\" content=\"https:\/\/limage.com.py\/wp-content\/uploads\/2018\/08\/ECG-100G-1024x683.png\" \/>\n\t<meta property=\"og:image:width\" content=\"1024\" \/>\n\t<meta property=\"og:image:height\" content=\"683\" \/>\n\t<meta property=\"og:image:type\" content=\"image\/png\" \/>\n<meta name=\"twitter:card\" content=\"summary_large_image\" \/>\n<script type=\"application\/ld+json\" class=\"yoast-schema-graph\">{\"@context\":\"https:\/\/schema.org\",\"@graph\":[{\"@type\":\"WebSite\",\"@id\":\"http:\/\/limage.com.py\/#website\",\"url\":\"http:\/\/limage.com.py\/\",\"name\":\"Limage S.R.L\",\"description\":\"Tecnologia Medica\",\"potentialAction\":[{\"@type\":\"SearchAction\",\"target\":{\"@type\":\"EntryPoint\",\"urlTemplate\":\"http:\/\/limage.com.py\/?s={search_term_string}\"},\"query-input\":\"required name=search_term_string\"}],\"inLanguage\":\"es-AR\"},{\"@type\":\"ImageObject\",\"inLanguage\":\"es-AR\",\"@id\":\"https:\/\/limage.com.py\/index.php\/producto\/ecg-300g-3-canales\/#primaryimage\",\"url\":\"https:\/\/limage.com.py\/wp-content\/uploads\/2018\/08\/ECG-100G.png\",\"contentUrl\":\"https:\/\/limage.com.py\/wp-content\/uploads\/2018\/08\/ECG-100G.png\",\"width\":2738,\"height\":1825},{\"@type\":\"WebPage\",\"@id\":\"https:\/\/limage.com.py\/index.php\/producto\/ecg-300g-3-canales\/#webpage\",\"url\":\"https:\/\/limage.com.py\/index.php\/producto\/ecg-300g-3-canales\/\",\"name\":\"ECG 300G 3 Canales ~ Limage S.R.L\",\"isPartOf\":{\"@id\":\"http:\/\/limage.com.py\/#website\"},\"primaryImageOfPage\":{\"@id\":\"https:\/\/limage.com.py\/index.php\/producto\/ecg-300g-3-canales\/#primaryimage\"},\"datePublished\":\"2018-08-01T21:53:28+00:00\",\"dateModified\":\"2018-10-09T11:20:16+00:00\",\"breadcrumb\":{\"@id\":\"https:\/\/limage.com.py\/index.php\/producto\/ecg-300g-3-canales\/#breadcrumb\"},\"inLanguage\":\"es-AR\",\"potentialAction\":[{\"@type\":\"ReadAction\",\"target\":[\"https:\/\/limage.com.py\/index.php\/producto\/ecg-300g-3-canales\/\"]}]},{\"@type\":\"BreadcrumbList\",\"@id\":\"https:\/\/limage.com.py\/index.php\/producto\/ecg-300g-3-canales\/#breadcrumb\",\"itemListElement\":[{\"@type\":\"ListItem\",\"position\":1,\"name\":\"Inicio\",\"item\":\"http:\/\/limage.com.py\/\"},{\"@type\":\"ListItem\",\"position\":2,\"name\":\"Productos\",\"item\":\"http:\/\/limage.com.py\/index.php\/shop\/\"},{\"@type\":\"ListItem\",\"position\":3,\"name\":\"ECG 300G 3 Canales\"}]}]}<\/script>\n<!-- \/ Yoast SEO plugin. -->","yoast_head_json":{"title":"ECG 300G 3 Canales ~ Limage S.R.L","robots":{"index":"index","follow":"follow","max-snippet":"max-snippet:-1","max-image-preview":"max-image-preview:large","max-video-preview":"max-video-preview:-1"},"canonical":"https:\/\/limage.com.py\/index.php\/producto\/ecg-300g-3-canales\/","og_locale":"es_ES","og_type":"article","og_title":"ECG 300G 3 Canales ~ Limage S.R.L","og_description":"Electrocardi\u00f3grafo de tres canales, con pantalla TFT de 3.5\", impresora t\u00e9rmica y bater\u00eda de litio recargable que soporta hasta 150 estudios.","og_url":"https:\/\/limage.com.py\/index.php\/producto\/ecg-300g-3-canales\/","og_site_name":"Limage S.R.L","article_modified_time":"2018-10-09T11:20:16+00:00","og_image":[{"width":1024,"height":683,"url":"https:\/\/limage.com.py\/wp-content\/uploads\/2018\/08\/ECG-100G-1024x683.png","type":"image\/png"}],"twitter_card":"summary_large_image","schema":{"@context":"https:\/\/schema.org","@graph":[{"@type":"WebSite","@id":"http:\/\/limage.com.py\/#website","url":"http:\/\/limage.com.py\/","name":"Limage S.R.L","description":"Tecnologia Medica","potentialAction":[{"@type":"SearchAction","target":{"@type":"EntryPoint","urlTemplate":"http:\/\/limage.com.py\/?s={search_term_string}"},"query-input":"required name=search_term_string"}],"inLanguage":"es-AR"},{"@type":"ImageObject","inLanguage":"es-AR","@id":"https:\/\/limage.com.py\/index.php\/producto\/ecg-300g-3-canales\/#primaryimage","url":"https:\/\/limage.com.py\/wp-content\/uploads\/2018\/08\/ECG-100G.png","contentUrl":"https:\/\/limage.com.py\/wp-content\/uploads\/2018\/08\/ECG-100G.png","width":2738,"height":1825},{"@type":"WebPage","@id":"https:\/\/limage.com.py\/index.php\/producto\/ecg-300g-3-canales\/#webpage","url":"https:\/\/limage.com.py\/index.php\/producto\/ecg-300g-3-canales\/","name":"ECG 300G 3 Canales ~ Limage S.R.L","isPartOf":{"@id":"http:\/\/limage.com.py\/#website"},"primaryImageOfPage":{"@id":"https:\/\/limage.com.py\/index.php\/producto\/ecg-300g-3-canales\/#primaryimage"},"datePublished":"2018-08-01T21:53:28+00:00","dateModified":"2018-10-09T11:20:16+00:00","breadcrumb":{"@id":"https:\/\/limage.com.py\/index.php\/producto\/ecg-300g-3-canales\/#breadcrumb"},"inLanguage":"es-AR","potentialAction":[{"@type":"ReadAction","target":["https:\/\/limage.com.py\/index.php\/producto\/ecg-300g-3-canales\/"]}]},{"@type":"BreadcrumbList","@id":"https:\/\/limage.com.py\/index.php\/producto\/ecg-300g-3-canales\/#breadcrumb","itemListElement":[{"@type":"ListItem","position":1,"name":"Inicio","item":"http:\/\/limage.com.py\/"},{"@type":"ListItem","position":2,"name":"Productos","item":"http:\/\/limage.com.py\/index.php\/shop\/"},{"@type":"ListItem","position":3,"name":"ECG 300G 3 Canales"}]}]}},"amp_enabled":true,"_links":{"self":[{"href":"https:\/\/limage.com.py\/index.php\/wp-json\/wp\/v2\/product\/829"}],"collection":[{"href":"https:\/\/limage.com.py\/index.php\/wp-json\/wp\/v2\/product"}],"about":[{"href":"https:\/\/limage.com.py\/index.php\/wp-json\/wp\/v2\/types\/product"}],"replies":[{"embeddable":true,"href":"https:\/\/limage.com.py\/index.php\/wp-json\/wp\/v2\/comments?post=829"}],"wp:featuredmedia":[{"embeddable":true,"href":"https:\/\/limage.com.py\/index.php\/wp-json\/wp\/v2\/media\/1063"}],"wp:attachment":[{"href":"https:\/\/limage.com.py\/index.php\/wp-json\/wp\/v2\/media?parent=829"}],"curies":[{"name":"wp","href":"https:\/\/api.w.org\/{rel}","templated":true}]}}