{"id":828,"date":"2018-08-01T18:15:43","date_gmt":"2018-08-01T21:15:43","guid":{"rendered":"http:\/\/limagesrl.com.ar\/?post_type=product&#038;p=828"},"modified":"2018-10-09T08:20:40","modified_gmt":"2018-10-09T11:20:40","slug":"ecg-1200g","status":"publish","type":"product","link":"https:\/\/limage.com.py\/index.php\/producto\/ecg-1200g\/","title":{"rendered":"ECG 1200G"},"content":{"rendered":"","protected":false},"excerpt":{"rendered":"<p>Electrocardi\u00f3grafo de 12 derivaciones, pantalla TFT de 8&#8243; t\u00e1ctil con retroiluminaci\u00f3n de LED. Memoria Flash incorporada que almacena mas de 1000 estudios, impresora t\u00e9rmica de tama\u00f1o papel A4, conexi\u00f3n LAN para subir datos a la PC.<br \/>\n<a class=\"maxbutton-1 maxbutton maxbutton-desfri\" target=\"_blank\" rel=\"noopener\" href=\"http:\/\/limagesrl.com.ar\/wp-content\/uploads\/2018\/10\/Electrocardiograsof-V.pdf\"><span class='mb-text'>Ficha T\u00e9cnica<\/span><\/a><\/p>\n","protected":false},"featured_media":1062,"comment_status":"closed","ping_status":"closed","template":"","meta":[],"yoast_head":"<!-- This site is optimized with the Yoast SEO plugin v19.1 - https:\/\/yoast.com\/wordpress\/plugins\/seo\/ -->\n<title>ECG 1200G ~ Limage S.R.L<\/title>\n<meta name=\"robots\" content=\"index, follow, max-snippet:-1, max-image-preview:large, max-video-preview:-1\" \/>\n<link rel=\"canonical\" href=\"https:\/\/limage.com.py\/index.php\/producto\/ecg-1200g\/\" \/>\n<meta property=\"og:locale\" content=\"es_ES\" \/>\n<meta property=\"og:type\" content=\"article\" \/>\n<meta property=\"og:title\" content=\"ECG 1200G ~ Limage S.R.L\" \/>\n<meta property=\"og:description\" content=\"Electrocardi\u00f3grafo de 12 derivaciones, pantalla TFT de 8&quot; t\u00e1ctil con retroiluminaci\u00f3n de LED. Memoria Flash incorporada que almacena mas de 1000 estudios, impresora t\u00e9rmica de tama\u00f1o papel A4, conexi\u00f3n LAN para subir datos a la PC.\" \/>\n<meta property=\"og:url\" content=\"https:\/\/limage.com.py\/index.php\/producto\/ecg-1200g\/\" \/>\n<meta property=\"og:site_name\" content=\"Limage S.R.L\" \/>\n<meta property=\"article:modified_time\" content=\"2018-10-09T11:20:40+00:00\" \/>\n<meta property=\"og:image\" content=\"https:\/\/limage.com.py\/wp-content\/uploads\/2018\/08\/ECG1200G-1024x683.png\" \/>\n\t<meta property=\"og:image:width\" content=\"1024\" \/>\n\t<meta property=\"og:image:height\" content=\"683\" \/>\n\t<meta property=\"og:image:type\" content=\"image\/png\" \/>\n<meta name=\"twitter:card\" content=\"summary_large_image\" \/>\n<script type=\"application\/ld+json\" class=\"yoast-schema-graph\">{\"@context\":\"https:\/\/schema.org\",\"@graph\":[{\"@type\":\"WebSite\",\"@id\":\"http:\/\/limage.com.py\/#website\",\"url\":\"http:\/\/limage.com.py\/\",\"name\":\"Limage S.R.L\",\"description\":\"Tecnologia Medica\",\"potentialAction\":[{\"@type\":\"SearchAction\",\"target\":{\"@type\":\"EntryPoint\",\"urlTemplate\":\"http:\/\/limage.com.py\/?s={search_term_string}\"},\"query-input\":\"required name=search_term_string\"}],\"inLanguage\":\"es-AR\"},{\"@type\":\"ImageObject\",\"inLanguage\":\"es-AR\",\"@id\":\"https:\/\/limage.com.py\/index.php\/producto\/ecg-1200g\/#primaryimage\",\"url\":\"https:\/\/limage.com.py\/wp-content\/uploads\/2018\/08\/ECG1200G.png\",\"contentUrl\":\"https:\/\/limage.com.py\/wp-content\/uploads\/2018\/08\/ECG1200G.png\",\"width\":2738,\"height\":1825},{\"@type\":\"WebPage\",\"@id\":\"https:\/\/limage.com.py\/index.php\/producto\/ecg-1200g\/#webpage\",\"url\":\"https:\/\/limage.com.py\/index.php\/producto\/ecg-1200g\/\",\"name\":\"ECG 1200G ~ Limage S.R.L\",\"isPartOf\":{\"@id\":\"http:\/\/limage.com.py\/#website\"},\"primaryImageOfPage\":{\"@id\":\"https:\/\/limage.com.py\/index.php\/producto\/ecg-1200g\/#primaryimage\"},\"datePublished\":\"2018-08-01T21:15:43+00:00\",\"dateModified\":\"2018-10-09T11:20:40+00:00\",\"breadcrumb\":{\"@id\":\"https:\/\/limage.com.py\/index.php\/producto\/ecg-1200g\/#breadcrumb\"},\"inLanguage\":\"es-AR\",\"potentialAction\":[{\"@type\":\"ReadAction\",\"target\":[\"https:\/\/limage.com.py\/index.php\/producto\/ecg-1200g\/\"]}]},{\"@type\":\"BreadcrumbList\",\"@id\":\"https:\/\/limage.com.py\/index.php\/producto\/ecg-1200g\/#breadcrumb\",\"itemListElement\":[{\"@type\":\"ListItem\",\"position\":1,\"name\":\"Inicio\",\"item\":\"http:\/\/limage.com.py\/\"},{\"@type\":\"ListItem\",\"position\":2,\"name\":\"Productos\",\"item\":\"http:\/\/limage.com.py\/index.php\/shop\/\"},{\"@type\":\"ListItem\",\"position\":3,\"name\":\"ECG 1200G\"}]}]}<\/script>\n<!-- \/ Yoast SEO plugin. -->","yoast_head_json":{"title":"ECG 1200G ~ Limage S.R.L","robots":{"index":"index","follow":"follow","max-snippet":"max-snippet:-1","max-image-preview":"max-image-preview:large","max-video-preview":"max-video-preview:-1"},"canonical":"https:\/\/limage.com.py\/index.php\/producto\/ecg-1200g\/","og_locale":"es_ES","og_type":"article","og_title":"ECG 1200G ~ Limage S.R.L","og_description":"Electrocardi\u00f3grafo de 12 derivaciones, pantalla TFT de 8\" t\u00e1ctil con retroiluminaci\u00f3n de LED. Memoria Flash incorporada que almacena mas de 1000 estudios, impresora t\u00e9rmica de tama\u00f1o papel A4, conexi\u00f3n LAN para subir datos a la PC.","og_url":"https:\/\/limage.com.py\/index.php\/producto\/ecg-1200g\/","og_site_name":"Limage S.R.L","article_modified_time":"2018-10-09T11:20:40+00:00","og_image":[{"width":1024,"height":683,"url":"https:\/\/limage.com.py\/wp-content\/uploads\/2018\/08\/ECG1200G-1024x683.png","type":"image\/png"}],"twitter_card":"summary_large_image","schema":{"@context":"https:\/\/schema.org","@graph":[{"@type":"WebSite","@id":"http:\/\/limage.com.py\/#website","url":"http:\/\/limage.com.py\/","name":"Limage S.R.L","description":"Tecnologia Medica","potentialAction":[{"@type":"SearchAction","target":{"@type":"EntryPoint","urlTemplate":"http:\/\/limage.com.py\/?s={search_term_string}"},"query-input":"required name=search_term_string"}],"inLanguage":"es-AR"},{"@type":"ImageObject","inLanguage":"es-AR","@id":"https:\/\/limage.com.py\/index.php\/producto\/ecg-1200g\/#primaryimage","url":"https:\/\/limage.com.py\/wp-content\/uploads\/2018\/08\/ECG1200G.png","contentUrl":"https:\/\/limage.com.py\/wp-content\/uploads\/2018\/08\/ECG1200G.png","width":2738,"height":1825},{"@type":"WebPage","@id":"https:\/\/limage.com.py\/index.php\/producto\/ecg-1200g\/#webpage","url":"https:\/\/limage.com.py\/index.php\/producto\/ecg-1200g\/","name":"ECG 1200G ~ Limage S.R.L","isPartOf":{"@id":"http:\/\/limage.com.py\/#website"},"primaryImageOfPage":{"@id":"https:\/\/limage.com.py\/index.php\/producto\/ecg-1200g\/#primaryimage"},"datePublished":"2018-08-01T21:15:43+00:00","dateModified":"2018-10-09T11:20:40+00:00","breadcrumb":{"@id":"https:\/\/limage.com.py\/index.php\/producto\/ecg-1200g\/#breadcrumb"},"inLanguage":"es-AR","potentialAction":[{"@type":"ReadAction","target":["https:\/\/limage.com.py\/index.php\/producto\/ecg-1200g\/"]}]},{"@type":"BreadcrumbList","@id":"https:\/\/limage.com.py\/index.php\/producto\/ecg-1200g\/#breadcrumb","itemListElement":[{"@type":"ListItem","position":1,"name":"Inicio","item":"http:\/\/limage.com.py\/"},{"@type":"ListItem","position":2,"name":"Productos","item":"http:\/\/limage.com.py\/index.php\/shop\/"},{"@type":"ListItem","position":3,"name":"ECG 1200G"}]}]}},"amp_enabled":true,"_links":{"self":[{"href":"https:\/\/limage.com.py\/index.php\/wp-json\/wp\/v2\/product\/828"}],"collection":[{"href":"https:\/\/limage.com.py\/index.php\/wp-json\/wp\/v2\/product"}],"about":[{"href":"https:\/\/limage.com.py\/index.php\/wp-json\/wp\/v2\/types\/product"}],"replies":[{"embeddable":true,"href":"https:\/\/limage.com.py\/index.php\/wp-json\/wp\/v2\/comments?post=828"}],"wp:featuredmedia":[{"embeddable":true,"href":"https:\/\/limage.com.py\/index.php\/wp-json\/wp\/v2\/media\/1062"}],"wp:attachment":[{"href":"https:\/\/limage.com.py\/index.php\/wp-json\/wp\/v2\/media?parent=828"}],"curies":[{"name":"wp","href":"https:\/\/api.w.org\/{rel}","templated":true}]}}