{"id":821,"date":"2018-08-01T17:59:42","date_gmt":"2018-08-01T20:59:42","guid":{"rendered":"http:\/\/limagesrl.com.ar\/?post_type=product&#038;p=821"},"modified":"2018-10-09T08:11:21","modified_gmt":"2018-10-09T11:11:21","slug":"sonoline-c","status":"publish","type":"product","link":"https:\/\/limage.com.py\/index.php\/producto\/sonoline-c\/","title":{"rendered":"Sonoline C"},"content":{"rendered":"","protected":false},"excerpt":{"rendered":"<p>Es una unidad de mano de obstetricia, que puede ser usado en el hospital, la cl\u00ednica y el hogar para el control diario de la mujer embarazada \u00c9ste Doppler fetal tiene una pantalla LCD de alta resoluci\u00f3n, muestra los latidos card\u00edacos fetales en forma de onda y calcula el valor de la frecuencia card\u00edaca fetal.<br \/>\n<a class=\"maxbutton-1 maxbutton maxbutton-desfri\" target=\"_blank\" rel=\"noopener\" href=\"http:\/\/limagesrl.com.ar\/wp-content\/uploads\/2018\/10\/Folleto-Doppler-Fetales-CMS800G.pdf\"><span class='mb-text'>Ficha T\u00e9cnica<\/span><\/a><\/p>\n","protected":false},"featured_media":1168,"comment_status":"closed","ping_status":"closed","template":"","meta":[],"yoast_head":"<!-- This site is optimized with the Yoast SEO plugin v19.1 - https:\/\/yoast.com\/wordpress\/plugins\/seo\/ -->\n<title>Sonoline C ~ Limage S.R.L<\/title>\n<meta name=\"robots\" content=\"index, follow, max-snippet:-1, max-image-preview:large, max-video-preview:-1\" \/>\n<link rel=\"canonical\" href=\"http:\/\/limage.com.py\/index.php\/producto\/sonoline-c\/\" \/>\n<meta property=\"og:locale\" content=\"es_ES\" \/>\n<meta property=\"og:type\" content=\"article\" \/>\n<meta property=\"og:title\" content=\"Sonoline C ~ Limage S.R.L\" \/>\n<meta property=\"og:description\" content=\"Es una unidad de mano de obstetricia, que puede ser usado en el hospital, la cl\u00ednica y el hogar para el control diario de la mujer embarazada \u00c9ste Doppler fetal tiene una pantalla LCD de alta resoluci\u00f3n, muestra los latidos card\u00edacos fetales en forma de onda y calcula el valor de la frecuencia card\u00edaca fetal.\" \/>\n<meta property=\"og:url\" content=\"http:\/\/limage.com.py\/index.php\/producto\/sonoline-c\/\" \/>\n<meta property=\"og:site_name\" content=\"Limage S.R.L\" \/>\n<meta property=\"article:modified_time\" content=\"2018-10-09T11:11:21+00:00\" \/>\n<meta property=\"og:image\" content=\"http:\/\/limage.com.py\/wp-content\/uploads\/2018\/08\/0003_SonoLineC.jpg\" \/>\n\t<meta property=\"og:image:width\" content=\"2738\" \/>\n\t<meta property=\"og:image:height\" content=\"1825\" \/>\n\t<meta property=\"og:image:type\" content=\"image\/jpeg\" \/>\n<meta name=\"twitter:card\" content=\"summary_large_image\" \/>\n<script type=\"application\/ld+json\" class=\"yoast-schema-graph\">{\"@context\":\"https:\/\/schema.org\",\"@graph\":[{\"@type\":\"WebSite\",\"@id\":\"http:\/\/limage.com.py\/#website\",\"url\":\"http:\/\/limage.com.py\/\",\"name\":\"Limage S.R.L\",\"description\":\"Tecnologia Medica\",\"potentialAction\":[{\"@type\":\"SearchAction\",\"target\":{\"@type\":\"EntryPoint\",\"urlTemplate\":\"http:\/\/limage.com.py\/?s={search_term_string}\"},\"query-input\":\"required name=search_term_string\"}],\"inLanguage\":\"es-AR\"},{\"@type\":\"ImageObject\",\"inLanguage\":\"es-AR\",\"@id\":\"http:\/\/limage.com.py\/index.php\/producto\/sonoline-c\/#primaryimage\",\"url\":\"https:\/\/limage.com.py\/wp-content\/uploads\/2018\/08\/0003_SonoLineC.jpg\",\"contentUrl\":\"https:\/\/limage.com.py\/wp-content\/uploads\/2018\/08\/0003_SonoLineC.jpg\",\"width\":2738,\"height\":1825},{\"@type\":\"WebPage\",\"@id\":\"http:\/\/limage.com.py\/index.php\/producto\/sonoline-c\/#webpage\",\"url\":\"http:\/\/limage.com.py\/index.php\/producto\/sonoline-c\/\",\"name\":\"Sonoline C ~ Limage S.R.L\",\"isPartOf\":{\"@id\":\"http:\/\/limage.com.py\/#website\"},\"primaryImageOfPage\":{\"@id\":\"http:\/\/limage.com.py\/index.php\/producto\/sonoline-c\/#primaryimage\"},\"datePublished\":\"2018-08-01T20:59:42+00:00\",\"dateModified\":\"2018-10-09T11:11:21+00:00\",\"breadcrumb\":{\"@id\":\"http:\/\/limage.com.py\/index.php\/producto\/sonoline-c\/#breadcrumb\"},\"inLanguage\":\"es-AR\",\"potentialAction\":[{\"@type\":\"ReadAction\",\"target\":[\"http:\/\/limage.com.py\/index.php\/producto\/sonoline-c\/\"]}]},{\"@type\":\"BreadcrumbList\",\"@id\":\"http:\/\/limage.com.py\/index.php\/producto\/sonoline-c\/#breadcrumb\",\"itemListElement\":[{\"@type\":\"ListItem\",\"position\":1,\"name\":\"Inicio\",\"item\":\"http:\/\/limage.com.py\/\"},{\"@type\":\"ListItem\",\"position\":2,\"name\":\"Productos\",\"item\":\"http:\/\/limage.com.py\/index.php\/shop\/\"},{\"@type\":\"ListItem\",\"position\":3,\"name\":\"Sonoline C\"}]}]}<\/script>\n<!-- \/ Yoast SEO plugin. -->","yoast_head_json":{"title":"Sonoline C ~ Limage S.R.L","robots":{"index":"index","follow":"follow","max-snippet":"max-snippet:-1","max-image-preview":"max-image-preview:large","max-video-preview":"max-video-preview:-1"},"canonical":"http:\/\/limage.com.py\/index.php\/producto\/sonoline-c\/","og_locale":"es_ES","og_type":"article","og_title":"Sonoline C ~ Limage S.R.L","og_description":"Es una unidad de mano de obstetricia, que puede ser usado en el hospital, la cl\u00ednica y el hogar para el control diario de la mujer embarazada \u00c9ste Doppler fetal tiene una pantalla LCD de alta resoluci\u00f3n, muestra los latidos card\u00edacos fetales en forma de onda y calcula el valor de la frecuencia card\u00edaca fetal.","og_url":"http:\/\/limage.com.py\/index.php\/producto\/sonoline-c\/","og_site_name":"Limage S.R.L","article_modified_time":"2018-10-09T11:11:21+00:00","og_image":[{"width":2738,"height":1825,"url":"http:\/\/limage.com.py\/wp-content\/uploads\/2018\/08\/0003_SonoLineC.jpg","type":"image\/jpeg"}],"twitter_card":"summary_large_image","schema":{"@context":"https:\/\/schema.org","@graph":[{"@type":"WebSite","@id":"http:\/\/limage.com.py\/#website","url":"http:\/\/limage.com.py\/","name":"Limage S.R.L","description":"Tecnologia Medica","potentialAction":[{"@type":"SearchAction","target":{"@type":"EntryPoint","urlTemplate":"http:\/\/limage.com.py\/?s={search_term_string}"},"query-input":"required name=search_term_string"}],"inLanguage":"es-AR"},{"@type":"ImageObject","inLanguage":"es-AR","@id":"http:\/\/limage.com.py\/index.php\/producto\/sonoline-c\/#primaryimage","url":"https:\/\/limage.com.py\/wp-content\/uploads\/2018\/08\/0003_SonoLineC.jpg","contentUrl":"https:\/\/limage.com.py\/wp-content\/uploads\/2018\/08\/0003_SonoLineC.jpg","width":2738,"height":1825},{"@type":"WebPage","@id":"http:\/\/limage.com.py\/index.php\/producto\/sonoline-c\/#webpage","url":"http:\/\/limage.com.py\/index.php\/producto\/sonoline-c\/","name":"Sonoline C ~ Limage S.R.L","isPartOf":{"@id":"http:\/\/limage.com.py\/#website"},"primaryImageOfPage":{"@id":"http:\/\/limage.com.py\/index.php\/producto\/sonoline-c\/#primaryimage"},"datePublished":"2018-08-01T20:59:42+00:00","dateModified":"2018-10-09T11:11:21+00:00","breadcrumb":{"@id":"http:\/\/limage.com.py\/index.php\/producto\/sonoline-c\/#breadcrumb"},"inLanguage":"es-AR","potentialAction":[{"@type":"ReadAction","target":["http:\/\/limage.com.py\/index.php\/producto\/sonoline-c\/"]}]},{"@type":"BreadcrumbList","@id":"http:\/\/limage.com.py\/index.php\/producto\/sonoline-c\/#breadcrumb","itemListElement":[{"@type":"ListItem","position":1,"name":"Inicio","item":"http:\/\/limage.com.py\/"},{"@type":"ListItem","position":2,"name":"Productos","item":"http:\/\/limage.com.py\/index.php\/shop\/"},{"@type":"ListItem","position":3,"name":"Sonoline C"}]}]}},"amp_enabled":true,"_links":{"self":[{"href":"https:\/\/limage.com.py\/index.php\/wp-json\/wp\/v2\/product\/821"}],"collection":[{"href":"https:\/\/limage.com.py\/index.php\/wp-json\/wp\/v2\/product"}],"about":[{"href":"https:\/\/limage.com.py\/index.php\/wp-json\/wp\/v2\/types\/product"}],"replies":[{"embeddable":true,"href":"https:\/\/limage.com.py\/index.php\/wp-json\/wp\/v2\/comments?post=821"}],"wp:featuredmedia":[{"embeddable":true,"href":"https:\/\/limage.com.py\/index.php\/wp-json\/wp\/v2\/media\/1168"}],"wp:attachment":[{"href":"https:\/\/limage.com.py\/index.php\/wp-json\/wp\/v2\/media?parent=821"}],"curies":[{"name":"wp","href":"https:\/\/api.w.org\/{rel}","templated":true}]}}