{"id":805,"date":"2018-08-01T17:06:30","date_gmt":"2018-08-01T20:06:30","guid":{"rendered":"http:\/\/limagesrl.com.ar\/?post_type=product&#038;p=805"},"modified":"2018-10-09T08:22:58","modified_gmt":"2018-10-09T11:22:58","slug":"sh300","status":"publish","type":"product","link":"https:\/\/limage.com.py\/index.php\/producto\/sh300\/","title":{"rendered":"SH300"},"content":{"rendered":"","protected":false},"excerpt":{"rendered":"<p>El equipo ofrece diferentes modos de respiraci\u00f3n y ayuda al m\u00e9dico a seleccionar la configuraci\u00f3n de ventilaci\u00f3n m\u00e1s adecuada. La interfaz de usuario es intuitiva para quienes conocen el funcionamiento de un ventilador posee una pantalla TFT de 10,4\u201d que muestran los datos monitoreados por separado de la configuraci\u00f3n del ventilador para facilitar la evaluaci\u00f3n del estado del paciente. El Sistema de ventilaci\u00f3n SH300 es un ventilador de alta capacidad dise\u00f1ado para el cuidado agudo y subagudo de pacientes adultos y pedi\u00e1tricos.. Se puede utilizar en unidades de cuidados intensivos, salas de emergencia y respiraci\u00f3n.<br \/>\n<a class=\"maxbutton-1 maxbutton maxbutton-desfri\" target=\"_blank\" rel=\"noopener\" href=\"http:\/\/limagesrl.com.ar\/wp-content\/uploads\/2018\/10\/Respiradores-Eternity-SH-200-SH300.jpg\"><span class='mb-text'>Ficha T\u00e9cnica<\/span><\/a><\/p>\n","protected":false},"featured_media":1133,"comment_status":"closed","ping_status":"closed","template":"","meta":[],"yoast_head":"<!-- This site is optimized with the Yoast SEO plugin v19.1 - https:\/\/yoast.com\/wordpress\/plugins\/seo\/ -->\n<title>SH300 ~ Limage S.R.L<\/title>\n<meta name=\"robots\" content=\"index, follow, max-snippet:-1, max-image-preview:large, max-video-preview:-1\" \/>\n<link rel=\"canonical\" href=\"https:\/\/limage.com.py\/index.php\/producto\/sh300\/\" \/>\n<meta property=\"og:locale\" content=\"es_ES\" \/>\n<meta property=\"og:type\" content=\"article\" \/>\n<meta property=\"og:title\" content=\"SH300 ~ Limage S.R.L\" \/>\n<meta property=\"og:description\" content=\"El equipo ofrece diferentes modos de respiraci\u00f3n y ayuda al m\u00e9dico a seleccionar la configuraci\u00f3n de ventilaci\u00f3n m\u00e1s adecuada. La interfaz de usuario es intuitiva para quienes conocen el funcionamiento de un ventilador posee una pantalla TFT de 10,4\u201d que muestran los datos monitoreados por separado de la configuraci\u00f3n del ventilador para facilitar la evaluaci\u00f3n del estado del paciente. El Sistema de ventilaci\u00f3n SH300 es un ventilador de alta capacidad dise\u00f1ado para el cuidado agudo y subagudo de pacientes adultos y pedi\u00e1tricos.. Se puede utilizar en unidades de cuidados intensivos, salas de emergencia y respiraci\u00f3n.\" \/>\n<meta property=\"og:url\" content=\"https:\/\/limage.com.py\/index.php\/producto\/sh300\/\" \/>\n<meta property=\"og:site_name\" content=\"Limage S.R.L\" \/>\n<meta property=\"article:modified_time\" content=\"2018-10-09T11:22:58+00:00\" \/>\n<meta property=\"og:image\" content=\"https:\/\/limage.com.py\/wp-content\/uploads\/2018\/08\/0002_SH300.jpg\" \/>\n\t<meta property=\"og:image:width\" content=\"475\" \/>\n\t<meta property=\"og:image:height\" content=\"408\" \/>\n\t<meta property=\"og:image:type\" content=\"image\/jpeg\" \/>\n<meta name=\"twitter:card\" content=\"summary_large_image\" \/>\n<script type=\"application\/ld+json\" class=\"yoast-schema-graph\">{\"@context\":\"https:\/\/schema.org\",\"@graph\":[{\"@type\":\"WebSite\",\"@id\":\"http:\/\/limage.com.py\/#website\",\"url\":\"http:\/\/limage.com.py\/\",\"name\":\"Limage S.R.L\",\"description\":\"Tecnologia Medica\",\"potentialAction\":[{\"@type\":\"SearchAction\",\"target\":{\"@type\":\"EntryPoint\",\"urlTemplate\":\"http:\/\/limage.com.py\/?s={search_term_string}\"},\"query-input\":\"required name=search_term_string\"}],\"inLanguage\":\"es-AR\"},{\"@type\":\"ImageObject\",\"inLanguage\":\"es-AR\",\"@id\":\"https:\/\/limage.com.py\/index.php\/producto\/sh300\/#primaryimage\",\"url\":\"https:\/\/limage.com.py\/wp-content\/uploads\/2018\/08\/0002_SH300.jpg\",\"contentUrl\":\"https:\/\/limage.com.py\/wp-content\/uploads\/2018\/08\/0002_SH300.jpg\",\"width\":475,\"height\":408},{\"@type\":\"WebPage\",\"@id\":\"https:\/\/limage.com.py\/index.php\/producto\/sh300\/#webpage\",\"url\":\"https:\/\/limage.com.py\/index.php\/producto\/sh300\/\",\"name\":\"SH300 ~ Limage S.R.L\",\"isPartOf\":{\"@id\":\"http:\/\/limage.com.py\/#website\"},\"primaryImageOfPage\":{\"@id\":\"https:\/\/limage.com.py\/index.php\/producto\/sh300\/#primaryimage\"},\"datePublished\":\"2018-08-01T20:06:30+00:00\",\"dateModified\":\"2018-10-09T11:22:58+00:00\",\"breadcrumb\":{\"@id\":\"https:\/\/limage.com.py\/index.php\/producto\/sh300\/#breadcrumb\"},\"inLanguage\":\"es-AR\",\"potentialAction\":[{\"@type\":\"ReadAction\",\"target\":[\"https:\/\/limage.com.py\/index.php\/producto\/sh300\/\"]}]},{\"@type\":\"BreadcrumbList\",\"@id\":\"https:\/\/limage.com.py\/index.php\/producto\/sh300\/#breadcrumb\",\"itemListElement\":[{\"@type\":\"ListItem\",\"position\":1,\"name\":\"Inicio\",\"item\":\"http:\/\/limage.com.py\/\"},{\"@type\":\"ListItem\",\"position\":2,\"name\":\"Productos\",\"item\":\"http:\/\/limage.com.py\/index.php\/shop\/\"},{\"@type\":\"ListItem\",\"position\":3,\"name\":\"SH300\"}]}]}<\/script>\n<!-- \/ Yoast SEO plugin. -->","yoast_head_json":{"title":"SH300 ~ Limage S.R.L","robots":{"index":"index","follow":"follow","max-snippet":"max-snippet:-1","max-image-preview":"max-image-preview:large","max-video-preview":"max-video-preview:-1"},"canonical":"https:\/\/limage.com.py\/index.php\/producto\/sh300\/","og_locale":"es_ES","og_type":"article","og_title":"SH300 ~ Limage S.R.L","og_description":"El equipo ofrece diferentes modos de respiraci\u00f3n y ayuda al m\u00e9dico a seleccionar la configuraci\u00f3n de ventilaci\u00f3n m\u00e1s adecuada. La interfaz de usuario es intuitiva para quienes conocen el funcionamiento de un ventilador posee una pantalla TFT de 10,4\u201d que muestran los datos monitoreados por separado de la configuraci\u00f3n del ventilador para facilitar la evaluaci\u00f3n del estado del paciente. El Sistema de ventilaci\u00f3n SH300 es un ventilador de alta capacidad dise\u00f1ado para el cuidado agudo y subagudo de pacientes adultos y pedi\u00e1tricos.. Se puede utilizar en unidades de cuidados intensivos, salas de emergencia y respiraci\u00f3n.","og_url":"https:\/\/limage.com.py\/index.php\/producto\/sh300\/","og_site_name":"Limage S.R.L","article_modified_time":"2018-10-09T11:22:58+00:00","og_image":[{"width":475,"height":408,"url":"https:\/\/limage.com.py\/wp-content\/uploads\/2018\/08\/0002_SH300.jpg","type":"image\/jpeg"}],"twitter_card":"summary_large_image","schema":{"@context":"https:\/\/schema.org","@graph":[{"@type":"WebSite","@id":"http:\/\/limage.com.py\/#website","url":"http:\/\/limage.com.py\/","name":"Limage S.R.L","description":"Tecnologia Medica","potentialAction":[{"@type":"SearchAction","target":{"@type":"EntryPoint","urlTemplate":"http:\/\/limage.com.py\/?s={search_term_string}"},"query-input":"required name=search_term_string"}],"inLanguage":"es-AR"},{"@type":"ImageObject","inLanguage":"es-AR","@id":"https:\/\/limage.com.py\/index.php\/producto\/sh300\/#primaryimage","url":"https:\/\/limage.com.py\/wp-content\/uploads\/2018\/08\/0002_SH300.jpg","contentUrl":"https:\/\/limage.com.py\/wp-content\/uploads\/2018\/08\/0002_SH300.jpg","width":475,"height":408},{"@type":"WebPage","@id":"https:\/\/limage.com.py\/index.php\/producto\/sh300\/#webpage","url":"https:\/\/limage.com.py\/index.php\/producto\/sh300\/","name":"SH300 ~ Limage S.R.L","isPartOf":{"@id":"http:\/\/limage.com.py\/#website"},"primaryImageOfPage":{"@id":"https:\/\/limage.com.py\/index.php\/producto\/sh300\/#primaryimage"},"datePublished":"2018-08-01T20:06:30+00:00","dateModified":"2018-10-09T11:22:58+00:00","breadcrumb":{"@id":"https:\/\/limage.com.py\/index.php\/producto\/sh300\/#breadcrumb"},"inLanguage":"es-AR","potentialAction":[{"@type":"ReadAction","target":["https:\/\/limage.com.py\/index.php\/producto\/sh300\/"]}]},{"@type":"BreadcrumbList","@id":"https:\/\/limage.com.py\/index.php\/producto\/sh300\/#breadcrumb","itemListElement":[{"@type":"ListItem","position":1,"name":"Inicio","item":"http:\/\/limage.com.py\/"},{"@type":"ListItem","position":2,"name":"Productos","item":"http:\/\/limage.com.py\/index.php\/shop\/"},{"@type":"ListItem","position":3,"name":"SH300"}]}]}},"amp_enabled":true,"_links":{"self":[{"href":"https:\/\/limage.com.py\/index.php\/wp-json\/wp\/v2\/product\/805"}],"collection":[{"href":"https:\/\/limage.com.py\/index.php\/wp-json\/wp\/v2\/product"}],"about":[{"href":"https:\/\/limage.com.py\/index.php\/wp-json\/wp\/v2\/types\/product"}],"replies":[{"embeddable":true,"href":"https:\/\/limage.com.py\/index.php\/wp-json\/wp\/v2\/comments?post=805"}],"wp:featuredmedia":[{"embeddable":true,"href":"https:\/\/limage.com.py\/index.php\/wp-json\/wp\/v2\/media\/1133"}],"wp:attachment":[{"href":"https:\/\/limage.com.py\/index.php\/wp-json\/wp\/v2\/media?parent=805"}],"curies":[{"name":"wp","href":"https:\/\/api.w.org\/{rel}","templated":true}]}}