{"id":782,"date":"2018-08-01T15:46:28","date_gmt":"2018-08-01T18:46:28","guid":{"rendered":"http:\/\/limagesrl.com.ar\/?post_type=product&#038;p=782"},"modified":"2018-10-09T12:51:29","modified_gmt":"2018-10-09T15:51:29","slug":"cms-800f","status":"publish","type":"product","link":"https:\/\/limage.com.py\/index.php\/producto\/cms-800f\/","title":{"rendered":"CMS 800F"},"content":{"rendered":"","protected":false},"excerpt":{"rendered":"<p><strong>CMS800F<\/strong>: Singular o gemelos ultrasonido transductor.<\/p>\n<ul>\n<li>Gr\u00e1fico de datos y revisi\u00f3n de tabla de tendencia de la madre y feto.<\/li>\n<li>Impresora t\u00e9rmica incorporada.<\/li>\n<li>Capacidad de red integrada para conectar con software de monitoreo central.<\/li>\n<li>Alarmas programables.<\/li>\n<li>Todos los colores y aspecto o los par\u00e1metros pueden ser cambiados.<\/li>\n<li>Vistas\u00a0 Multi-Faseticas, seleccionadas centran en madre o fetal.<\/li>\n<\/ul>\n<p>Almacenamiento de datos y la informaci\u00f3n del paciente.<\/p>\n<a class=\"maxbutton-1 maxbutton maxbutton-desfri\" target=\"_blank\" rel=\"noopener\" href=\"http:\/\/limagesrl.com.ar\/wp-content\/uploads\/2018\/10\/Electrocardiograsof-V.pdf\"><span class='mb-text'>Ficha T\u00e9cnica<\/span><\/a>\n","protected":false},"featured_media":1068,"comment_status":"closed","ping_status":"closed","template":"","meta":[],"yoast_head":"<!-- This site is optimized with the Yoast SEO plugin v19.1 - https:\/\/yoast.com\/wordpress\/plugins\/seo\/ -->\n<title>CMS 800F ~ Limage S.R.L<\/title>\n<meta name=\"robots\" content=\"index, follow, max-snippet:-1, max-image-preview:large, max-video-preview:-1\" \/>\n<link rel=\"canonical\" href=\"http:\/\/limage.com.py\/index.php\/producto\/cms-800f\/\" \/>\n<meta property=\"og:locale\" content=\"es_ES\" \/>\n<meta property=\"og:type\" content=\"article\" \/>\n<meta property=\"og:title\" content=\"CMS 800F ~ Limage S.R.L\" \/>\n<meta property=\"og:description\" content=\"CMS800F: Singular o gemelos ultrasonido transductor.   Gr\u00e1fico de datos y revisi\u00f3n de tabla de tendencia de la madre y feto.  Impresora t\u00e9rmica incorporada.  Capacidad de red integrada para conectar con software de monitoreo central.  Alarmas programables.  Todos los colores y aspecto o los par\u00e1metros pueden ser cambiados.  Vistas\u00a0 Multi-Faseticas, seleccionadas centran en madre o fetal.  Almacenamiento de datos y la informaci\u00f3n del paciente.\" \/>\n<meta property=\"og:url\" content=\"http:\/\/limage.com.py\/index.php\/producto\/cms-800f\/\" \/>\n<meta property=\"og:site_name\" content=\"Limage S.R.L\" \/>\n<meta property=\"article:modified_time\" content=\"2018-10-09T15:51:29+00:00\" \/>\n<meta property=\"og:image\" content=\"http:\/\/limage.com.py\/wp-content\/uploads\/2018\/08\/CMS-800F.png\" \/>\n\t<meta property=\"og:image:width\" content=\"2738\" \/>\n\t<meta property=\"og:image:height\" content=\"1825\" \/>\n\t<meta property=\"og:image:type\" content=\"image\/png\" \/>\n<meta name=\"twitter:card\" content=\"summary_large_image\" \/>\n<script type=\"application\/ld+json\" class=\"yoast-schema-graph\">{\"@context\":\"https:\/\/schema.org\",\"@graph\":[{\"@type\":\"WebSite\",\"@id\":\"http:\/\/limage.com.py\/#website\",\"url\":\"http:\/\/limage.com.py\/\",\"name\":\"Limage S.R.L\",\"description\":\"Tecnologia Medica\",\"potentialAction\":[{\"@type\":\"SearchAction\",\"target\":{\"@type\":\"EntryPoint\",\"urlTemplate\":\"http:\/\/limage.com.py\/?s={search_term_string}\"},\"query-input\":\"required name=search_term_string\"}],\"inLanguage\":\"es-AR\"},{\"@type\":\"ImageObject\",\"inLanguage\":\"es-AR\",\"@id\":\"http:\/\/limage.com.py\/index.php\/producto\/cms-800f\/#primaryimage\",\"url\":\"https:\/\/limage.com.py\/wp-content\/uploads\/2018\/08\/CMS-800F.png\",\"contentUrl\":\"https:\/\/limage.com.py\/wp-content\/uploads\/2018\/08\/CMS-800F.png\",\"width\":2738,\"height\":1825},{\"@type\":\"WebPage\",\"@id\":\"http:\/\/limage.com.py\/index.php\/producto\/cms-800f\/#webpage\",\"url\":\"http:\/\/limage.com.py\/index.php\/producto\/cms-800f\/\",\"name\":\"CMS 800F ~ Limage S.R.L\",\"isPartOf\":{\"@id\":\"http:\/\/limage.com.py\/#website\"},\"primaryImageOfPage\":{\"@id\":\"http:\/\/limage.com.py\/index.php\/producto\/cms-800f\/#primaryimage\"},\"datePublished\":\"2018-08-01T18:46:28+00:00\",\"dateModified\":\"2018-10-09T15:51:29+00:00\",\"breadcrumb\":{\"@id\":\"http:\/\/limage.com.py\/index.php\/producto\/cms-800f\/#breadcrumb\"},\"inLanguage\":\"es-AR\",\"potentialAction\":[{\"@type\":\"ReadAction\",\"target\":[\"http:\/\/limage.com.py\/index.php\/producto\/cms-800f\/\"]}]},{\"@type\":\"BreadcrumbList\",\"@id\":\"http:\/\/limage.com.py\/index.php\/producto\/cms-800f\/#breadcrumb\",\"itemListElement\":[{\"@type\":\"ListItem\",\"position\":1,\"name\":\"Inicio\",\"item\":\"http:\/\/limage.com.py\/\"},{\"@type\":\"ListItem\",\"position\":2,\"name\":\"Productos\",\"item\":\"http:\/\/limage.com.py\/index.php\/shop\/\"},{\"@type\":\"ListItem\",\"position\":3,\"name\":\"CMS 800F\"}]}]}<\/script>\n<!-- \/ Yoast SEO plugin. -->","yoast_head_json":{"title":"CMS 800F ~ Limage S.R.L","robots":{"index":"index","follow":"follow","max-snippet":"max-snippet:-1","max-image-preview":"max-image-preview:large","max-video-preview":"max-video-preview:-1"},"canonical":"http:\/\/limage.com.py\/index.php\/producto\/cms-800f\/","og_locale":"es_ES","og_type":"article","og_title":"CMS 800F ~ Limage S.R.L","og_description":"CMS800F: Singular o gemelos ultrasonido transductor.   Gr\u00e1fico de datos y revisi\u00f3n de tabla de tendencia de la madre y feto.  Impresora t\u00e9rmica incorporada.  Capacidad de red integrada para conectar con software de monitoreo central.  Alarmas programables.  Todos los colores y aspecto o los par\u00e1metros pueden ser cambiados.  Vistas\u00a0 Multi-Faseticas, seleccionadas centran en madre o fetal.  Almacenamiento de datos y la informaci\u00f3n del paciente.","og_url":"http:\/\/limage.com.py\/index.php\/producto\/cms-800f\/","og_site_name":"Limage S.R.L","article_modified_time":"2018-10-09T15:51:29+00:00","og_image":[{"width":2738,"height":1825,"url":"http:\/\/limage.com.py\/wp-content\/uploads\/2018\/08\/CMS-800F.png","type":"image\/png"}],"twitter_card":"summary_large_image","schema":{"@context":"https:\/\/schema.org","@graph":[{"@type":"WebSite","@id":"http:\/\/limage.com.py\/#website","url":"http:\/\/limage.com.py\/","name":"Limage S.R.L","description":"Tecnologia Medica","potentialAction":[{"@type":"SearchAction","target":{"@type":"EntryPoint","urlTemplate":"http:\/\/limage.com.py\/?s={search_term_string}"},"query-input":"required name=search_term_string"}],"inLanguage":"es-AR"},{"@type":"ImageObject","inLanguage":"es-AR","@id":"http:\/\/limage.com.py\/index.php\/producto\/cms-800f\/#primaryimage","url":"https:\/\/limage.com.py\/wp-content\/uploads\/2018\/08\/CMS-800F.png","contentUrl":"https:\/\/limage.com.py\/wp-content\/uploads\/2018\/08\/CMS-800F.png","width":2738,"height":1825},{"@type":"WebPage","@id":"http:\/\/limage.com.py\/index.php\/producto\/cms-800f\/#webpage","url":"http:\/\/limage.com.py\/index.php\/producto\/cms-800f\/","name":"CMS 800F ~ Limage S.R.L","isPartOf":{"@id":"http:\/\/limage.com.py\/#website"},"primaryImageOfPage":{"@id":"http:\/\/limage.com.py\/index.php\/producto\/cms-800f\/#primaryimage"},"datePublished":"2018-08-01T18:46:28+00:00","dateModified":"2018-10-09T15:51:29+00:00","breadcrumb":{"@id":"http:\/\/limage.com.py\/index.php\/producto\/cms-800f\/#breadcrumb"},"inLanguage":"es-AR","potentialAction":[{"@type":"ReadAction","target":["http:\/\/limage.com.py\/index.php\/producto\/cms-800f\/"]}]},{"@type":"BreadcrumbList","@id":"http:\/\/limage.com.py\/index.php\/producto\/cms-800f\/#breadcrumb","itemListElement":[{"@type":"ListItem","position":1,"name":"Inicio","item":"http:\/\/limage.com.py\/"},{"@type":"ListItem","position":2,"name":"Productos","item":"http:\/\/limage.com.py\/index.php\/shop\/"},{"@type":"ListItem","position":3,"name":"CMS 800F"}]}]}},"amp_enabled":true,"_links":{"self":[{"href":"https:\/\/limage.com.py\/index.php\/wp-json\/wp\/v2\/product\/782"}],"collection":[{"href":"https:\/\/limage.com.py\/index.php\/wp-json\/wp\/v2\/product"}],"about":[{"href":"https:\/\/limage.com.py\/index.php\/wp-json\/wp\/v2\/types\/product"}],"replies":[{"embeddable":true,"href":"https:\/\/limage.com.py\/index.php\/wp-json\/wp\/v2\/comments?post=782"}],"wp:featuredmedia":[{"embeddable":true,"href":"https:\/\/limage.com.py\/index.php\/wp-json\/wp\/v2\/media\/1068"}],"wp:attachment":[{"href":"https:\/\/limage.com.py\/index.php\/wp-json\/wp\/v2\/media?parent=782"}],"curies":[{"name":"wp","href":"https:\/\/api.w.org\/{rel}","templated":true}]}}