{"id":781,"date":"2018-08-01T15:45:24","date_gmt":"2018-08-01T18:45:24","guid":{"rendered":"http:\/\/limagesrl.com.ar\/?post_type=product&#038;p=781"},"modified":"2018-10-09T08:15:18","modified_gmt":"2018-10-09T11:15:18","slug":"cms-8000","status":"publish","type":"product","link":"https:\/\/limage.com.py\/index.php\/producto\/cms-8000\/","title":{"rendered":"CMS 8000"},"content":{"rendered":"","protected":false},"excerpt":{"rendered":"<p>Monitor multiparametrico para el seguimiento cl\u00ednico de adultos, pedi\u00e1tricos y neonatos. Monitorea los 5 parametros basicos ECG, SPo2, TEMP, NIBP, Frec. Resp y se le puede incorporar los modulos de IBP ( doble) y CO2. Bater\u00eda incorporada as\u00ed facilita el transporte del paciente. Gran pantalla de 12,1&#8243; de alta resoluci\u00f3n proporciona una vista clara de 7 formas de onda y los par\u00e1metros de control completo.<br \/>\n<a class=\"maxbutton-1 maxbutton maxbutton-desfri\" target=\"_blank\" rel=\"noopener\" href=\"http:\/\/limagesrl.com.ar\/wp-content\/uploads\/2018\/10\/Monitores-Multiparametricos-CMS8000.pdf\"><span class='mb-text'>Ficha T\u00e9cnica<\/span><\/a><\/p>\n","protected":false},"featured_media":1092,"comment_status":"closed","ping_status":"closed","template":"","meta":[],"yoast_head":"<!-- This site is optimized with the Yoast SEO plugin v19.1 - https:\/\/yoast.com\/wordpress\/plugins\/seo\/ -->\n<title>CMS 8000 ~ Limage S.R.L<\/title>\n<meta name=\"robots\" content=\"index, follow, max-snippet:-1, max-image-preview:large, max-video-preview:-1\" \/>\n<link rel=\"canonical\" href=\"http:\/\/limage.com.py\/index.php\/producto\/cms-8000\/\" \/>\n<meta property=\"og:locale\" content=\"es_ES\" \/>\n<meta property=\"og:type\" content=\"article\" \/>\n<meta property=\"og:title\" content=\"CMS 8000 ~ Limage S.R.L\" \/>\n<meta property=\"og:description\" content=\"Monitor multiparametrico para el seguimiento cl\u00ednico de adultos, pedi\u00e1tricos y neonatos. Monitorea los 5 parametros basicos ECG, SPo2, TEMP, NIBP, Frec. Resp y se le puede incorporar los modulos de IBP ( doble) y CO2. Bater\u00eda incorporada as\u00ed facilita el transporte del paciente. Gran pantalla de 12,1&quot; de alta resoluci\u00f3n proporciona una vista clara de 7 formas de onda y los par\u00e1metros de control completo.\" \/>\n<meta property=\"og:url\" content=\"http:\/\/limage.com.py\/index.php\/producto\/cms-8000\/\" \/>\n<meta property=\"og:site_name\" content=\"Limage S.R.L\" \/>\n<meta property=\"article:modified_time\" content=\"2018-10-09T11:15:18+00:00\" \/>\n<meta property=\"og:image\" content=\"http:\/\/limage.com.py\/wp-content\/uploads\/2018\/08\/CMS8000N.jpg\" \/>\n\t<meta property=\"og:image:width\" content=\"1920\" \/>\n\t<meta property=\"og:image:height\" content=\"1280\" \/>\n\t<meta property=\"og:image:type\" content=\"image\/jpeg\" \/>\n<meta name=\"twitter:card\" content=\"summary_large_image\" \/>\n<script type=\"application\/ld+json\" class=\"yoast-schema-graph\">{\"@context\":\"https:\/\/schema.org\",\"@graph\":[{\"@type\":\"WebSite\",\"@id\":\"http:\/\/limage.com.py\/#website\",\"url\":\"http:\/\/limage.com.py\/\",\"name\":\"Limage S.R.L\",\"description\":\"Tecnologia Medica\",\"potentialAction\":[{\"@type\":\"SearchAction\",\"target\":{\"@type\":\"EntryPoint\",\"urlTemplate\":\"http:\/\/limage.com.py\/?s={search_term_string}\"},\"query-input\":\"required name=search_term_string\"}],\"inLanguage\":\"es-AR\"},{\"@type\":\"ImageObject\",\"inLanguage\":\"es-AR\",\"@id\":\"http:\/\/limage.com.py\/index.php\/producto\/cms-8000\/#primaryimage\",\"url\":\"https:\/\/limage.com.py\/wp-content\/uploads\/2018\/08\/CMS8000N.jpg\",\"contentUrl\":\"https:\/\/limage.com.py\/wp-content\/uploads\/2018\/08\/CMS8000N.jpg\",\"width\":1920,\"height\":1280},{\"@type\":\"WebPage\",\"@id\":\"http:\/\/limage.com.py\/index.php\/producto\/cms-8000\/#webpage\",\"url\":\"http:\/\/limage.com.py\/index.php\/producto\/cms-8000\/\",\"name\":\"CMS 8000 ~ Limage S.R.L\",\"isPartOf\":{\"@id\":\"http:\/\/limage.com.py\/#website\"},\"primaryImageOfPage\":{\"@id\":\"http:\/\/limage.com.py\/index.php\/producto\/cms-8000\/#primaryimage\"},\"datePublished\":\"2018-08-01T18:45:24+00:00\",\"dateModified\":\"2018-10-09T11:15:18+00:00\",\"breadcrumb\":{\"@id\":\"http:\/\/limage.com.py\/index.php\/producto\/cms-8000\/#breadcrumb\"},\"inLanguage\":\"es-AR\",\"potentialAction\":[{\"@type\":\"ReadAction\",\"target\":[\"http:\/\/limage.com.py\/index.php\/producto\/cms-8000\/\"]}]},{\"@type\":\"BreadcrumbList\",\"@id\":\"http:\/\/limage.com.py\/index.php\/producto\/cms-8000\/#breadcrumb\",\"itemListElement\":[{\"@type\":\"ListItem\",\"position\":1,\"name\":\"Inicio\",\"item\":\"http:\/\/limage.com.py\/\"},{\"@type\":\"ListItem\",\"position\":2,\"name\":\"Productos\",\"item\":\"http:\/\/limage.com.py\/index.php\/shop\/\"},{\"@type\":\"ListItem\",\"position\":3,\"name\":\"CMS 8000\"}]}]}<\/script>\n<!-- \/ Yoast SEO plugin. -->","yoast_head_json":{"title":"CMS 8000 ~ Limage S.R.L","robots":{"index":"index","follow":"follow","max-snippet":"max-snippet:-1","max-image-preview":"max-image-preview:large","max-video-preview":"max-video-preview:-1"},"canonical":"http:\/\/limage.com.py\/index.php\/producto\/cms-8000\/","og_locale":"es_ES","og_type":"article","og_title":"CMS 8000 ~ Limage S.R.L","og_description":"Monitor multiparametrico para el seguimiento cl\u00ednico de adultos, pedi\u00e1tricos y neonatos. Monitorea los 5 parametros basicos ECG, SPo2, TEMP, NIBP, Frec. Resp y se le puede incorporar los modulos de IBP ( doble) y CO2. Bater\u00eda incorporada as\u00ed facilita el transporte del paciente. Gran pantalla de 12,1\" de alta resoluci\u00f3n proporciona una vista clara de 7 formas de onda y los par\u00e1metros de control completo.","og_url":"http:\/\/limage.com.py\/index.php\/producto\/cms-8000\/","og_site_name":"Limage S.R.L","article_modified_time":"2018-10-09T11:15:18+00:00","og_image":[{"width":1920,"height":1280,"url":"http:\/\/limage.com.py\/wp-content\/uploads\/2018\/08\/CMS8000N.jpg","type":"image\/jpeg"}],"twitter_card":"summary_large_image","schema":{"@context":"https:\/\/schema.org","@graph":[{"@type":"WebSite","@id":"http:\/\/limage.com.py\/#website","url":"http:\/\/limage.com.py\/","name":"Limage S.R.L","description":"Tecnologia Medica","potentialAction":[{"@type":"SearchAction","target":{"@type":"EntryPoint","urlTemplate":"http:\/\/limage.com.py\/?s={search_term_string}"},"query-input":"required name=search_term_string"}],"inLanguage":"es-AR"},{"@type":"ImageObject","inLanguage":"es-AR","@id":"http:\/\/limage.com.py\/index.php\/producto\/cms-8000\/#primaryimage","url":"https:\/\/limage.com.py\/wp-content\/uploads\/2018\/08\/CMS8000N.jpg","contentUrl":"https:\/\/limage.com.py\/wp-content\/uploads\/2018\/08\/CMS8000N.jpg","width":1920,"height":1280},{"@type":"WebPage","@id":"http:\/\/limage.com.py\/index.php\/producto\/cms-8000\/#webpage","url":"http:\/\/limage.com.py\/index.php\/producto\/cms-8000\/","name":"CMS 8000 ~ Limage S.R.L","isPartOf":{"@id":"http:\/\/limage.com.py\/#website"},"primaryImageOfPage":{"@id":"http:\/\/limage.com.py\/index.php\/producto\/cms-8000\/#primaryimage"},"datePublished":"2018-08-01T18:45:24+00:00","dateModified":"2018-10-09T11:15:18+00:00","breadcrumb":{"@id":"http:\/\/limage.com.py\/index.php\/producto\/cms-8000\/#breadcrumb"},"inLanguage":"es-AR","potentialAction":[{"@type":"ReadAction","target":["http:\/\/limage.com.py\/index.php\/producto\/cms-8000\/"]}]},{"@type":"BreadcrumbList","@id":"http:\/\/limage.com.py\/index.php\/producto\/cms-8000\/#breadcrumb","itemListElement":[{"@type":"ListItem","position":1,"name":"Inicio","item":"http:\/\/limage.com.py\/"},{"@type":"ListItem","position":2,"name":"Productos","item":"http:\/\/limage.com.py\/index.php\/shop\/"},{"@type":"ListItem","position":3,"name":"CMS 8000"}]}]}},"amp_enabled":true,"_links":{"self":[{"href":"https:\/\/limage.com.py\/index.php\/wp-json\/wp\/v2\/product\/781"}],"collection":[{"href":"https:\/\/limage.com.py\/index.php\/wp-json\/wp\/v2\/product"}],"about":[{"href":"https:\/\/limage.com.py\/index.php\/wp-json\/wp\/v2\/types\/product"}],"replies":[{"embeddable":true,"href":"https:\/\/limage.com.py\/index.php\/wp-json\/wp\/v2\/comments?post=781"}],"wp:featuredmedia":[{"embeddable":true,"href":"https:\/\/limage.com.py\/index.php\/wp-json\/wp\/v2\/media\/1092"}],"wp:attachment":[{"href":"https:\/\/limage.com.py\/index.php\/wp-json\/wp\/v2\/media?parent=781"}],"curies":[{"name":"wp","href":"https:\/\/api.w.org\/{rel}","templated":true}]}}