{"id":742,"date":"2018-07-30T16:37:30","date_gmt":"2018-07-30T19:37:30","guid":{"rendered":"http:\/\/limagesrl.com.ar\/?post_type=product&#038;p=742"},"modified":"2018-10-08T11:03:16","modified_gmt":"2018-10-08T14:03:16","slug":"dm7000","status":"publish","type":"product","link":"https:\/\/limage.com.py\/index.php\/producto\/dm7000\/","title":{"rendered":"DM7000"},"content":{"rendered":"<p>&nbsp;<\/p>\n<p>&nbsp;<\/p>\n","protected":false},"excerpt":{"rendered":"<p style=\"text-align: left;\">El Desfibrilador DM7000 es un dispositivo de desfibrilaci\u00f3n y monitorizaci\u00f3n seguro y f\u00e1cil de usar extremadamente flexible que incorpora un modo de desfibrilaci\u00f3n MANUAL, un modo MONITOR y un modo DEA. Proceso de tres modos. Mensajes audibles y visuales para el operador. Salida de energ\u00eda bif\u00e1sica. Protecci\u00f3n de bloqueo para evitar desfibrilaciones involuntarias.<\/p>\n<a class=\"maxbutton-1 maxbutton maxbutton-desfri\" target=\"_blank\" rel=\"noopener\" href=\"http:\/\/limagesrl.com.ar\/wp-content\/uploads\/2018\/07\/DM7000.pdf\"><span class='mb-text'>Ficha T\u00e9cnica<\/span><\/a>\n<p>&nbsp;<\/p>\n","protected":false},"featured_media":1142,"comment_status":"closed","ping_status":"closed","template":"","meta":[],"yoast_head":"<!-- This site is optimized with the Yoast SEO plugin v19.1 - https:\/\/yoast.com\/wordpress\/plugins\/seo\/ -->\n<title>DM7000 ~ Limage S.R.L<\/title>\n<meta name=\"robots\" content=\"index, follow, max-snippet:-1, max-image-preview:large, max-video-preview:-1\" \/>\n<link rel=\"canonical\" href=\"http:\/\/limage.com.py\/index.php\/producto\/dm7000\/\" \/>\n<meta property=\"og:locale\" content=\"es_ES\" \/>\n<meta property=\"og:type\" content=\"article\" \/>\n<meta property=\"og:title\" content=\"DM7000 ~ Limage S.R.L\" \/>\n<meta property=\"og:description\" content=\"El Desfibrilador DM7000 es un dispositivo de desfibrilaci\u00f3n y monitorizaci\u00f3n seguro y f\u00e1cil de usar extremadamente flexible que incorpora un modo de desfibrilaci\u00f3n MANUAL, un modo MONITOR y un modo DEA. Proceso de tres modos. Mensajes audibles y visuales para el operador. Salida de energ\u00eda bif\u00e1sica. Protecci\u00f3n de bloqueo para evitar desfibrilaciones involuntarias.   &nbsp;\" \/>\n<meta property=\"og:url\" content=\"http:\/\/limage.com.py\/index.php\/producto\/dm7000\/\" \/>\n<meta property=\"og:site_name\" content=\"Limage S.R.L\" \/>\n<meta property=\"article:modified_time\" content=\"2018-10-08T14:03:16+00:00\" \/>\n<meta property=\"og:image\" content=\"http:\/\/limage.com.py\/wp-content\/uploads\/2018\/07\/0002_DM7000-1024x682.jpg\" \/>\n\t<meta property=\"og:image:width\" content=\"1024\" \/>\n\t<meta property=\"og:image:height\" content=\"683\" \/>\n\t<meta property=\"og:image:type\" content=\"image\/jpeg\" \/>\n<meta name=\"twitter:card\" content=\"summary_large_image\" \/>\n<script type=\"application\/ld+json\" class=\"yoast-schema-graph\">{\"@context\":\"https:\/\/schema.org\",\"@graph\":[{\"@type\":\"WebSite\",\"@id\":\"http:\/\/limage.com.py\/#website\",\"url\":\"http:\/\/limage.com.py\/\",\"name\":\"Limage S.R.L\",\"description\":\"Tecnologia Medica\",\"potentialAction\":[{\"@type\":\"SearchAction\",\"target\":{\"@type\":\"EntryPoint\",\"urlTemplate\":\"http:\/\/limage.com.py\/?s={search_term_string}\"},\"query-input\":\"required name=search_term_string\"}],\"inLanguage\":\"es-AR\"},{\"@type\":\"ImageObject\",\"inLanguage\":\"es-AR\",\"@id\":\"http:\/\/limage.com.py\/index.php\/producto\/dm7000\/#primaryimage\",\"url\":\"https:\/\/limage.com.py\/wp-content\/uploads\/2018\/07\/0002_DM7000-1024x682.jpg\",\"contentUrl\":\"https:\/\/limage.com.py\/wp-content\/uploads\/2018\/07\/0002_DM7000-1024x682.jpg\",\"width\":1024,\"height\":683},{\"@type\":\"WebPage\",\"@id\":\"http:\/\/limage.com.py\/index.php\/producto\/dm7000\/#webpage\",\"url\":\"http:\/\/limage.com.py\/index.php\/producto\/dm7000\/\",\"name\":\"DM7000 ~ Limage S.R.L\",\"isPartOf\":{\"@id\":\"http:\/\/limage.com.py\/#website\"},\"primaryImageOfPage\":{\"@id\":\"http:\/\/limage.com.py\/index.php\/producto\/dm7000\/#primaryimage\"},\"datePublished\":\"2018-07-30T19:37:30+00:00\",\"dateModified\":\"2018-10-08T14:03:16+00:00\",\"breadcrumb\":{\"@id\":\"http:\/\/limage.com.py\/index.php\/producto\/dm7000\/#breadcrumb\"},\"inLanguage\":\"es-AR\",\"potentialAction\":[{\"@type\":\"ReadAction\",\"target\":[\"http:\/\/limage.com.py\/index.php\/producto\/dm7000\/\"]}]},{\"@type\":\"BreadcrumbList\",\"@id\":\"http:\/\/limage.com.py\/index.php\/producto\/dm7000\/#breadcrumb\",\"itemListElement\":[{\"@type\":\"ListItem\",\"position\":1,\"name\":\"Inicio\",\"item\":\"http:\/\/limage.com.py\/\"},{\"@type\":\"ListItem\",\"position\":2,\"name\":\"Productos\",\"item\":\"http:\/\/limage.com.py\/index.php\/shop\/\"},{\"@type\":\"ListItem\",\"position\":3,\"name\":\"DM7000\"}]}]}<\/script>\n<!-- \/ Yoast SEO plugin. -->","yoast_head_json":{"title":"DM7000 ~ Limage S.R.L","robots":{"index":"index","follow":"follow","max-snippet":"max-snippet:-1","max-image-preview":"max-image-preview:large","max-video-preview":"max-video-preview:-1"},"canonical":"http:\/\/limage.com.py\/index.php\/producto\/dm7000\/","og_locale":"es_ES","og_type":"article","og_title":"DM7000 ~ Limage S.R.L","og_description":"El Desfibrilador DM7000 es un dispositivo de desfibrilaci\u00f3n y monitorizaci\u00f3n seguro y f\u00e1cil de usar extremadamente flexible que incorpora un modo de desfibrilaci\u00f3n MANUAL, un modo MONITOR y un modo DEA. Proceso de tres modos. Mensajes audibles y visuales para el operador. Salida de energ\u00eda bif\u00e1sica. Protecci\u00f3n de bloqueo para evitar desfibrilaciones involuntarias.   &nbsp;","og_url":"http:\/\/limage.com.py\/index.php\/producto\/dm7000\/","og_site_name":"Limage S.R.L","article_modified_time":"2018-10-08T14:03:16+00:00","og_image":[{"width":1024,"height":683,"url":"http:\/\/limage.com.py\/wp-content\/uploads\/2018\/07\/0002_DM7000-1024x682.jpg","type":"image\/jpeg"}],"twitter_card":"summary_large_image","schema":{"@context":"https:\/\/schema.org","@graph":[{"@type":"WebSite","@id":"http:\/\/limage.com.py\/#website","url":"http:\/\/limage.com.py\/","name":"Limage S.R.L","description":"Tecnologia Medica","potentialAction":[{"@type":"SearchAction","target":{"@type":"EntryPoint","urlTemplate":"http:\/\/limage.com.py\/?s={search_term_string}"},"query-input":"required name=search_term_string"}],"inLanguage":"es-AR"},{"@type":"ImageObject","inLanguage":"es-AR","@id":"http:\/\/limage.com.py\/index.php\/producto\/dm7000\/#primaryimage","url":"https:\/\/limage.com.py\/wp-content\/uploads\/2018\/07\/0002_DM7000-1024x682.jpg","contentUrl":"https:\/\/limage.com.py\/wp-content\/uploads\/2018\/07\/0002_DM7000-1024x682.jpg","width":1024,"height":683},{"@type":"WebPage","@id":"http:\/\/limage.com.py\/index.php\/producto\/dm7000\/#webpage","url":"http:\/\/limage.com.py\/index.php\/producto\/dm7000\/","name":"DM7000 ~ Limage S.R.L","isPartOf":{"@id":"http:\/\/limage.com.py\/#website"},"primaryImageOfPage":{"@id":"http:\/\/limage.com.py\/index.php\/producto\/dm7000\/#primaryimage"},"datePublished":"2018-07-30T19:37:30+00:00","dateModified":"2018-10-08T14:03:16+00:00","breadcrumb":{"@id":"http:\/\/limage.com.py\/index.php\/producto\/dm7000\/#breadcrumb"},"inLanguage":"es-AR","potentialAction":[{"@type":"ReadAction","target":["http:\/\/limage.com.py\/index.php\/producto\/dm7000\/"]}]},{"@type":"BreadcrumbList","@id":"http:\/\/limage.com.py\/index.php\/producto\/dm7000\/#breadcrumb","itemListElement":[{"@type":"ListItem","position":1,"name":"Inicio","item":"http:\/\/limage.com.py\/"},{"@type":"ListItem","position":2,"name":"Productos","item":"http:\/\/limage.com.py\/index.php\/shop\/"},{"@type":"ListItem","position":3,"name":"DM7000"}]}]}},"amp_enabled":true,"_links":{"self":[{"href":"https:\/\/limage.com.py\/index.php\/wp-json\/wp\/v2\/product\/742"}],"collection":[{"href":"https:\/\/limage.com.py\/index.php\/wp-json\/wp\/v2\/product"}],"about":[{"href":"https:\/\/limage.com.py\/index.php\/wp-json\/wp\/v2\/types\/product"}],"replies":[{"embeddable":true,"href":"https:\/\/limage.com.py\/index.php\/wp-json\/wp\/v2\/comments?post=742"}],"wp:featuredmedia":[{"embeddable":true,"href":"https:\/\/limage.com.py\/index.php\/wp-json\/wp\/v2\/media\/1142"}],"wp:attachment":[{"href":"https:\/\/limage.com.py\/index.php\/wp-json\/wp\/v2\/media?parent=742"}],"curies":[{"name":"wp","href":"https:\/\/api.w.org\/{rel}","templated":true}]}}