{"id":1340,"date":"2021-04-29T15:34:40","date_gmt":"2021-04-29T15:34:40","guid":{"rendered":"http:\/\/limagesrl.com.ar\/?post_type=product&#038;p=1340"},"modified":"2021-04-29T15:34:42","modified_gmt":"2021-04-29T15:34:42","slug":"kl702","status":"publish","type":"product","link":"https:\/\/limage.com.py\/index.php\/producto\/kl702\/","title":{"rendered":"KL702"},"content":{"rendered":"","protected":false},"excerpt":{"rendered":"<a class=\"maxbutton-1 maxbutton maxbutton-desfri\" target=\"_blank\" rel=\"noopener\" href=\"http:\/\/limagesrl.com.ar\/wp-content\/uploads\/2021\/04\/BOMBA-A-JERINGA-DOBLE-KL702.pdf\"><span class='mb-text'>Ficha T\u00e9cnica<\/span><\/a>\n<p>KL702<\/p>\n<ol>\n<li>La estructura mec\u00e1nica de alta precisi\u00f3n garantiza una infusi\u00f3n de alta precisi\u00f3n\u00a0\u00b1\u00a02% (precisi\u00f3n mec\u00e1nica\u00a0\u2264\u00a01%)<\/li>\n<li>El\u00a0\u00a0registro del historial se puede verificar por fechas.<\/li>\n<li>El\u00a0\u00a0puerto de llamada a enfermeras puede mejorar la eficiencia del trabajo.<\/li>\n<li>La funci\u00f3n de ahorro de energ\u00eda y sue\u00f1o seguro puede realizar el trabajo de un solo canal.<\/li>\n<li>Las bombas se pueden conectar al sistema de control de infusi\u00f3n mediante un m\u00f3dulo inal\u00e1mbrico.<\/li>\n<li>La CPU dual garantiza una supervisi\u00f3n segura y en tiempo real.<\/li>\n<\/ol>\n","protected":false},"featured_media":1341,"comment_status":"closed","ping_status":"closed","template":"","meta":[],"yoast_head":"<!-- This site is optimized with the Yoast SEO plugin v19.1 - https:\/\/yoast.com\/wordpress\/plugins\/seo\/ -->\n<title>KL702 ~ Limage S.R.L<\/title>\n<meta name=\"robots\" content=\"index, follow, max-snippet:-1, max-image-preview:large, max-video-preview:-1\" \/>\n<link rel=\"canonical\" href=\"https:\/\/limage.com.py\/index.php\/producto\/kl702\/\" \/>\n<meta property=\"og:locale\" content=\"es_ES\" \/>\n<meta property=\"og:type\" content=\"article\" \/>\n<meta property=\"og:title\" content=\"KL702 ~ Limage S.R.L\" \/>\n<meta property=\"og:description\" content=\"KL702   La estructura mec\u00e1nica de alta precisi\u00f3n garantiza una infusi\u00f3n de alta precisi\u00f3n\u00a0\u00b1\u00a02% (precisi\u00f3n mec\u00e1nica\u00a0\u2264\u00a01%)  El\u00a0\u00a0registro del historial se puede verificar por fechas.  El\u00a0\u00a0puerto de llamada a enfermeras puede mejorar la eficiencia del trabajo.  La funci\u00f3n de ahorro de energ\u00eda y sue\u00f1o seguro puede realizar el trabajo de un solo canal.  Las bombas se pueden conectar al sistema de control de infusi\u00f3n mediante un m\u00f3dulo inal\u00e1mbrico.  La CPU dual garantiza una supervisi\u00f3n segura y en tiempo real.\" \/>\n<meta property=\"og:url\" content=\"https:\/\/limage.com.py\/index.php\/producto\/kl702\/\" \/>\n<meta property=\"og:site_name\" content=\"Limage S.R.L\" \/>\n<meta property=\"article:modified_time\" content=\"2021-04-29T15:34:42+00:00\" \/>\n<meta property=\"og:image\" content=\"https:\/\/limage.com.py\/wp-content\/uploads\/2021\/04\/KL702.jpg\" \/>\n\t<meta property=\"og:image:width\" content=\"321\" \/>\n\t<meta property=\"og:image:height\" content=\"270\" \/>\n\t<meta property=\"og:image:type\" content=\"image\/jpeg\" \/>\n<meta name=\"twitter:card\" content=\"summary_large_image\" \/>\n<script type=\"application\/ld+json\" class=\"yoast-schema-graph\">{\"@context\":\"https:\/\/schema.org\",\"@graph\":[{\"@type\":\"WebSite\",\"@id\":\"http:\/\/limage.com.py\/#website\",\"url\":\"http:\/\/limage.com.py\/\",\"name\":\"Limage S.R.L\",\"description\":\"Tecnologia Medica\",\"potentialAction\":[{\"@type\":\"SearchAction\",\"target\":{\"@type\":\"EntryPoint\",\"urlTemplate\":\"http:\/\/limage.com.py\/?s={search_term_string}\"},\"query-input\":\"required name=search_term_string\"}],\"inLanguage\":\"es-AR\"},{\"@type\":\"ImageObject\",\"inLanguage\":\"es-AR\",\"@id\":\"https:\/\/limage.com.py\/index.php\/producto\/kl702\/#primaryimage\",\"url\":\"https:\/\/limage.com.py\/wp-content\/uploads\/2021\/04\/KL702.jpg\",\"contentUrl\":\"https:\/\/limage.com.py\/wp-content\/uploads\/2021\/04\/KL702.jpg\",\"width\":321,\"height\":270,\"caption\":\"KL702\"},{\"@type\":\"WebPage\",\"@id\":\"https:\/\/limage.com.py\/index.php\/producto\/kl702\/#webpage\",\"url\":\"https:\/\/limage.com.py\/index.php\/producto\/kl702\/\",\"name\":\"KL702 ~ Limage S.R.L\",\"isPartOf\":{\"@id\":\"http:\/\/limage.com.py\/#website\"},\"primaryImageOfPage\":{\"@id\":\"https:\/\/limage.com.py\/index.php\/producto\/kl702\/#primaryimage\"},\"datePublished\":\"2021-04-29T15:34:40+00:00\",\"dateModified\":\"2021-04-29T15:34:42+00:00\",\"breadcrumb\":{\"@id\":\"https:\/\/limage.com.py\/index.php\/producto\/kl702\/#breadcrumb\"},\"inLanguage\":\"es-AR\",\"potentialAction\":[{\"@type\":\"ReadAction\",\"target\":[\"https:\/\/limage.com.py\/index.php\/producto\/kl702\/\"]}]},{\"@type\":\"BreadcrumbList\",\"@id\":\"https:\/\/limage.com.py\/index.php\/producto\/kl702\/#breadcrumb\",\"itemListElement\":[{\"@type\":\"ListItem\",\"position\":1,\"name\":\"Inicio\",\"item\":\"http:\/\/limage.com.py\/\"},{\"@type\":\"ListItem\",\"position\":2,\"name\":\"Productos\",\"item\":\"http:\/\/limage.com.py\/index.php\/shop\/\"},{\"@type\":\"ListItem\",\"position\":3,\"name\":\"KL702\"}]}]}<\/script>\n<!-- \/ Yoast SEO plugin. -->","yoast_head_json":{"title":"KL702 ~ Limage S.R.L","robots":{"index":"index","follow":"follow","max-snippet":"max-snippet:-1","max-image-preview":"max-image-preview:large","max-video-preview":"max-video-preview:-1"},"canonical":"https:\/\/limage.com.py\/index.php\/producto\/kl702\/","og_locale":"es_ES","og_type":"article","og_title":"KL702 ~ Limage S.R.L","og_description":"KL702   La estructura mec\u00e1nica de alta precisi\u00f3n garantiza una infusi\u00f3n de alta precisi\u00f3n\u00a0\u00b1\u00a02% (precisi\u00f3n mec\u00e1nica\u00a0\u2264\u00a01%)  El\u00a0\u00a0registro del historial se puede verificar por fechas.  El\u00a0\u00a0puerto de llamada a enfermeras puede mejorar la eficiencia del trabajo.  La funci\u00f3n de ahorro de energ\u00eda y sue\u00f1o seguro puede realizar el trabajo de un solo canal.  Las bombas se pueden conectar al sistema de control de infusi\u00f3n mediante un m\u00f3dulo inal\u00e1mbrico.  La CPU dual garantiza una supervisi\u00f3n segura y en tiempo real.","og_url":"https:\/\/limage.com.py\/index.php\/producto\/kl702\/","og_site_name":"Limage S.R.L","article_modified_time":"2021-04-29T15:34:42+00:00","og_image":[{"width":321,"height":270,"url":"https:\/\/limage.com.py\/wp-content\/uploads\/2021\/04\/KL702.jpg","type":"image\/jpeg"}],"twitter_card":"summary_large_image","schema":{"@context":"https:\/\/schema.org","@graph":[{"@type":"WebSite","@id":"http:\/\/limage.com.py\/#website","url":"http:\/\/limage.com.py\/","name":"Limage S.R.L","description":"Tecnologia Medica","potentialAction":[{"@type":"SearchAction","target":{"@type":"EntryPoint","urlTemplate":"http:\/\/limage.com.py\/?s={search_term_string}"},"query-input":"required name=search_term_string"}],"inLanguage":"es-AR"},{"@type":"ImageObject","inLanguage":"es-AR","@id":"https:\/\/limage.com.py\/index.php\/producto\/kl702\/#primaryimage","url":"https:\/\/limage.com.py\/wp-content\/uploads\/2021\/04\/KL702.jpg","contentUrl":"https:\/\/limage.com.py\/wp-content\/uploads\/2021\/04\/KL702.jpg","width":321,"height":270,"caption":"KL702"},{"@type":"WebPage","@id":"https:\/\/limage.com.py\/index.php\/producto\/kl702\/#webpage","url":"https:\/\/limage.com.py\/index.php\/producto\/kl702\/","name":"KL702 ~ Limage S.R.L","isPartOf":{"@id":"http:\/\/limage.com.py\/#website"},"primaryImageOfPage":{"@id":"https:\/\/limage.com.py\/index.php\/producto\/kl702\/#primaryimage"},"datePublished":"2021-04-29T15:34:40+00:00","dateModified":"2021-04-29T15:34:42+00:00","breadcrumb":{"@id":"https:\/\/limage.com.py\/index.php\/producto\/kl702\/#breadcrumb"},"inLanguage":"es-AR","potentialAction":[{"@type":"ReadAction","target":["https:\/\/limage.com.py\/index.php\/producto\/kl702\/"]}]},{"@type":"BreadcrumbList","@id":"https:\/\/limage.com.py\/index.php\/producto\/kl702\/#breadcrumb","itemListElement":[{"@type":"ListItem","position":1,"name":"Inicio","item":"http:\/\/limage.com.py\/"},{"@type":"ListItem","position":2,"name":"Productos","item":"http:\/\/limage.com.py\/index.php\/shop\/"},{"@type":"ListItem","position":3,"name":"KL702"}]}]}},"amp_enabled":true,"_links":{"self":[{"href":"https:\/\/limage.com.py\/index.php\/wp-json\/wp\/v2\/product\/1340"}],"collection":[{"href":"https:\/\/limage.com.py\/index.php\/wp-json\/wp\/v2\/product"}],"about":[{"href":"https:\/\/limage.com.py\/index.php\/wp-json\/wp\/v2\/types\/product"}],"replies":[{"embeddable":true,"href":"https:\/\/limage.com.py\/index.php\/wp-json\/wp\/v2\/comments?post=1340"}],"wp:featuredmedia":[{"embeddable":true,"href":"https:\/\/limage.com.py\/index.php\/wp-json\/wp\/v2\/media\/1341"}],"wp:attachment":[{"href":"https:\/\/limage.com.py\/index.php\/wp-json\/wp\/v2\/media?parent=1340"}],"curies":[{"name":"wp","href":"https:\/\/api.w.org\/{rel}","templated":true}]}}