{"id":1302,"date":"2020-08-07T02:43:48","date_gmt":"2020-08-07T02:43:48","guid":{"rendered":"http:\/\/limagesrl.com.ar\/?post_type=product&#038;p=1302"},"modified":"2020-08-07T02:44:43","modified_gmt":"2020-08-07T02:44:43","slug":"sp10bt","status":"publish","type":"product","link":"https:\/\/limage.com.py\/index.php\/producto\/sp10bt\/","title":{"rendered":"SP10BT"},"content":{"rendered":"","protected":false},"excerpt":{"rendered":"<p>Capacidad vital forzada (FVC), volumen forzado expirado en un segundo (FEV1), relaci\u00f3n de FEV1 y FVC (FEV1 \/ FVC), flujo espiratorio m\u00e1ximo (PEF), flujo del 25% del FVC (FEF25), flujo del 50% La FVC (FEF50), el 75% del flujo de la FVC (FEF75) y el flujo promedio entre el 25% y el 75% de la FVC (FEF2575) se pueden medir. Adem\u00e1s, la condici\u00f3n del sujeto a prueba se puede mostrar por la relaci\u00f3n entre el valor medido y el valor predicho.<\/p>\n<a class=\"maxbutton-1 maxbutton maxbutton-desfri\" target=\"_blank\" rel=\"noopener\" href=\"http:\/\/limagesrl.com.ar\/wp-content\/uploads\/2020\/08\/ESPIROMETRO-SP10BT.pdf\"><span class='mb-text'>Ficha T\u00e9cnica<\/span><\/a>\n","protected":false},"featured_media":1299,"comment_status":"closed","ping_status":"closed","template":"","meta":[],"yoast_head":"<!-- This site is optimized with the Yoast SEO plugin v19.1 - https:\/\/yoast.com\/wordpress\/plugins\/seo\/ -->\n<title>SP10BT ~ Limage S.R.L<\/title>\n<meta name=\"robots\" content=\"index, follow, max-snippet:-1, max-image-preview:large, max-video-preview:-1\" \/>\n<link rel=\"canonical\" href=\"https:\/\/limage.com.py\/index.php\/producto\/sp10bt\/\" \/>\n<meta property=\"og:locale\" content=\"es_ES\" \/>\n<meta property=\"og:type\" content=\"article\" \/>\n<meta property=\"og:title\" content=\"SP10BT ~ Limage S.R.L\" \/>\n<meta property=\"og:description\" content=\"Capacidad vital forzada (FVC), volumen forzado expirado en un segundo (FEV1), relaci\u00f3n de FEV1 y FVC (FEV1 \/ FVC), flujo espiratorio m\u00e1ximo (PEF), flujo del 25% del FVC (FEF25), flujo del 50% La FVC (FEF50), el 75% del flujo de la FVC (FEF75) y el flujo promedio entre el 25% y el 75% de la FVC (FEF2575) se pueden medir. Adem\u00e1s, la condici\u00f3n del sujeto a prueba se puede mostrar por la relaci\u00f3n entre el valor medido y el valor predicho.\" \/>\n<meta property=\"og:url\" content=\"https:\/\/limage.com.py\/index.php\/producto\/sp10bt\/\" \/>\n<meta property=\"og:site_name\" content=\"Limage S.R.L\" \/>\n<meta property=\"article:modified_time\" content=\"2020-08-07T02:44:43+00:00\" \/>\n<meta property=\"og:image\" content=\"https:\/\/limage.com.py\/wp-content\/uploads\/2020\/08\/ESPIROMETRO-SP10BT.jpg\" \/>\n\t<meta property=\"og:image:width\" content=\"365\" \/>\n\t<meta property=\"og:image:height\" content=\"464\" \/>\n\t<meta property=\"og:image:type\" content=\"image\/jpeg\" \/>\n<meta name=\"twitter:card\" content=\"summary_large_image\" \/>\n<script type=\"application\/ld+json\" class=\"yoast-schema-graph\">{\"@context\":\"https:\/\/schema.org\",\"@graph\":[{\"@type\":\"WebSite\",\"@id\":\"http:\/\/limage.com.py\/#website\",\"url\":\"http:\/\/limage.com.py\/\",\"name\":\"Limage S.R.L\",\"description\":\"Tecnologia Medica\",\"potentialAction\":[{\"@type\":\"SearchAction\",\"target\":{\"@type\":\"EntryPoint\",\"urlTemplate\":\"http:\/\/limage.com.py\/?s={search_term_string}\"},\"query-input\":\"required name=search_term_string\"}],\"inLanguage\":\"es-AR\"},{\"@type\":\"ImageObject\",\"inLanguage\":\"es-AR\",\"@id\":\"https:\/\/limage.com.py\/index.php\/producto\/sp10bt\/#primaryimage\",\"url\":\"https:\/\/limage.com.py\/wp-content\/uploads\/2020\/08\/ESPIROMETRO-SP10BT.jpg\",\"contentUrl\":\"https:\/\/limage.com.py\/wp-content\/uploads\/2020\/08\/ESPIROMETRO-SP10BT.jpg\",\"width\":365,\"height\":464,\"caption\":\"SP10BT\"},{\"@type\":\"WebPage\",\"@id\":\"https:\/\/limage.com.py\/index.php\/producto\/sp10bt\/#webpage\",\"url\":\"https:\/\/limage.com.py\/index.php\/producto\/sp10bt\/\",\"name\":\"SP10BT ~ Limage S.R.L\",\"isPartOf\":{\"@id\":\"http:\/\/limage.com.py\/#website\"},\"primaryImageOfPage\":{\"@id\":\"https:\/\/limage.com.py\/index.php\/producto\/sp10bt\/#primaryimage\"},\"datePublished\":\"2020-08-07T02:43:48+00:00\",\"dateModified\":\"2020-08-07T02:44:43+00:00\",\"breadcrumb\":{\"@id\":\"https:\/\/limage.com.py\/index.php\/producto\/sp10bt\/#breadcrumb\"},\"inLanguage\":\"es-AR\",\"potentialAction\":[{\"@type\":\"ReadAction\",\"target\":[\"https:\/\/limage.com.py\/index.php\/producto\/sp10bt\/\"]}]},{\"@type\":\"BreadcrumbList\",\"@id\":\"https:\/\/limage.com.py\/index.php\/producto\/sp10bt\/#breadcrumb\",\"itemListElement\":[{\"@type\":\"ListItem\",\"position\":1,\"name\":\"Inicio\",\"item\":\"http:\/\/limage.com.py\/\"},{\"@type\":\"ListItem\",\"position\":2,\"name\":\"Productos\",\"item\":\"http:\/\/limage.com.py\/index.php\/shop\/\"},{\"@type\":\"ListItem\",\"position\":3,\"name\":\"SP10BT\"}]}]}<\/script>\n<!-- \/ Yoast SEO plugin. -->","yoast_head_json":{"title":"SP10BT ~ Limage S.R.L","robots":{"index":"index","follow":"follow","max-snippet":"max-snippet:-1","max-image-preview":"max-image-preview:large","max-video-preview":"max-video-preview:-1"},"canonical":"https:\/\/limage.com.py\/index.php\/producto\/sp10bt\/","og_locale":"es_ES","og_type":"article","og_title":"SP10BT ~ Limage S.R.L","og_description":"Capacidad vital forzada (FVC), volumen forzado expirado en un segundo (FEV1), relaci\u00f3n de FEV1 y FVC (FEV1 \/ FVC), flujo espiratorio m\u00e1ximo (PEF), flujo del 25% del FVC (FEF25), flujo del 50% La FVC (FEF50), el 75% del flujo de la FVC (FEF75) y el flujo promedio entre el 25% y el 75% de la FVC (FEF2575) se pueden medir. Adem\u00e1s, la condici\u00f3n del sujeto a prueba se puede mostrar por la relaci\u00f3n entre el valor medido y el valor predicho.","og_url":"https:\/\/limage.com.py\/index.php\/producto\/sp10bt\/","og_site_name":"Limage S.R.L","article_modified_time":"2020-08-07T02:44:43+00:00","og_image":[{"width":365,"height":464,"url":"https:\/\/limage.com.py\/wp-content\/uploads\/2020\/08\/ESPIROMETRO-SP10BT.jpg","type":"image\/jpeg"}],"twitter_card":"summary_large_image","schema":{"@context":"https:\/\/schema.org","@graph":[{"@type":"WebSite","@id":"http:\/\/limage.com.py\/#website","url":"http:\/\/limage.com.py\/","name":"Limage S.R.L","description":"Tecnologia Medica","potentialAction":[{"@type":"SearchAction","target":{"@type":"EntryPoint","urlTemplate":"http:\/\/limage.com.py\/?s={search_term_string}"},"query-input":"required name=search_term_string"}],"inLanguage":"es-AR"},{"@type":"ImageObject","inLanguage":"es-AR","@id":"https:\/\/limage.com.py\/index.php\/producto\/sp10bt\/#primaryimage","url":"https:\/\/limage.com.py\/wp-content\/uploads\/2020\/08\/ESPIROMETRO-SP10BT.jpg","contentUrl":"https:\/\/limage.com.py\/wp-content\/uploads\/2020\/08\/ESPIROMETRO-SP10BT.jpg","width":365,"height":464,"caption":"SP10BT"},{"@type":"WebPage","@id":"https:\/\/limage.com.py\/index.php\/producto\/sp10bt\/#webpage","url":"https:\/\/limage.com.py\/index.php\/producto\/sp10bt\/","name":"SP10BT ~ Limage S.R.L","isPartOf":{"@id":"http:\/\/limage.com.py\/#website"},"primaryImageOfPage":{"@id":"https:\/\/limage.com.py\/index.php\/producto\/sp10bt\/#primaryimage"},"datePublished":"2020-08-07T02:43:48+00:00","dateModified":"2020-08-07T02:44:43+00:00","breadcrumb":{"@id":"https:\/\/limage.com.py\/index.php\/producto\/sp10bt\/#breadcrumb"},"inLanguage":"es-AR","potentialAction":[{"@type":"ReadAction","target":["https:\/\/limage.com.py\/index.php\/producto\/sp10bt\/"]}]},{"@type":"BreadcrumbList","@id":"https:\/\/limage.com.py\/index.php\/producto\/sp10bt\/#breadcrumb","itemListElement":[{"@type":"ListItem","position":1,"name":"Inicio","item":"http:\/\/limage.com.py\/"},{"@type":"ListItem","position":2,"name":"Productos","item":"http:\/\/limage.com.py\/index.php\/shop\/"},{"@type":"ListItem","position":3,"name":"SP10BT"}]}]}},"amp_enabled":true,"_links":{"self":[{"href":"https:\/\/limage.com.py\/index.php\/wp-json\/wp\/v2\/product\/1302"}],"collection":[{"href":"https:\/\/limage.com.py\/index.php\/wp-json\/wp\/v2\/product"}],"about":[{"href":"https:\/\/limage.com.py\/index.php\/wp-json\/wp\/v2\/types\/product"}],"replies":[{"embeddable":true,"href":"https:\/\/limage.com.py\/index.php\/wp-json\/wp\/v2\/comments?post=1302"}],"wp:featuredmedia":[{"embeddable":true,"href":"https:\/\/limage.com.py\/index.php\/wp-json\/wp\/v2\/media\/1299"}],"wp:attachment":[{"href":"https:\/\/limage.com.py\/index.php\/wp-json\/wp\/v2\/media?parent=1302"}],"curies":[{"name":"wp","href":"https:\/\/api.w.org\/{rel}","templated":true}]}}