{"id":1296,"date":"2020-08-07T02:24:34","date_gmt":"2020-08-07T02:24:34","guid":{"rendered":"http:\/\/limagesrl.com.ar\/?post_type=product&#038;p=1296"},"modified":"2020-08-07T02:41:31","modified_gmt":"2020-08-07T02:41:31","slug":"sp70b","status":"publish","type":"product","link":"https:\/\/limage.com.py\/index.php\/producto\/sp70b\/","title":{"rendered":"SP70B"},"content":{"rendered":"","protected":false},"excerpt":{"rendered":"<p>El espir\u00f3metro es un equipo port\u00e1til para verificar las condiciones pulmonares, adopta el modo infrarrojo para medir art\u00edculos relativos y es aplicable para pruebas de rutina en hospitales, cl\u00ednicas y familias<\/p>\n<a class=\"maxbutton-1 maxbutton maxbutton-desfri\" target=\"_blank\" rel=\"noopener\" href=\"http:\/\/limagesrl.com.ar\/wp-content\/uploads\/2020\/08\/ESPIROMETRO-SP70B.pdf\"><span class='mb-text'>Ficha T\u00e9cnica<\/span><\/a>\n","protected":false},"featured_media":1298,"comment_status":"closed","ping_status":"closed","template":"","meta":[],"yoast_head":"<!-- This site is optimized with the Yoast SEO plugin v19.1 - https:\/\/yoast.com\/wordpress\/plugins\/seo\/ -->\n<title>SP70B ~ Limage S.R.L<\/title>\n<meta name=\"robots\" content=\"index, follow, max-snippet:-1, max-image-preview:large, max-video-preview:-1\" \/>\n<link rel=\"canonical\" href=\"https:\/\/limage.com.py\/index.php\/producto\/sp70b\/\" \/>\n<meta property=\"og:locale\" content=\"es_ES\" \/>\n<meta property=\"og:type\" content=\"article\" \/>\n<meta property=\"og:title\" content=\"SP70B ~ Limage S.R.L\" \/>\n<meta property=\"og:description\" content=\"El espir\u00f3metro es un equipo port\u00e1til para verificar las condiciones pulmonares, adopta el modo infrarrojo para medir art\u00edculos relativos y es aplicable para pruebas de rutina en hospitales, cl\u00ednicas y familias\" \/>\n<meta property=\"og:url\" content=\"https:\/\/limage.com.py\/index.php\/producto\/sp70b\/\" \/>\n<meta property=\"og:site_name\" content=\"Limage S.R.L\" \/>\n<meta property=\"article:modified_time\" content=\"2020-08-07T02:41:31+00:00\" \/>\n<meta property=\"og:image\" content=\"https:\/\/limage.com.py\/wp-content\/uploads\/2020\/08\/SP70B.jpg\" \/>\n\t<meta property=\"og:image:width\" content=\"225\" \/>\n\t<meta property=\"og:image:height\" content=\"225\" \/>\n\t<meta property=\"og:image:type\" content=\"image\/jpeg\" \/>\n<meta name=\"twitter:card\" content=\"summary_large_image\" \/>\n<script type=\"application\/ld+json\" class=\"yoast-schema-graph\">{\"@context\":\"https:\/\/schema.org\",\"@graph\":[{\"@type\":\"WebSite\",\"@id\":\"http:\/\/limage.com.py\/#website\",\"url\":\"http:\/\/limage.com.py\/\",\"name\":\"Limage S.R.L\",\"description\":\"Tecnologia Medica\",\"potentialAction\":[{\"@type\":\"SearchAction\",\"target\":{\"@type\":\"EntryPoint\",\"urlTemplate\":\"http:\/\/limage.com.py\/?s={search_term_string}\"},\"query-input\":\"required name=search_term_string\"}],\"inLanguage\":\"es-AR\"},{\"@type\":\"ImageObject\",\"inLanguage\":\"es-AR\",\"@id\":\"https:\/\/limage.com.py\/index.php\/producto\/sp70b\/#primaryimage\",\"url\":\"https:\/\/limage.com.py\/wp-content\/uploads\/2020\/08\/SP70B.jpg\",\"contentUrl\":\"https:\/\/limage.com.py\/wp-content\/uploads\/2020\/08\/SP70B.jpg\",\"width\":225,\"height\":225,\"caption\":\"espirometro sp70b\"},{\"@type\":\"WebPage\",\"@id\":\"https:\/\/limage.com.py\/index.php\/producto\/sp70b\/#webpage\",\"url\":\"https:\/\/limage.com.py\/index.php\/producto\/sp70b\/\",\"name\":\"SP70B ~ Limage S.R.L\",\"isPartOf\":{\"@id\":\"http:\/\/limage.com.py\/#website\"},\"primaryImageOfPage\":{\"@id\":\"https:\/\/limage.com.py\/index.php\/producto\/sp70b\/#primaryimage\"},\"datePublished\":\"2020-08-07T02:24:34+00:00\",\"dateModified\":\"2020-08-07T02:41:31+00:00\",\"breadcrumb\":{\"@id\":\"https:\/\/limage.com.py\/index.php\/producto\/sp70b\/#breadcrumb\"},\"inLanguage\":\"es-AR\",\"potentialAction\":[{\"@type\":\"ReadAction\",\"target\":[\"https:\/\/limage.com.py\/index.php\/producto\/sp70b\/\"]}]},{\"@type\":\"BreadcrumbList\",\"@id\":\"https:\/\/limage.com.py\/index.php\/producto\/sp70b\/#breadcrumb\",\"itemListElement\":[{\"@type\":\"ListItem\",\"position\":1,\"name\":\"Inicio\",\"item\":\"http:\/\/limage.com.py\/\"},{\"@type\":\"ListItem\",\"position\":2,\"name\":\"Productos\",\"item\":\"http:\/\/limage.com.py\/index.php\/shop\/\"},{\"@type\":\"ListItem\",\"position\":3,\"name\":\"SP70B\"}]}]}<\/script>\n<!-- \/ Yoast SEO plugin. -->","yoast_head_json":{"title":"SP70B ~ Limage S.R.L","robots":{"index":"index","follow":"follow","max-snippet":"max-snippet:-1","max-image-preview":"max-image-preview:large","max-video-preview":"max-video-preview:-1"},"canonical":"https:\/\/limage.com.py\/index.php\/producto\/sp70b\/","og_locale":"es_ES","og_type":"article","og_title":"SP70B ~ Limage S.R.L","og_description":"El espir\u00f3metro es un equipo port\u00e1til para verificar las condiciones pulmonares, adopta el modo infrarrojo para medir art\u00edculos relativos y es aplicable para pruebas de rutina en hospitales, cl\u00ednicas y familias","og_url":"https:\/\/limage.com.py\/index.php\/producto\/sp70b\/","og_site_name":"Limage S.R.L","article_modified_time":"2020-08-07T02:41:31+00:00","og_image":[{"width":225,"height":225,"url":"https:\/\/limage.com.py\/wp-content\/uploads\/2020\/08\/SP70B.jpg","type":"image\/jpeg"}],"twitter_card":"summary_large_image","schema":{"@context":"https:\/\/schema.org","@graph":[{"@type":"WebSite","@id":"http:\/\/limage.com.py\/#website","url":"http:\/\/limage.com.py\/","name":"Limage S.R.L","description":"Tecnologia Medica","potentialAction":[{"@type":"SearchAction","target":{"@type":"EntryPoint","urlTemplate":"http:\/\/limage.com.py\/?s={search_term_string}"},"query-input":"required name=search_term_string"}],"inLanguage":"es-AR"},{"@type":"ImageObject","inLanguage":"es-AR","@id":"https:\/\/limage.com.py\/index.php\/producto\/sp70b\/#primaryimage","url":"https:\/\/limage.com.py\/wp-content\/uploads\/2020\/08\/SP70B.jpg","contentUrl":"https:\/\/limage.com.py\/wp-content\/uploads\/2020\/08\/SP70B.jpg","width":225,"height":225,"caption":"espirometro sp70b"},{"@type":"WebPage","@id":"https:\/\/limage.com.py\/index.php\/producto\/sp70b\/#webpage","url":"https:\/\/limage.com.py\/index.php\/producto\/sp70b\/","name":"SP70B ~ Limage S.R.L","isPartOf":{"@id":"http:\/\/limage.com.py\/#website"},"primaryImageOfPage":{"@id":"https:\/\/limage.com.py\/index.php\/producto\/sp70b\/#primaryimage"},"datePublished":"2020-08-07T02:24:34+00:00","dateModified":"2020-08-07T02:41:31+00:00","breadcrumb":{"@id":"https:\/\/limage.com.py\/index.php\/producto\/sp70b\/#breadcrumb"},"inLanguage":"es-AR","potentialAction":[{"@type":"ReadAction","target":["https:\/\/limage.com.py\/index.php\/producto\/sp70b\/"]}]},{"@type":"BreadcrumbList","@id":"https:\/\/limage.com.py\/index.php\/producto\/sp70b\/#breadcrumb","itemListElement":[{"@type":"ListItem","position":1,"name":"Inicio","item":"http:\/\/limage.com.py\/"},{"@type":"ListItem","position":2,"name":"Productos","item":"http:\/\/limage.com.py\/index.php\/shop\/"},{"@type":"ListItem","position":3,"name":"SP70B"}]}]}},"amp_enabled":true,"_links":{"self":[{"href":"https:\/\/limage.com.py\/index.php\/wp-json\/wp\/v2\/product\/1296"}],"collection":[{"href":"https:\/\/limage.com.py\/index.php\/wp-json\/wp\/v2\/product"}],"about":[{"href":"https:\/\/limage.com.py\/index.php\/wp-json\/wp\/v2\/types\/product"}],"replies":[{"embeddable":true,"href":"https:\/\/limage.com.py\/index.php\/wp-json\/wp\/v2\/comments?post=1296"}],"wp:featuredmedia":[{"embeddable":true,"href":"https:\/\/limage.com.py\/index.php\/wp-json\/wp\/v2\/media\/1298"}],"wp:attachment":[{"href":"https:\/\/limage.com.py\/index.php\/wp-json\/wp\/v2\/media?parent=1296"}],"curies":[{"name":"wp","href":"https:\/\/api.w.org\/{rel}","templated":true}]}}